{"id":4626,"date":"2022-11-14T14:27:28","date_gmt":"2022-11-14T13:27:28","guid":{"rendered":"https:\/\/antcube.shop\/produkt\/bundle-offer-starter-set-kork-camponotus-nicobarensis-cricket-jam\/"},"modified":"2026-04-03T17:08:06","modified_gmt":"2026-04-03T15:08:06","slug":"bundle-offerta-starter-set-kork-camponotus-nicobarensis-cricket-jam","status":"publish","type":"product","link":"https:\/\/antcube.shop\/it\/prodotto\/bundle-offerta-starter-set-kork-camponotus-nicobarensis-cricket-jam\/","title":{"rendered":"Offerta pacchetto - Camponotus nicobarensis"},"content":{"rendered":"<p><span data-text-color=\"secondary\"><strong>Offerta combinata con una colonia di formiche Camponotus nicobarensis (regina + 5-10 operaie + covata), un kit di avvio in sughero, 2 cuscinetti per formicario, una confezione di ricarica di miscela di melata da 10 ml e un barattolo della nostra speciale marmellata di grilli da 25 g (proteine umide).<\/strong><\/span><\/p>\n<p><span data-text-color=\"alert\"><strong>Solo fino a esaurimento scorte.<\/strong><\/span><\/p>\n<p><strong>Tutto ci\u00f2 che serve per una colonia di formiche Camponotus nicobarensis<\/strong><br \/>\nQuesto pacchetto contiene tutto ci\u00f2 che serve per portare avanti con successo una colonia di Camponotus nicobarensis nei primi mesi di vita. \u00c8 espandibile in modo flessibile ed \u00e8 esplicitamente adatto ai principianti nell'allevamento di formiche.<\/p>\n<p><strong>Specie di formica Camponotus nicobarensis<\/strong><br \/>\nCamponotus nicobarensis \u00e8 una specie relativamente grande del genere Camponotus e, a differenza di altre specie di Camponotus, si sviluppa abbastanza rapidamente. \u00c8 quindi molto adatta ai principianti nell'allevamento di formiche. Inoltre, non ha bisogno di andare in letargo e pu\u00f2 quindi essere facilmente osservata in casa in inverno. In natura vive, tra l'altro, nei semideserti e nelle steppe del Sud-est asiatico, ma anche in regioni pi\u00f9 umide. Grazie alla sua vastissima area di distribuzione, \u00e8 tollerante alla temperatura e all'umidit\u00e0.<\/p>\n<p><strong>Cibo per Camponotus nicobarensis<\/strong><br \/>\nIl Camponotus nicobarensis si nutre di acqua e miele e di piccoli insetti vivi o morti, ma anche la frutta \u00e8 prontamente accettata. In alternativa agli insetti si possono somministrare anche i nostri alimenti sostitutivi delle proteine. Tuttavia, le proteine \"fresche\" come la nostra marmellata di grilli sono migliori per lo sviluppo della colonia. \u00c8 opportuno fornire anche acqua fresca.<\/p>\n<p><strong>Formicario per Camponotus nicobarensis<\/strong><br \/>\nIl Camponotus nicobarensis viene allevato al meglio nei nostri Starter Sets L con inserto per nido in sughero. Questi animali vivono in natura, di solito in legno marcio, ma sono felici di utilizzare qualsiasi forma di cavit\u00e0 naturale per costruire il loro nido. I nostri inserti per nidi in sughero sono i pi\u00f9 adatti per l'allevamento in formicario, data la loro somiglianza con il legno marcio.<\/p>\n<p><strong>Contenuti:<\/strong><br \/>\n1x Camponotus nicobarensis (regina + 5-10 operaie + covata)<\/p>\n<div>1x Marmellata di grilli 25g<\/div>\n<div>1x Miscela di meloni (HT) - confezione di ricarica da 10 ml<\/div>\n<div>1x Base per formicaio - 20x20cm<\/div>\n<div>1x Base per formicaio - 20x6cm<\/div>\n<div><\/div>\n<div>1x ANTCUBO - Arena 20x20x10 - piatto<\/div>\n<div>1x formica arena telaio 20\u00d720<\/div>\n<div>1x copertura dell'arena delle formiche 20\u00d720<\/div>\n<div>4 punti di fissaggio per la copertura dell'arena<\/div>\n<div>1x ANTCUBE - Formicaio - L - 20\u00d720 - verticale<\/div>\n<div><\/div>\n<div>1x ANTCUBO - nido di sughero 20\u00d720 - verticale<\/div>\n<div>1x tubo da 0,5 m trasparente 20\/16 mm<\/div>\n<div>1x ANTCUBE - Foglio rosso 20\u00d720 - filtro<\/div>\n<div>1x clip adesive - trasparenti 2 pezzi.<\/div>\n<div>1x substrato - sabbia-argilla beige - 1000g<\/div>\n<div><\/div>\n<div>2x Grid insert acrylic &#8211; 50 mm with sealing ring<\/div>\n<div>1x Grid insert acrylic &#8211; 27 mm with sealing ring<\/div>\n<div>1x Cappello a griglia - 16 mm - acciaio inox<\/div>\n<div><\/div>\n<div>1x connettore tubo serbatoio 27-14,16,20 mm - trasparente<\/div>\n<div>1x Foil thermometer &#8211; farm<\/div>\n<div>1x Foil thermometer Display<\/div>\n<div>1x drinking clear 5ml &#8211; sponge<\/div>\n<div>1x Feeding dish white rectangle &#8211; 3 compartments<\/div>\n<div>1x Drinking trough 2ml &#8211; 360 Degrees<\/div>\n<div>1x Olio protettivo per formiche 10ml<\/div>\n<div>1x Pinzette in acciaio per molle - larghe - morbide<\/div>\n<div>1x Pinzetta in plastica trasparente<\/div>\n<div>1x pipetta di plastica 3ml<\/div>\n<div>1x lente d'ingrandimento manuale - 2x - 30mm<\/div>\n<div>1x tergicristallo in schiuma 150x18x2,5mm<\/div>\n<p><strong>Descrizione Set iniziale:<\/strong><br \/>\nQuesto set di partenza in sughero, con corridoi e camere prefabbricate, \u00e8 adatto a varie specie di formiche, soprattutto a quelle che nidificano nel legno (morto).<\/p>\n<p>L'\"ANTCUBE - Nido di sughero\" pu\u00f2 essere inserito nella fattoria completamente trasparente. In alternativa, \u00e8 possibile utilizzare il substrato \"Sand-clay beige\" per riempire la fattoria o per chiudere alcune delle camere del nido di sughero. Se necessario, \u00e8 possibile collegare altri moduli attraverso i fori da 50 mm del coperchio, ad esempio nebulizzatori, ventilatori o luci disponibili separatamente. In alternativa, sono inclusi nella fornitura gli inserti a griglia e i tappi per formicarium adatti a chiudere le aperture. Se lo si desidera, il formicarium pu\u00f2 essere utilizzato anche aperto, semplicemente posizionando il telaio rimovibile sulla parte superiore e applicando l'olio protettivo per le formiche sul bordo.<\/p>\n<p><strong>Importante:<\/strong> Inumidire il substrato prima dell'uso, in modo che la miscela possa legarsi e fare presa sul formicaio. Inoltre, se il substrato \u00e8 troppo secco e polveroso, le vie respiratorie delle formiche potrebbero ostruirsi e, nel peggiore dei casi, gli animali potrebbero soffocare.<\/p>\n<p><strong>Raccomandazione:<\/strong> Si consiglia uno strato di substrato di 2 mm di altezza, in modo che gli animali non possano scavare nell'arena e utilizzino invece l'apposita fattoria.<\/p>\n<p><strong>Note sulla produzione del vetro<\/strong><br \/>\nIl vetro viene tagliato a misura secondo la norma DIN 1249 con una tolleranza di +\/- 1 mm. Per le specie di formiche estremamente piccole \u00e8 indispensabile un'ulteriore protezione antisfondamento.<\/p>\n<p><strong>Note sulla fattoria<\/strong><br \/>\nIl nido deve essere utilizzato solo in un formicaio asciutto. Se il nido viene mantenuto costantemente umido, il materiale pu\u00f2 ammuffire.<\/p>\n<p><strong>Quando si attaccano o si rimuovono i tubi, si prega di notare quanto segue:<\/strong><br \/>\nSe il tubo risulta molto difficile da inserire nel raccordo, \u00e8 necessario strofinare leggermente il raccordo con una goccia del nostro olio o polvere anti-scoppio. Il tubo deve quindi essere spinto sul raccordo con movimenti di rotazione o di avvitamento, senza sforzare il raccordo con movimenti su e gi\u00f9. Lo stesso vale quando si rimuovono i tubi dal raccordo dell'azienda agricola. Non tiratelo semplicemente!<\/p>\n<p><strong>Istruzioni: <\/strong>(Versione 2023, la versione aggiornata per il 2024 sar\u00e0 disponibile al pi\u00f9 tardi entro il 04\/2024)<br \/>\n<span data-sheets-root=\"1\" data-sheets-value=\"{&quot;1&quot;:2,&quot;2&quot;:&quot;DE Gebrauchsanweisung Starter Set Kork (PDF 3,80 MB)&quot;}\" data-sheets-userformat=\"{&quot;2&quot;:513,&quot;3&quot;:{&quot;1&quot;:0},&quot;12&quot;:0}\" data-sheets-hyperlink=\"https:\/\/www.antstore.net\/shop\/images\/info\/de\/Gebrauchsanweisung Starter Set Kork.pdf\" data-sheets-hyperlinkruns=\"{&quot;1&quot;:3,&quot;2&quot;:&quot;https:\/\/www.antstore.net\/shop\/images\/info\/de\/Gebrauchsanweisung Starter Set Kork.pdf&quot;}\uee10{&quot;1&quot;:38}\"><a class=\"in-cell-link\" href=\"https:\/\/www.antstore.net\/shop\/images\/info\/de\/Gebrauchsanweisung Starter Set Kork.pdf\" target=\"_blank\" rel=\"noopener\">- DE <\/a><a class=\"in-cell-link\" href=\"https:\/\/www.antstore.net\/shop\/images\/info\/de\/Gebrauchsanweisung Starter Set Kork.pdf\" target=\"_blank\" rel=\"noopener\">Gebrauchsanweisung Starter Set Kork<\/a><a class=\"in-cell-link\" href=\"https:\/\/www.antstore.net\/shop\/images\/info\/de\/Gebrauchsanweisung Starter Set Kork.pdf\" target=\"_blank\" rel=\"noopener\"> (PDF 3,80 MB)<\/a><\/span><br \/>\n<a href=\"https:\/\/www.antstore.net\/shop\/images\/info\/en\/Instructions%20for%20use%20-%20Starter%20Set%20Cork.pdf\">- IT Istruzioni per l'uso - Starter Set Cork (PDF 3,79 MB)<\/a><br \/>\n<a href=\"https:\/\/www.antstore.net\/shop\/images\/info\/es\/Manual%20de%20instrucciones%20-%20Set%20de%20inicio%20de%20corcho.pdf\">- ES Manuale d'istruzioni - Set de inicio de corcho (PDF 3,79 MB)<\/a><br \/>\n<a href=\"https:\/\/www.antstore.net\/shop\/images\/info\/fr\/Manuel%20d'instruction%20-%20Kit%20de%20d%C3%A9marrage%20en%20li%C3%A8ge.pdf\">- FR Istruzioni per l'uso - Kit di smontaggio in legno (PDF 3,79 MB)<\/a><\/p>\n<p><strong>Note sulla marmellata di grilli:<\/strong><br \/>\nLa nostra marmellata di grilli \u00e8 un modo semplice per fornire alle formiche cibo proteico appena conservato senza dover somministrare insetti vivi. I grilli contenuti (Acheta domesticus) sono stati cotti delicatamente per garantire la conservazione dei valori nutrizionali, del gusto e dell'aroma. Inoltre, l'involucro chitinoso degli insetti viene ammorbidito in modo da poter essere digerito pi\u00f9 facilmente. I legami delle proteine del collagene vengono spezzati in modo che le formiche possano utilizzarli meglio. L'Acheta domesticus in scatola ha lo stesso valore nutrizionale dei grilli vivi, ma \u00e8 pi\u00f9 facile da digerire.<\/p>\n<p>Il Cricket Jam non \u00e8 adatto per cacciare specie di formiche che richiedono cibo vivo (ad esempio, ponerini (grandi formiche) come Harpegnathos o Odontomachus).<\/p>\n<p><strong>Ulteriori vantaggi:<\/strong><br \/>\nGaranzia di assenza di acari<br \/>\nPu\u00f2 essere porzionato e diluito con acqua<br \/>\nSterilizzati e confezionati sottovuoto<br \/>\nSenza additivi<br \/>\nGrilli provenienti da allevamenti sostenibili puramente biologici, alimentati con rifiuti organici<\/p>\n<p><strong>Nota:<\/strong><br \/>\nSi conserva in frigorifero per circa quattro giorni dopo l'apertura. Si conserva pi\u00f9 a lungo se congelato.<br \/>\n<strong>Attenzione:<\/strong> Prima porzionare, poi congelare.<\/p>\n<p><strong>Nota sulla melata:<\/strong><br \/>\nContenuto: 10 ml<br \/>\nSi tratta di un prodotto naturale, che abbiamo perfezionato dopo approfonditi test nel nostro laboratorio e sviluppato in un alimento molto ben accettato dalle formiche. Il motivo \u00e8 che il miele di melata non trasformato nella sua forma originale concentrata non \u00e8 ben accettato dalle formiche e dal loro metabolismo.<br \/>\nLa nostra melata \u00e8 stata raccolta nelle incontaminate foreste selvatiche di montagna della Bulgaria. La melata viene prodotta solo per un periodo molto limitato, circa due mesi in estate. \u00c8 quindi molto rara. Grazie alle caratteristiche specifiche del suolo delle foreste e al clima, le sostanze nutritive essenziali vengono immagazzinate nelle foglie degli alberi e assorbite dagli afidi. \u00c8 questo che rende la miscela di melata cos\u00ec appetibile per le formiche.<\/p>\n<p><strong>Applicazione:<\/strong><br \/>\nLa quantit\u00e0 di cibo deve essere consumata entro circa 3 giorni.<\/p>\n<p><strong>Descrizione:<\/strong><br \/>\nLa melata, a differenza del miele di fiori, si ottiene dalle secrezioni di insetti che succhiano le piante, come gli afidi. La melata \u00e8 una fonte di cibo popolare per molti insetti come formiche, api e bombi. Api e bombi la leccano dalle foglie o dagli aghi di vari alberi. Le formiche, come il Lasius niger, fanno letteralmente incetta di afidi. Li difendono persino dai predatori e li trasportano sui germogli freschi.<\/p>\n<p>La melata \u00e8 particolarmente apprezzata dalle formiche per i suoi componenti un po' diversi. Gli zuccheri principali della melata sono il saccarosio e il fruttosio, ma si trovano anche quantit\u00e0 minori di maltosio, trealosio, melezitosio, raffinosio e altri oligosaccaridi. Oltre allo zucchero e all'acqua, la melata contiene anche aminoacidi essenziali, minerali, oligoelementi, adenosine, fosfati e altri ingredienti come le vitamine.<\/p>\n<p><strong>Utilizzare:<\/strong><br \/>\nPer le specie di formiche mangiatrici di miele (Meliphagidae)<br \/>\nSi tratta di un mangime supplementare<br \/>\nPu\u00f2 essere offerto agli animali cos\u00ec come viene fornito. Poich\u00e9 la concentrazione di zucchero viene ridotta dall'umidit\u00e0 e inizia un processo di fermentazione, il mangime deve essere sostituito ogni 3 giorni. Pulire accuratamente la ciotola o la provetta prima di riutilizzarla.<br \/>\nUna volta aperta, la confezione deve essere conservata ben chiusa fino alla data di scadenza.<\/p>\n<p><strong>Informazioni nutrizionali per 100 g:<\/strong><br \/>\ncirca 2,7 grassi %<br \/>\ndi cui saturi circa 0,45 %<br \/>\ncirca 95 carboidrati %<br \/>\ndi cui zucchero circa 71<br \/>\ncirca 2,85% di proteine<br \/>\nMinerali (potassio, calcio, rame, ferro, sodio, magnesio, fosforo, zinco e altri oligoelementi) Aminoacidi (prolina, leucina, fenilalanina, alanina, istidina, isoleucina, acido glutammico, arginina, acido aspartico, ecc.) Acidi organici Enzimi (fermenti) Aromi Inibitori (sostanze antibatteriche) Fiori Polline<\/p>\n<p><strong>Stoccaggio:<\/strong><br \/>\nPer garantire la qualit\u00e0 del mangime, \u00e8 necessario conservarlo in un luogo buio e asciutto.<\/p>\n<p><strong>Nota:<\/strong><br \/>\nMangime complementare per formiche mangiatrici di miele.<br \/>\nPer la composizione, gli ingredienti analitici, la data di scadenza e il numero di lotto, consultare il foglietto illustrativo.<\/p>\n<p>Numero verde per informazioni +49 30 439703870<\/p>\n<p>Ispettorato veterinario e alimentare responsabile:<br \/>\nUfficio veterinario Steglitz<br \/>\nVia K\u00f6nigin-Luise 92<br \/>\n14195 Berlino<\/p>","protected":false},"excerpt":{"rendered":"<p>Il set \u00e8 composto da 33 parti<br \/>\nDimensioni: <span style=\"color: #0000ff;\"><strong>L<\/strong><\/span><\/p>","protected":false},"featured_media":7121,"comment_status":"open","ping_status":"closed","template":"","meta":{"_acf_changed":false,"content-type":"","_monsterinsights_skip_tracking":false,"_monsterinsights_sitenote_active":false,"_monsterinsights_sitenote_note":"","_monsterinsights_sitenote_category":0},"product_brand":[],"product_cat":[355,73,76,89],"product_tag":[],"class_list":{"0":"post-4626","1":"product","2":"type-product","3":"status-publish","4":"has-post-thumbnail","6":"product_cat-bundle-offers","7":"product_cat-starter-sets","8":"product_cat-starter-sets-cork","9":"product_cat-cork","11":"first","12":"instock","13":"taxable","14":"shipping-taxable","15":"purchasable","16":"product-type-simple"},"acf":[],"aioseo_notices":[],"jetpack_sharing_enabled":true,"_links":{"self":[{"href":"https:\/\/antcube.shop\/it\/wp-json\/wp\/v2\/product\/4626","targetHints":{"allow":["GET"]}}],"collection":[{"href":"https:\/\/antcube.shop\/it\/wp-json\/wp\/v2\/product"}],"about":[{"href":"https:\/\/antcube.shop\/it\/wp-json\/wp\/v2\/types\/product"}],"replies":[{"embeddable":true,"href":"https:\/\/antcube.shop\/it\/wp-json\/wp\/v2\/comments?post=4626"}],"wp:featuredmedia":[{"embeddable":true,"href":"https:\/\/antcube.shop\/it\/wp-json\/wp\/v2\/media\/7121"}],"wp:attachment":[{"href":"https:\/\/antcube.shop\/it\/wp-json\/wp\/v2\/media?parent=4626"}],"wp:term":[{"taxonomy":"product_brand","embeddable":true,"href":"https:\/\/antcube.shop\/it\/wp-json\/wp\/v2\/product_brand?post=4626"},{"taxonomy":"product_cat","embeddable":true,"href":"https:\/\/antcube.shop\/it\/wp-json\/wp\/v2\/product_cat?post=4626"},{"taxonomy":"product_tag","embeddable":true,"href":"https:\/\/antcube.shop\/it\/wp-json\/wp\/v2\/product_tag?post=4626"}],"curies":[{"name":"wp","href":"https:\/\/api.w.org\/{rel}","templated":true}]}}