{"id":4625,"date":"2022-11-14T14:21:09","date_gmt":"2022-11-14T13:21:09","guid":{"rendered":"https:\/\/antcube.shop\/produkt\/acrylglas-xt-rohr-50-46mm-1m\/"},"modified":"2026-04-20T09:58:13","modified_gmt":"2026-04-20T07:58:13","slug":"acrylic-xt-tube-50-46mm-1m","status":"publish","type":"product","link":"https:\/\/antcube.shop\/it\/prodotto\/acrylic-xt-tube-50-46mm-1m\/","title":{"rendered":"Tubo di formica - cristallino - 50 mm - 1 m"},"content":{"rendered":"<p><strong>Dimensioni:<\/strong> diametro esterno 50 mm, lunghezza: 1 m<\/p>\n<p><strong>Materiale:<\/strong> vetro acrilico<\/p>\n<p><strong>Colore:<\/strong> trasparente, chiaro<\/p>\n<p><strong>Descrizione:<\/strong> Pu\u00f2 essere collegato al formicario tramite adattatori o collegare pi\u00f9 formicari insieme.<\/p>\n<p><strong>Nota:<\/strong> Per motivi di imballaggio, i tubi da 1 metro possono essere tagliati a met\u00e0 e, a scelta, ordinati con un pezzo di tubo corrispondente. Se si desidera che i tubi vengano consegnati in ogni caso come tubi da 1 metro, questo deve essere selezionato come extra.<\/p>","protected":false},"excerpt":{"rendered":"<p>Dimensioni: diametro esterno 50 mm, lunghezza: 1m Materiale: vetro acrilico Colore: trasparente, chiaro Descrizione: Pu\u00f2 essere collegato al formicario tramite adattatori o collegare pi\u00f9 formicari insieme. Nota: per motivi di imballaggio, i tubi da 1 metro possono essere tagliati a met\u00e0 e, a scelta, ordinati con un pezzo di tubo corrispondente. Se si desidera avere il","protected":false},"featured_media":5122,"comment_status":"open","ping_status":"closed","template":"","meta":{"_acf_changed":false,"content-type":"","_monsterinsights_skip_tracking":false,"_monsterinsights_sitenote_active":false,"_monsterinsights_sitenote_note":"","_monsterinsights_sitenote_category":0},"product_brand":[],"product_cat":[119,120],"product_tag":[],"class_list":{"0":"post-4625","1":"product","2":"type-product","3":"status-publish","4":"has-post-thumbnail","6":"product_cat-formicarium-components","7":"product_cat-hoses","9":"first","10":"instock","11":"taxable","12":"shipping-taxable","13":"purchasable","14":"product-type-simple"},"acf":[],"aioseo_notices":[],"jetpack_sharing_enabled":true,"_links":{"self":[{"href":"https:\/\/antcube.shop\/it\/wp-json\/wp\/v2\/product\/4625","targetHints":{"allow":["GET"]}}],"collection":[{"href":"https:\/\/antcube.shop\/it\/wp-json\/wp\/v2\/product"}],"about":[{"href":"https:\/\/antcube.shop\/it\/wp-json\/wp\/v2\/types\/product"}],"replies":[{"embeddable":true,"href":"https:\/\/antcube.shop\/it\/wp-json\/wp\/v2\/comments?post=4625"}],"wp:featuredmedia":[{"embeddable":true,"href":"https:\/\/antcube.shop\/it\/wp-json\/wp\/v2\/media\/5122"}],"wp:attachment":[{"href":"https:\/\/antcube.shop\/it\/wp-json\/wp\/v2\/media?parent=4625"}],"wp:term":[{"taxonomy":"product_brand","embeddable":true,"href":"https:\/\/antcube.shop\/it\/wp-json\/wp\/v2\/product_brand?post=4625"},{"taxonomy":"product_cat","embeddable":true,"href":"https:\/\/antcube.shop\/it\/wp-json\/wp\/v2\/product_cat?post=4625"},{"taxonomy":"product_tag","embeddable":true,"href":"https:\/\/antcube.shop\/it\/wp-json\/wp\/v2\/product_tag?post=4625"}],"curies":[{"name":"wp","href":"https:\/\/api.w.org\/{rel}","templated":true}]}}