{"id":4613,"date":"2022-11-01T18:09:28","date_gmt":"2022-11-01T17:09:28","guid":{"rendered":"https:\/\/antcube.shop\/produkt\/antcube-starter-set-vivarium-30x30x30-cube\/"},"modified":"2026-04-01T11:20:15","modified_gmt":"2026-04-01T09:20:15","slug":"vivario-plantcube-20x20x20-biom","status":"publish","type":"product","link":"https:\/\/antcube.shop\/it\/prodotto\/vivario-plantcube-20x20x20-biom\/","title":{"rendered":"PLANTCUBE - Vivarium 20x20x20 Biom"},"content":{"rendered":"<p><b>Contenuti:<\/b><b><br \/>\n<\/b><span style=\"font-weight: 400;\">1x PLANTCUBE Vivarium 20x20x20 Biom<\/span><span style=\"font-weight: 400;\"><br \/>\n<\/span><span style=\"font-weight: 400;\">2x tappi per foro da 10 mm<\/span><\/p>\n<p><span style=\"font-weight: 400;\">Cubo di vetro 20x20x20cm con 2x fori laterali da 27mm e 2x fori laterali da 10mm<\/span><span style=\"font-weight: 400;\"><br \/>\n<\/span><span style=\"font-weight: 400;\">Il foro da 27 mm (punto centrale) si trova a 8,5 cm di altezza.\u00a0<\/span><\/p>\n<p><b>Dimensioni:<\/b><span style=\"font-weight: 400;\"> 200 x 200 x 200 mm; spessore del vetro 4 mm<\/span><\/p>\n<p><b>Materiale:<\/b><span style=\"font-weight: 400;\"> vetro float<\/span><\/p>\n<p><b>Aperture laterali:<\/b><b><br \/>\n<\/b><span style=\"font-weight: 400;\">2x foro 27 mm<\/span><span style=\"font-weight: 400;\"><br \/>\n<\/span><span style=\"font-weight: 400;\">2x foro 10 mm<\/span><\/p>\n<p><span style=\"font-weight: 400;\">Con i nostri Vivari PLANTCUBE potete progettare la vostra opera d'arte vivente per il vostro salotto. In un PLANTCUBE si possono tenere anche piccoli animali, quindi non c'\u00e8 limite alla creativit\u00e0.<\/span><\/p>\n<p><span style=\"font-weight: 400;\">Per saperne di pi\u00f9 su PLANTCUBE o per leggere la nostra guida passo passo all'allestimento del vivarium, visitate il seguente link: <a href=\"http:\/\/antcube.shop\/PLANTCUBE\">antcube.shop\/PLANTCUBE<\/a><\/span><\/p>\n<p><b>Personalizzate il PLANTCUBE in base alle vostre esigenze o a quelle delle vostre piante e dei vostri animali:<\/b><\/p>\n<p><span style=\"font-weight: 400;\">I due fori da 10 mm sul lato, situati a 2 cm di altezza (al centro) dal fondo, servono a drenare l'acqua in eccesso. Ad esempio, \u00e8 possibile utilizzare il nostro tubo flessibile trasparente da 10\/06 mm per drenare l'acqua. I due fori da 27 mm possono essere chiusi tramite tappi o servire come ventilazione aggiuntiva se dotati di inserti a griglia. Si possono anche collegare due allestimenti tramite un tubo acrilico. In questo modo, se tenete degli animali all'interno del vostro vivarium, questi possono spostarsi liberamente da un allestimento all'altro.<\/span><\/p>\n<p><b>Come trasformare il PLANTCUBE in un ecosistema bioattivo:<\/b><\/p>\n<p><b>Creare uno strato di drenaggio:<\/b><\/p>\n<p><span style=\"font-weight: 400;\">Per sostenere le piante \u00e8 necessario creare uno strato drenante all'interno del viverario. Vi consigliamo di utilizzare 2-3 cm di granuli di argilla (4-8 mm) perch\u00e9 sono leggeri. Assicuratevi di lavarli sotto l'acqua corrente prima di inserirli per rimuovere la polvere.\u00a0<\/span><\/p>\n<p><span style=\"font-weight: 400;\">Per separare il drenaggio dal substrato, \u00e8 possibile posizionare un vello drenante sopra i granuli di argilla.<\/span><\/p>\n<p><b>Quali piante e quale terreno utilizzare:<\/b><\/p>\n<p><span style=\"font-weight: 400;\">Tutto dipende dal tipo di \"ecosistema\" che si vuole creare. Se volete costruire un vivarium desertico o piuttosto secco, avrete bisogno di piante che prosperano in quel clima e di utilizzare il terriccio appropriato in cui amano crescere. Per i Vivarium tropicali vale naturalmente lo stesso discorso. Cercate di utilizzare piante provenienti da regioni e\/o climi simili, in modo che si trovino bene nello stesso tipo di terreno e clima. Un buon negozio di piante dovrebbe sempre avere informazioni sul clima e sul terreno adatto alle piante che vende.<\/span><\/p>\n<p><b>Importante:<\/b><span style=\"font-weight: 400;\"> Se si desidera tenere insieme piante e animali, non bisogna mai utilizzare piante che non si sa se siano entrate in contatto con fertilizzanti o pesticidi. Utilizzate solo piante provenienti da negozi di terrari o simili che garantiscano la totale assenza di pesticidi e fertilizzanti. Questi ultimi, infatti, possono causare la morte degli animali.<\/span><\/p>\n<p><b>Introducete una \"squadra di pulizia\" per rendere il vostro Vivarium Bioattivo<\/b><\/p>\n<p><b>Che cos'\u00e8 la bioattivit\u00e0? <\/b><span style=\"font-weight: 400;\">Che cos'\u00e8 la bioattivit\u00e0? \u00c8 quanto di pi\u00f9 vicino a un allestimento autosufficiente. Si tratta di aggiungere la miscela di terriccio e materiale organico appropriata per la formazione della microflora e della microfauna necessaria per creare un ciclo nutritivo nel viverario.<\/span><\/p>\n<p><span style=\"font-weight: 400;\">Il nostro consiglio: aggiungete sempre piccole creature come le code a molla e gli isopodi. Questi non sono solo una buona fonte di cibo \"infinita\", se volete tenere altri animali nel vostro vivarium. Si nutrono soprattutto delle muffe che si formano a causa dell'elevata umidit\u00e0 e arricchiscono il terreno di sostanze nutritive, che a loro volta permettono alle piante di crescere in modo sano.<\/span><\/p>\n<p><span style=\"font-weight: 400;\">Aggiungete un po' di carbone nel terreno, che aiuta i microbi a colonizzarlo. Il muschio e la corteccia di sughero o il legno bianco marcio, oltre alla lettiera di foglie, non solo hanno un aspetto naturale nell'allestimento, ma nutrono anche la vostra \"squadra di pulizia\", le forniscono nascondigli e luoghi di riproduzione e sono facili da scomporre in sostanze nutritive per le vostre piante.<\/span><\/p>\n<p><b>In natura tutto si basa sull'equilibrio<\/b><\/p>\n<p><span style=\"font-weight: 400;\">Tuttavia, non \u00e8 consigliabile utilizzare alcune specie di isopodi senza aggiungere nulla che li cacci, poich\u00e9 una popolazione di isopodi senza predatori come le formiche, ad esempio, ama sfuggire di mano e le piante del viverario diventano rapidamente una fonte di cibo indesiderata. In natura tutto si basa sull'equilibrio.<\/span><\/p>\n<p><b>Ulteriori informazioni:<\/b><\/p>\n<p><span style=\"font-weight: 400;\">Il vetro \u00e8 tagliato secondo la norma DIN 1249 con una tolleranza di +\/- 1mm. Per le specie di formiche estremamente piccole, \u00e8 essenziale una protezione supplementare contro lo sfondamento.<\/span><\/p>","protected":false},"excerpt":{"rendered":"<p>Connessione: 2x foro 27 mm<br \/>\n2x foro 10 mm<\/p>","protected":false},"featured_media":12297,"comment_status":"open","ping_status":"closed","template":"","meta":{"_acf_changed":false,"content-type":"","_monsterinsights_skip_tracking":false,"_monsterinsights_sitenote_active":false,"_monsterinsights_sitenote_note":"","_monsterinsights_sitenote_category":0},"product_brand":[483],"product_cat":[341],"product_tag":[],"class_list":{"0":"post-4613","1":"product","2":"type-product","3":"status-publish","4":"has-post-thumbnail","6":"product_brand-plantcube","7":"product_cat-vivariums","9":"first","10":"instock","11":"taxable","12":"shipping-taxable","13":"purchasable","14":"product-type-simple"},"acf":[],"aioseo_notices":[],"jetpack_sharing_enabled":true,"_links":{"self":[{"href":"https:\/\/antcube.shop\/it\/wp-json\/wp\/v2\/product\/4613","targetHints":{"allow":["GET"]}}],"collection":[{"href":"https:\/\/antcube.shop\/it\/wp-json\/wp\/v2\/product"}],"about":[{"href":"https:\/\/antcube.shop\/it\/wp-json\/wp\/v2\/types\/product"}],"replies":[{"embeddable":true,"href":"https:\/\/antcube.shop\/it\/wp-json\/wp\/v2\/comments?post=4613"}],"wp:featuredmedia":[{"embeddable":true,"href":"https:\/\/antcube.shop\/it\/wp-json\/wp\/v2\/media\/12297"}],"wp:attachment":[{"href":"https:\/\/antcube.shop\/it\/wp-json\/wp\/v2\/media?parent=4613"}],"wp:term":[{"taxonomy":"product_brand","embeddable":true,"href":"https:\/\/antcube.shop\/it\/wp-json\/wp\/v2\/product_brand?post=4613"},{"taxonomy":"product_cat","embeddable":true,"href":"https:\/\/antcube.shop\/it\/wp-json\/wp\/v2\/product_cat?post=4613"},{"taxonomy":"product_tag","embeddable":true,"href":"https:\/\/antcube.shop\/it\/wp-json\/wp\/v2\/product_tag?post=4613"}],"curies":[{"name":"wp","href":"https:\/\/api.w.org\/{rel}","templated":true}]}}