{"id":4372,"date":"2022-06-20T09:12:42","date_gmt":"2022-06-20T07:12:42","guid":{"rendered":"https:\/\/antcube.shop\/produkt\/ganze-blanchierte-heimchen\/"},"modified":"2026-04-11T18:28:16","modified_gmt":"2026-04-11T16:28:16","slug":"ganze-blanchierte-heimchen","status":"publish","type":"product","link":"https:\/\/antcube.shop\/it\/prodotto\/ganze-blanchierte-heimchen\/","title":{"rendered":"Grilli interi sbollentati"},"content":{"rendered":"<p><strong>Peso netto:<\/strong> 10 g per vasetto<br \/>\ngrilli di media grandezza sbollentati in pezzi<\/p>\n<p>alimentazione singola<\/p>\n<p><strong>Descrizione:<\/strong><br \/>\nLa nostra marmellata di grilli \u00e8 un modo semplice per fornire alle formiche cibo proteico appena conservato senza dover somministrare insetti vivi. I grilli inclusi (Acheta domesticus) sono stati delicatamente cotti al vapore per garantire la conservazione del valore nutrizionale, del sapore e dell'aroma. Inoltre, l'involucro chitinoso degli insetti viene ammorbidito in questo modo, in modo che possa essere digerito pi\u00f9 facilmente. I composti delle proteine collagene vengono scomposti in modo che le formiche possano utilizzarli meglio. Il pur\u00e8 di Acheta domesticus ha lo stesso valore nutrizionale dei grilli vivi, ma \u00e8 pi\u00f9 facile da digerire. A differenza dei grilli congelati o essiccati, che perdono circa 60% di proteine, le proteine contenute possono essere trasformate in quasi 100%.<\/p>\n<p>I grilli sbollentati non sono adatti alla caccia di specie di formiche che richiedono cibo vivo (ad es. ponerini (formiche primordiali) come Harpegnathos o Odontomachus).<\/p>\n<p><strong>Altri vantaggi:<\/strong><\/p>\n<p>Garantito senza acari<br \/>\nPorzionabile<br \/>\nSterilizzato e sottovuoto<br \/>\nSenza additivi<br \/>\nGrilli provenienti da allevamenti biologici puri e sostenibili, alimentati con rifiuti organici<\/p>\n<p><strong>Informazioni nutrizionali:<\/strong><br \/>\nProteina grezza: 20%<br \/>\nGrasso grezzo: 7%<br \/>\nFibra grezza: 22%<br \/>\nCenere: 4%<br \/>\nUmidit\u00e0: 46%<\/p>\n<p><strong>Avviso:<\/strong><br \/>\nUna volta aperto, si conserva per circa quattro giorni in frigorifero. Si conserva pi\u00f9 a lungo se congelato.<br \/>\n<strong>Attenzione:<\/strong> Prima si porziona, poi si congela. Quindi \u00e8 possibile anche un prelievo singolo (IQF).<\/p>","protected":false},"excerpt":{"rendered":"<p>alimentazione singola<\/p>","protected":false},"featured_media":4375,"comment_status":"open","ping_status":"closed","template":"","meta":{"_acf_changed":false,"content-type":"","_monsterinsights_skip_tracking":false,"_monsterinsights_sitenote_active":false,"_monsterinsights_sitenote_note":"","_monsterinsights_sitenote_category":0},"product_brand":[],"product_cat":[257,115,116],"product_tag":[],"class_list":{"0":"post-4372","1":"product","2":"type-product","3":"status-publish","4":"has-post-thumbnail","6":"product_cat-new-innovatve-products","7":"product_cat-food-and-feeding","8":"product_cat-food","10":"first","11":"instock","12":"taxable","13":"shipping-taxable","14":"purchasable","15":"product-type-simple"},"acf":[],"aioseo_notices":[],"jetpack_sharing_enabled":true,"_links":{"self":[{"href":"https:\/\/antcube.shop\/it\/wp-json\/wp\/v2\/product\/4372","targetHints":{"allow":["GET"]}}],"collection":[{"href":"https:\/\/antcube.shop\/it\/wp-json\/wp\/v2\/product"}],"about":[{"href":"https:\/\/antcube.shop\/it\/wp-json\/wp\/v2\/types\/product"}],"replies":[{"embeddable":true,"href":"https:\/\/antcube.shop\/it\/wp-json\/wp\/v2\/comments?post=4372"}],"wp:featuredmedia":[{"embeddable":true,"href":"https:\/\/antcube.shop\/it\/wp-json\/wp\/v2\/media\/4375"}],"wp:attachment":[{"href":"https:\/\/antcube.shop\/it\/wp-json\/wp\/v2\/media?parent=4372"}],"wp:term":[{"taxonomy":"product_brand","embeddable":true,"href":"https:\/\/antcube.shop\/it\/wp-json\/wp\/v2\/product_brand?post=4372"},{"taxonomy":"product_cat","embeddable":true,"href":"https:\/\/antcube.shop\/it\/wp-json\/wp\/v2\/product_cat?post=4372"},{"taxonomy":"product_tag","embeddable":true,"href":"https:\/\/antcube.shop\/it\/wp-json\/wp\/v2\/product_tag?post=4372"}],"curies":[{"name":"wp","href":"https:\/\/api.w.org\/{rel}","templated":true}]}}