{"id":4343,"date":"2022-06-08T14:36:54","date_gmt":"2022-06-08T12:36:54","guid":{"rendered":"https:\/\/antcube.shop\/produkt\/naturbusch-auf-schieferplatte-gros\/"},"modified":"2025-10-19T15:15:12","modified_gmt":"2025-10-19T13:15:12","slug":"naturbusch-auf-schieferplatte-gros-2","status":"publish","type":"product","link":"https:\/\/antcube.shop\/it\/prodotto\/naturbusch-auf-schieferplatte-gros-2\/","title":{"rendered":"Arbusto ornamentale"},"content":{"rendered":"<p>Dimensioni \/ altezza da 17 cm a 19 cm, diametro ~ 10 cm -12 cm, ideale per le arene 30x30x30 cm e oltre.<br \/>\nIl peso varia da 50 a 80 grammi<\/p>\n<p>Articolo decorativo costituito da un arbusto di legno essiccato naturalmente e da una base in resina sintetica (piastra di base).<br \/>\nQuesto arbusto decorativo \u00e8 stato realizzato a mano in Germania ed \u00e8 quindi caratterizzato dalla sostenibilit\u00e0.<\/p>\n<p><strong>ATTENZIONE:<\/strong> Non collocare in formicari molto umidi (con umidit\u00e0 superiore a 60%). Il cespuglio potrebbe ammuffire. Con un'ottima ventilazione, il cespuglio pu\u00f2 essere collocato anche in formicari pi\u00f9 umidi.<\/p>\n<p>Alcuni arbusti ornamentali non si reggono da soli nel formicario a causa dell'altezza. In questo caso, \u00e8 utile coprire un po' la base con del substrato o posizionare il prodotto vicino alle finestre esterne.<\/p>\n<p><span data-text-color=\"alert\"><strong>NOTA IMPORTANTE SULL'ARTICOLO:<\/strong><\/span><br \/>\nTrattandosi di un prodotto naturale\/unico, le immagini qui riportate non sono del tutto identiche all'articolo che riceverete. Ci saranno variazioni nelle dimensioni, nella forma e nel colore del mini albero e della base in ardesia di cava. Garantiamo solo l'altezza massima dell'articolo.<\/p>\n<p>Ordinando questo articolo, l'utente accetta e acconsente alle possibili variazioni del prodotto nelle dimensioni, nella forma e nel colore al momento dell'acquisto.<\/p>","protected":false},"excerpt":{"rendered":"<p>Dimensioni: 17-19 cm di altezza<\/p>","protected":false},"featured_media":6380,"comment_status":"open","ping_status":"closed","template":"","meta":{"_acf_changed":false,"content-type":"","_monsterinsights_skip_tracking":false,"_monsterinsights_sitenote_active":false,"_monsterinsights_sitenote_note":"","_monsterinsights_sitenote_category":0},"product_brand":[],"product_cat":[99,101,102],"product_tag":[],"class_list":{"0":"post-4343","1":"product","2":"type-product","3":"status-publish","4":"has-post-thumbnail","6":"product_cat-desert","7":"product_cat-forest","8":"product_cat-meadow","10":"first","11":"outofstock","12":"taxable","13":"shipping-taxable","14":"purchasable","15":"product-type-simple"},"acf":[],"aioseo_notices":[],"jetpack_sharing_enabled":true,"_links":{"self":[{"href":"https:\/\/antcube.shop\/it\/wp-json\/wp\/v2\/product\/4343","targetHints":{"allow":["GET"]}}],"collection":[{"href":"https:\/\/antcube.shop\/it\/wp-json\/wp\/v2\/product"}],"about":[{"href":"https:\/\/antcube.shop\/it\/wp-json\/wp\/v2\/types\/product"}],"replies":[{"embeddable":true,"href":"https:\/\/antcube.shop\/it\/wp-json\/wp\/v2\/comments?post=4343"}],"wp:featuredmedia":[{"embeddable":true,"href":"https:\/\/antcube.shop\/it\/wp-json\/wp\/v2\/media\/6380"}],"wp:attachment":[{"href":"https:\/\/antcube.shop\/it\/wp-json\/wp\/v2\/media?parent=4343"}],"wp:term":[{"taxonomy":"product_brand","embeddable":true,"href":"https:\/\/antcube.shop\/it\/wp-json\/wp\/v2\/product_brand?post=4343"},{"taxonomy":"product_cat","embeddable":true,"href":"https:\/\/antcube.shop\/it\/wp-json\/wp\/v2\/product_cat?post=4343"},{"taxonomy":"product_tag","embeddable":true,"href":"https:\/\/antcube.shop\/it\/wp-json\/wp\/v2\/product_tag?post=4343"}],"curies":[{"name":"wp","href":"https:\/\/api.w.org\/{rel}","templated":true}]}}