{"id":4342,"date":"2022-06-08T14:36:40","date_gmt":"2022-06-08T12:36:40","guid":{"rendered":"https:\/\/antcube.shop\/produkt\/naturbusch-auf-schieferplatte-klein\/"},"modified":"2026-04-16T19:23:17","modified_gmt":"2026-04-16T17:23:17","slug":"naturbusch-auf-schieferplatte-klein","status":"publish","type":"product","link":"https:\/\/antcube.shop\/it\/prodotto\/naturbusch-auf-schieferplatte-klein\/","title":{"rendered":"Cespuglio naturale su ardesia - Piccolo"},"content":{"rendered":"<p>Dimensioni\/altezza fino a 9 cm, ideale per le arene 20x20x10 cm.<br \/>\nIl peso varia da 200 a 600 grammi<\/p>\n<p>Articolo decorativo costituito da componenti puramente naturali, da un cespuglio di legno essiccato e da una lastra di ardesia (piastra di base). Entrambi prodotti naturali non trattati.<br \/>\nQuesto mini albero \u00e8 stato realizzato a mano in Germania ed \u00e8 quindi caratterizzato dalla sostenibilit\u00e0.<\/p>\n<p><strong>ATTENZIONE:<\/strong> Non collocare in formica molto umida (umidit\u00e0 superiore a 60%). Il cespuglio potrebbe iniziare ad ammuffire. Con un'ottima ventilazione, il cespuglio pu\u00f2 essere collocato in formicari pi\u00f9 umidi.<\/p>\n<p><strong>NOTA IMPORTANTE SULL'ARTICOLO:<\/strong><br \/>\nTrattandosi di un prodotto naturale\/unico, le immagini qui riportate non sono del tutto identiche all'articolo che riceverete. Ci saranno variazioni nelle dimensioni, nella forma e nel colore del mini albero e della base in ardesia di cava. Garantiamo solo l'altezza massima dell'articolo.<\/p>\n<p>Ordinando questo articolo, l'utente accetta e acconsente alle possibili variazioni del prodotto nelle dimensioni, nella forma e nel colore al momento dell'acquisto.<\/p>","protected":false},"excerpt":{"rendered":"<p>Dimensioni: 18x15x9<\/p>","protected":false},"featured_media":4355,"comment_status":"open","ping_status":"closed","template":"","meta":{"_acf_changed":false,"content-type":"","_monsterinsights_skip_tracking":false,"_monsterinsights_sitenote_active":false,"_monsterinsights_sitenote_note":"","_monsterinsights_sitenote_category":0},"product_brand":[],"product_cat":[99,101,102],"product_tag":[],"class_list":{"0":"post-4342","1":"product","2":"type-product","3":"status-publish","4":"has-post-thumbnail","6":"product_cat-desert","7":"product_cat-forest","8":"product_cat-meadow","10":"first","11":"instock","12":"taxable","13":"shipping-taxable","14":"purchasable","15":"product-type-simple"},"acf":[],"aioseo_notices":[],"jetpack_sharing_enabled":true,"_links":{"self":[{"href":"https:\/\/antcube.shop\/it\/wp-json\/wp\/v2\/product\/4342","targetHints":{"allow":["GET"]}}],"collection":[{"href":"https:\/\/antcube.shop\/it\/wp-json\/wp\/v2\/product"}],"about":[{"href":"https:\/\/antcube.shop\/it\/wp-json\/wp\/v2\/types\/product"}],"replies":[{"embeddable":true,"href":"https:\/\/antcube.shop\/it\/wp-json\/wp\/v2\/comments?post=4342"}],"wp:featuredmedia":[{"embeddable":true,"href":"https:\/\/antcube.shop\/it\/wp-json\/wp\/v2\/media\/4355"}],"wp:attachment":[{"href":"https:\/\/antcube.shop\/it\/wp-json\/wp\/v2\/media?parent=4342"}],"wp:term":[{"taxonomy":"product_brand","embeddable":true,"href":"https:\/\/antcube.shop\/it\/wp-json\/wp\/v2\/product_brand?post=4342"},{"taxonomy":"product_cat","embeddable":true,"href":"https:\/\/antcube.shop\/it\/wp-json\/wp\/v2\/product_cat?post=4342"},{"taxonomy":"product_tag","embeddable":true,"href":"https:\/\/antcube.shop\/it\/wp-json\/wp\/v2\/product_tag?post=4342"}],"curies":[{"name":"wp","href":"https:\/\/api.w.org\/{rel}","templated":true}]}}