{"id":4258,"date":"2022-04-28T14:00:36","date_gmt":"2022-04-28T12:00:36","guid":{"rendered":"https:\/\/antcube.shop\/produkt\/ameisen-inkubator\/"},"modified":"2026-04-09T15:04:51","modified_gmt":"2026-04-09T13:04:51","slug":"ameisen-inkubator","status":"publish","type":"product","link":"https:\/\/antcube.shop\/it\/prodotto\/ameisen-inkubator\/","title":{"rendered":"Incubatrice per formiche"},"content":{"rendered":"<p><strong>Dimensioni:\u00a0<\/strong>Dimensioni dell'unit\u00e0: 40\u00d739,5\u00d748 cm; interno: 32\u00d722,5\u00d737 cm<\/p>\n<p><strong>Colore:<\/strong> Nero<\/p>\n<p><strong>Specifiche tecniche:<\/strong><br \/>\nTensione: 220-240V, 50Hz<br \/>\nPotenza: 70W<br \/>\nLunghezza del cavo di rete: 1.60m<br \/>\nIntervallo di temperatura: 5\u00b0C - 40\u00b0C<\/p>\n<p><strong>Materiale:<\/strong> Metallo, vetro<\/p>\n<p><strong>Descrizione:<\/strong><br \/>\nQuesta incubatrice per formiche non \u00e8 solo molto adatta per allevare le colonie di formiche delle regioni tropicali, ma anche per le colonie di formiche in ibernazione.<br \/>\n\u00c8 dotato di un regolatore di temperatura con display digitale e di un ripiano intermedio rimovibile per ottenere pi\u00f9 spazio. La temperatura pu\u00f2 essere impostata e modificata a seconda delle esigenze. L'apparecchio pu\u00f2 sia raffreddare (fino a circa 5\u00b0C) che riscaldare (fino a circa 40\u00b0C). L'intervallo di temperatura regolabile \u00e8 di circa 5\u00b0C-40\u00b0C. Pu\u00f2 quindi essere utilizzato anche per lo svernamento delle formiche autoctone.<\/p>\n<p><strong>Vantaggi:<\/strong><br \/>\nSpesso ci si trova di fronte alla questione di come conservare le formiche per l'ibernazione senza complicazioni alla giusta temperatura. Il frigorifero \u00e8 comunque troppo pieno, sul balcone pu\u00f2 diventare troppo freddo per gli animali e in cantina \u00e8 anche angusto, o non si ha abbastanza controllo.<br \/>\n<strong>Ecco la soluzione:<\/strong> O si possono far svernare gli animali nell'incubatrice con i nostri porta-nido in provetta, in questo caso anche fino a 100 colonie contemporaneamente, o insieme all'intero Formicario ANTCUBE. Per esempio, il nostro ANTCUBE Arena Combi, si adatta completamente all'interno. Ma anche uno starter set con arena 20x20x10 e 2 nidi 20\u00d720 avrebbe abbastanza spazio.<br \/>\nAnche lo stoccaggio e il trasporto con la macchina, per esempio durante un volo dello sciame, il trasferimento o il trasporto delle formiche tagliafoglie particolarmente sensibili sono realizzabili in questo modo.<br \/>\nLe pratiche rastrelliere per provette (provette a nido) sono disponibili in tre diverse dimensioni. Ecco la nostra raccomandazione:<\/p>\n<p><strong>Raccomandazione:<\/strong><br \/>\nLo spazio nell'incubatrice \u00e8 adatto per:<br \/>\nFino a 24x provette per grilli\/ o 24x la scatola di raccolta trasparente 115x115x55<br \/>\nPer le formiche in tubi da nido, raccomandiamo le rastrelliere per lo stoccaggio dei tubi da nido<br \/>\nSi adatta all'interno:<br \/>\n- rack per tubi nest per 16mm = 12 pezzi o 120 tubi nest con diametro 16mm<br \/>\n- Portaprovette per 18mm = 12 pezzi o 120 provette con diametro 18mm<br \/>\n- Portaprovette per 25mm = 9 pezzi per 54 provette con diametro 25mm<\/p>\n<p><strong>Nota:<\/strong><br \/>\n- Non installarlo alla luce diretta del sole o vicino a una fonte di calore, poich\u00e9 le fluttuazioni della temperatura esterna influiscono sulla temperatura interna.<br \/>\n- Collocare l'apparecchio in un luogo asciutto e a temperatura il pi\u00f9 possibile costante.<br \/>\n- I ventilatori devono poter ruotare liberamente<br \/>\n- Le superfici d'aria devono rimanere libere<br \/>\n- Controllare regolarmente che non vi siano danni -&gt; se presenti, interrompere immediatamente il funzionamento<br \/>\n- L'incubatore pu\u00f2 essere protetto due volte con un ulteriore Thermo Control II o Thermo Control Pro II. Sul retro dell'apparecchio si trova il relativo passante.<\/p>\n<p><strong>Nota: <\/strong>20.01.2025 - Aggiornamento prodotto - nuovo modello<\/p>","protected":false},"excerpt":{"rendered":"<p>Dimensioni: Dimensioni unit\u00e0: 40\u00d739,5\u00d748 cm; Interno: 32\u00d722,5\u00d737 cm Colore: Nero Specifiche tecniche: Tensione: 220-240V, 50Hz Potenza: 70W Lunghezza cavo di rete: 1,60 m Intervallo di temperatura: 5\u00b0C - 40\u00b0C Materiale: Metallo, vetro Descrizione: Questa incubatrice per formiche \u00e8 molto adatta non solo per l'allevamento di colonie di formiche provenienti da regioni tropicali, ma anche per le colonie di formiche in ibernazione. Ha [...]","protected":false},"featured_media":11099,"comment_status":"open","ping_status":"closed","template":"","meta":{"_acf_changed":false,"content-type":"","_monsterinsights_skip_tracking":false,"_monsterinsights_sitenote_active":false,"_monsterinsights_sitenote_note":"","_monsterinsights_sitenote_category":0},"product_brand":[],"product_cat":[237],"product_tag":[],"class_list":{"0":"post-4258","1":"product","2":"type-product","3":"status-publish","4":"has-post-thumbnail","6":"product_cat-tools","8":"first","9":"instock","10":"taxable","11":"shipping-taxable","12":"purchasable","13":"product-type-simple"},"acf":[],"aioseo_notices":[],"jetpack_sharing_enabled":true,"_links":{"self":[{"href":"https:\/\/antcube.shop\/it\/wp-json\/wp\/v2\/product\/4258","targetHints":{"allow":["GET"]}}],"collection":[{"href":"https:\/\/antcube.shop\/it\/wp-json\/wp\/v2\/product"}],"about":[{"href":"https:\/\/antcube.shop\/it\/wp-json\/wp\/v2\/types\/product"}],"replies":[{"embeddable":true,"href":"https:\/\/antcube.shop\/it\/wp-json\/wp\/v2\/comments?post=4258"}],"wp:featuredmedia":[{"embeddable":true,"href":"https:\/\/antcube.shop\/it\/wp-json\/wp\/v2\/media\/11099"}],"wp:attachment":[{"href":"https:\/\/antcube.shop\/it\/wp-json\/wp\/v2\/media?parent=4258"}],"wp:term":[{"taxonomy":"product_brand","embeddable":true,"href":"https:\/\/antcube.shop\/it\/wp-json\/wp\/v2\/product_brand?post=4258"},{"taxonomy":"product_cat","embeddable":true,"href":"https:\/\/antcube.shop\/it\/wp-json\/wp\/v2\/product_cat?post=4258"},{"taxonomy":"product_tag","embeddable":true,"href":"https:\/\/antcube.shop\/it\/wp-json\/wp\/v2\/product_tag?post=4258"}],"curies":[{"name":"wp","href":"https:\/\/api.w.org\/{rel}","templated":true}]}}