{"id":3611,"date":"2021-11-19T12:49:31","date_gmt":"2021-11-19T11:49:31","guid":{"rendered":"https:\/\/antcube.shop\/produkt\/dad-hat\/"},"modified":"2024-12-12T12:26:53","modified_gmt":"2024-12-12T11:26:53","slug":"cappello-da-papa","status":"publish","type":"product","link":"https:\/\/antcube.shop\/it\/prodotto\/cappello-da-papa\/","title":{"rendered":"Cappello da pap\u00e0"},"content":{"rendered":"<p>I cappelli da pap\u00e0 non sono solo per i pap\u00e0. Questo ha un profilo basso con cinturino regolabile e visiera curva.<\/p>\n<p>- 100% twill di cotone chino<br \/>- Il colore verde Camo \u00e8 35% in twill di cotone chino e 65% in poliestere.<br \/>- Non strutturato, a 6 pannelli, a basso profilo<br \/>- 6 occhielli ricamati<br \/>- Corona da 3 \u215b\" (7,6 cm)<br \/>- Cinturino regolabile con fibbia antica<br \/>- Prodotto in bianco proveniente dal Vietnam o dal Bangladesh<\/p>\n<p>\u00a0<\/p>\n<p>La consegna e la produzione dei Prodotti della categoria Merce \u00e8 gestita dal nostro Partner PRINTFUL. Ordinando uno di questi prodotti accetti i Termini e Condizioni, l'Informativa sulla Privacy e l'Informativa sui Resi di PRINTFUL.\u00a0<\/p>\n<p><a href=\"https:\/\/www.printful.com\/policies\/terms-of-service\">Trova i termini e le condizioni di PRINTFUL qui.<\/a><\/p>\n<p><a href=\"https:\/\/www.printful.com\/policies\/returns\">Trova la politica di restituzione di PRINTFUL qui.<\/a><\/p>\n<p><a href=\"https:\/\/www.printful.com\/policies\/privacy\">Trova l'informativa sulla privacy di PRINTFUL qui.<\/a><\/p>","protected":false},"excerpt":{"rendered":"<p>I cappelli da pap\u00e0 non sono solo per i pap\u00e0. Questo ha un profilo basso con cinturino regolabile e visiera curva. - 100% twill di cotone chino- Il colore verde mimetico \u00e8 35% twill di cotone chino, 65% poliestere- Non strutturato, a 6 pannelli, a basso profilo- 6 occhielli ricamati- Corona di 3 \u215b\" (7,6 cm)- Cinturino regolabile con fibbia antica- Prodotto grezzo proveniente dal Vietnam","protected":false},"featured_media":3613,"comment_status":"open","ping_status":"closed","template":"","meta":{"_acf_changed":false,"content-type":"","_monsterinsights_skip_tracking":false,"_monsterinsights_sitenote_active":false,"_monsterinsights_sitenote_note":"","_monsterinsights_sitenote_category":0},"product_brand":[],"product_cat":[245],"product_tag":[],"class_list":{"0":"post-3611","1":"product","2":"type-product","3":"status-publish","4":"has-post-thumbnail","6":"product_cat-merchandise","8":"first","9":"instock","10":"taxable","11":"shipping-taxable","12":"purchasable","13":"product-type-simple"},"acf":[],"aioseo_notices":[],"jetpack_sharing_enabled":true,"_links":{"self":[{"href":"https:\/\/antcube.shop\/it\/wp-json\/wp\/v2\/product\/3611","targetHints":{"allow":["GET"]}}],"collection":[{"href":"https:\/\/antcube.shop\/it\/wp-json\/wp\/v2\/product"}],"about":[{"href":"https:\/\/antcube.shop\/it\/wp-json\/wp\/v2\/types\/product"}],"replies":[{"embeddable":true,"href":"https:\/\/antcube.shop\/it\/wp-json\/wp\/v2\/comments?post=3611"}],"wp:featuredmedia":[{"embeddable":true,"href":"https:\/\/antcube.shop\/it\/wp-json\/wp\/v2\/media\/3613"}],"wp:attachment":[{"href":"https:\/\/antcube.shop\/it\/wp-json\/wp\/v2\/media?parent=3611"}],"wp:term":[{"taxonomy":"product_brand","embeddable":true,"href":"https:\/\/antcube.shop\/it\/wp-json\/wp\/v2\/product_brand?post=3611"},{"taxonomy":"product_cat","embeddable":true,"href":"https:\/\/antcube.shop\/it\/wp-json\/wp\/v2\/product_cat?post=3611"},{"taxonomy":"product_tag","embeddable":true,"href":"https:\/\/antcube.shop\/it\/wp-json\/wp\/v2\/product_tag?post=3611"}],"curies":[{"name":"wp","href":"https:\/\/api.w.org\/{rel}","templated":true}]}}