{"id":3599,"date":"2021-11-19T12:47:56","date_gmt":"2021-11-19T11:47:56","guid":{"rendered":"https:\/\/antcube.shop\/produkt\/premium-eco-hoodie\/"},"modified":"2024-12-12T12:27:02","modified_gmt":"2024-12-12T11:27:02","slug":"felpa-premium-eco","status":"publish","type":"product","link":"https:\/\/antcube.shop\/it\/prodotto\/felpa-premium-eco\/","title":{"rendered":"Felpa eco premium con cappuccio"},"content":{"rendered":"<p>Ecco la felpa con cappuccio ecologica di qualit\u00e0 superiore, realizzata con materiali organici e riciclati. Con la sua vestibilit\u00e0 comoda, la tasca frontale a marsupio e il cappuccio a doppio strato, la felpa con cappuccio \u00e8 un classico pezzo streetwear che pu\u00f2 essere abbinato a diversi look.<\/p>\n<p>- 85% cotone organico, 15% poliestere riciclato<br \/>\n- Nastro: 97% cotone organico, 3% elastan<br \/>\n- Tessuto interno in pile spazzolato<br \/>\n- Confortevole vestibilit\u00e0 unisex<br \/>\n- Cappuccio a doppio strato<br \/>\n- Coulisse piatta con occhielli in metallo per una sensazione di qualit\u00e0 superiore<br \/>\n- Tasca a canguro<br \/>\n- Etichetta interna\/esterna per il marchio<br \/>\n- Etichetta di manutenzione a strappo<\/p>\n<p>&nbsp;<\/p>\n<p>La consegna e la produzione dei Prodotti della categoria Merce \u00e8 gestita dal nostro Partner PRINTFUL. Ordinando uno di questi prodotti accetti i Termini e Condizioni, l'Informativa sulla Privacy e l'Informativa sui Resi di PRINTFUL.<\/p>\n<p><a href=\"https:\/\/www.printful.com\/policies\/terms-of-service\">Trova i termini e le condizioni di PRINTFUL qui.<\/a><\/p>\n<p><a href=\"https:\/\/www.printful.com\/policies\/returns\">Trova la politica di restituzione di PRINTFUL qui.<\/a><\/p>\n<p><a href=\"https:\/\/www.printful.com\/policies\/privacy\">Trova l'informativa sulla privacy di PRINTFUL qui.<\/a><\/p>","protected":false},"excerpt":{"rendered":"<p>Ecco la felpa con cappuccio ecologica di qualit\u00e0 superiore, realizzata con materiali organici e riciclati. Con la sua vestibilit\u00e0 comoda, la tasca frontale a marsupio e il cappuccio a doppio strato, la felpa con cappuccio \u00e8 un classico pezzo streetwear che pu\u00f2 essere abbinato a diversi look. - 85% cotone organico, 15% poliestere riciclato - Costine: 97% cotone organico, 3% elastan - Tessuto interno in pile spazzolato","protected":false},"featured_media":3607,"comment_status":"open","ping_status":"closed","template":"","meta":{"_acf_changed":false,"content-type":"","_monsterinsights_skip_tracking":false,"_monsterinsights_sitenote_active":false,"_monsterinsights_sitenote_note":"","_monsterinsights_sitenote_category":0},"product_brand":[],"product_cat":[245],"product_tag":[],"class_list":{"0":"post-3599","1":"product","2":"type-product","3":"status-publish","4":"has-post-thumbnail","6":"product_cat-merchandise","8":"first","9":"instock","10":"taxable","11":"shipping-taxable","12":"purchasable","13":"product-type-variable"},"acf":[],"aioseo_notices":[],"jetpack_sharing_enabled":true,"_links":{"self":[{"href":"https:\/\/antcube.shop\/it\/wp-json\/wp\/v2\/product\/3599","targetHints":{"allow":["GET"]}}],"collection":[{"href":"https:\/\/antcube.shop\/it\/wp-json\/wp\/v2\/product"}],"about":[{"href":"https:\/\/antcube.shop\/it\/wp-json\/wp\/v2\/types\/product"}],"replies":[{"embeddable":true,"href":"https:\/\/antcube.shop\/it\/wp-json\/wp\/v2\/comments?post=3599"}],"wp:featuredmedia":[{"embeddable":true,"href":"https:\/\/antcube.shop\/it\/wp-json\/wp\/v2\/media\/3607"}],"wp:attachment":[{"href":"https:\/\/antcube.shop\/it\/wp-json\/wp\/v2\/media?parent=3599"}],"wp:term":[{"taxonomy":"product_brand","embeddable":true,"href":"https:\/\/antcube.shop\/it\/wp-json\/wp\/v2\/product_brand?post=3599"},{"taxonomy":"product_cat","embeddable":true,"href":"https:\/\/antcube.shop\/it\/wp-json\/wp\/v2\/product_cat?post=3599"},{"taxonomy":"product_tag","embeddable":true,"href":"https:\/\/antcube.shop\/it\/wp-json\/wp\/v2\/product_tag?post=3599"}],"curies":[{"name":"wp","href":"https:\/\/api.w.org\/{rel}","templated":true}]}}