{"id":3575,"date":"2021-11-19T12:45:26","date_gmt":"2021-11-19T11:45:26","guid":{"rendered":"https:\/\/antcube.shop\/produkt\/unisex-organic-cotton-t-shirt\/"},"modified":"2024-12-12T12:27:10","modified_gmt":"2024-12-12T11:27:10","slug":"maglietta-unisex-in-cotone-biologico","status":"publish","type":"product","link":"https:\/\/antcube.shop\/it\/prodotto\/maglietta-unisex-in-cotone-biologico\/","title":{"rendered":"Maglietta unisex in cotone biologico"},"content":{"rendered":"<p>Realizzata in cotone organico ring-spun 100%, questa t-shirt unisex \u00e8 un must-have assoluto. \u00c8 di alta qualit\u00e0, super confortevole e soprattutto ecologica.<\/p>\n<p>- 100% cotone organico filato ad anelli<br \/>\n- Peso del tessuto: 5,3 oz\/yd\u00b2 (180 g\/m\u00b2)<br \/>\n- Maglia singola<br \/>\n- Vestibilit\u00e0 media<br \/>\n- Manicotti a incastro<br \/>\n- 1 \u00d7 1 costola sul colletto<br \/>\n- Ampia impuntura a doppio ago su maniche e orli inferiori<br \/>\n- Nastro autoadesivo per il collo (interno, parte posteriore del collo)<br \/>\n- Prodotto vuoto proveniente dalla Cina o dal Bangladesh<\/p>\n<p>&nbsp;<\/p>\n<p>La consegna e la produzione dei Prodotti della categoria Merce \u00e8 gestita dal nostro Partner PRINTFUL. Ordinando uno di questi prodotti accetti i Termini e Condizioni, l'Informativa sulla Privacy e l'Informativa sui Resi di PRINTFUL.<\/p>\n<p><a href=\"https:\/\/www.printful.com\/policies\/terms-of-service\">Trova i termini e le condizioni di PRINTFUL qui.<\/a><\/p>\n<p><a href=\"https:\/\/www.printful.com\/policies\/returns\">Trova la politica di restituzione di PRINTFUL qui.<\/a><\/p>\n<p><a href=\"https:\/\/www.printful.com\/policies\/privacy\">Trova l'informativa sulla privacy di PRINTFUL qui.<\/a><\/p>","protected":false},"excerpt":{"rendered":"<p>Realizzata in cotone organico ring-spun 100%, questa t-shirt unisex \u00e8 un must-have assoluto. \u00c8 di alta qualit\u00e0, super confortevole e soprattutto ecologica. - Cotone organico filato ad anelli 100% - Peso del tessuto: 5,3 oz\/yd\u00b2 (180 g\/m\u00b2) - Single jersey - Vestibilit\u00e0 media - Maniche a giro - Costina 1 \u00d7 1 sul colletto - Ampia impuntura a doppio ago sulla parte superiore della t-shirt.","protected":false},"featured_media":3582,"comment_status":"open","ping_status":"closed","template":"","meta":{"_acf_changed":false,"content-type":"","_monsterinsights_skip_tracking":false,"_monsterinsights_sitenote_active":false,"_monsterinsights_sitenote_note":"","_monsterinsights_sitenote_category":0},"product_brand":[],"product_cat":[245],"product_tag":[],"class_list":{"0":"post-3575","1":"product","2":"type-product","3":"status-publish","4":"has-post-thumbnail","6":"product_cat-merchandise","8":"first","9":"instock","10":"taxable","11":"shipping-taxable","12":"purchasable","13":"product-type-variable"},"acf":[],"aioseo_notices":[],"jetpack_sharing_enabled":true,"_links":{"self":[{"href":"https:\/\/antcube.shop\/it\/wp-json\/wp\/v2\/product\/3575","targetHints":{"allow":["GET"]}}],"collection":[{"href":"https:\/\/antcube.shop\/it\/wp-json\/wp\/v2\/product"}],"about":[{"href":"https:\/\/antcube.shop\/it\/wp-json\/wp\/v2\/types\/product"}],"replies":[{"embeddable":true,"href":"https:\/\/antcube.shop\/it\/wp-json\/wp\/v2\/comments?post=3575"}],"wp:featuredmedia":[{"embeddable":true,"href":"https:\/\/antcube.shop\/it\/wp-json\/wp\/v2\/media\/3582"}],"wp:attachment":[{"href":"https:\/\/antcube.shop\/it\/wp-json\/wp\/v2\/media?parent=3575"}],"wp:term":[{"taxonomy":"product_brand","embeddable":true,"href":"https:\/\/antcube.shop\/it\/wp-json\/wp\/v2\/product_brand?post=3575"},{"taxonomy":"product_cat","embeddable":true,"href":"https:\/\/antcube.shop\/it\/wp-json\/wp\/v2\/product_cat?post=3575"},{"taxonomy":"product_tag","embeddable":true,"href":"https:\/\/antcube.shop\/it\/wp-json\/wp\/v2\/product_tag?post=3575"}],"curies":[{"name":"wp","href":"https:\/\/api.w.org\/{rel}","templated":true}]}}