{"id":3566,"date":"2021-11-19T12:43:48","date_gmt":"2021-11-19T11:43:48","guid":{"rendered":"https:\/\/antcube.shop\/produkt\/youth-short-sleeve-t-shirt\/"},"modified":"2024-12-12T12:27:18","modified_gmt":"2024-12-12T11:27:18","slug":"maglietta-giovanile-a-maniche-corte","status":"publish","type":"product","link":"https:\/\/antcube.shop\/it\/prodotto\/maglietta-giovanile-a-maniche-corte\/","title":{"rendered":"Maglietta a manica corta per giovani"},"content":{"rendered":"<p>\u00c8 la t-shirt che stavate cercando e che diventer\u00e0 la preferita nel guardaroba di ogni ragazzo. \u00c8 leggera, morbida e ha un design unico.<\/p>\n<p>- 100% cotone pettinato e filato ad anelli<br \/>\n- I colori dell'erica sono cotone pettinato e filato ad anelli 52% e poliestere 48%.<br \/>\n- L'Athletic Heather \u00e8 in cotone pettinato e filato ad anelli 90% e poliestere 10%.<br \/>\n- Peso del tessuto: 4,2 oz\/yd\u00b2 (142 g\/m2)<br \/>\n- Tessuto pre-ristretto<br \/>\n- 32 singoli<br \/>\n- Vestibilit\u00e0 rilassata unisex<br \/>\n- Costruzione con cuciture laterali<br \/>\n- Prodotto vuoto proveniente da Nicaragua, Stati Uniti o Honduras<\/p>\n<p>&nbsp;<\/p>\n<p>La consegna e la produzione dei Prodotti della categoria Merce \u00e8 gestita dal nostro Partner PRINTFUL. Ordinando uno di questi prodotti accetti i Termini e Condizioni, l'Informativa sulla Privacy e l'Informativa sui Resi di PRINTFUL.<\/p>\n<p><a href=\"https:\/\/www.printful.com\/policies\/terms-of-service\">Trova i termini e le condizioni di PRINTFUL qui.<\/a><\/p>\n<p><a href=\"https:\/\/www.printful.com\/policies\/returns\">Trova la politica di restituzione di PRINTFUL qui.<\/a><\/p>\n<p><a href=\"https:\/\/www.printful.com\/policies\/privacy\">Trova l'informativa sulla privacy di PRINTFUL qui.<\/a><\/p>","protected":false},"excerpt":{"rendered":"<p>This is the tee that you&#8217;ve been looking for, and it&#8217;s bound to become a favorite in any youngster&#8217;s wardrobe. It&#8217;s light, soft, and comes with a unique design. \u2022 100% combed and ring-spun cotton \u2022 Heather colors are 52% combed and ring-spun cotton, 48% polyester \u2022 Athletic Heather is 90% combed and ring-spun cotton, [&#8230;]","protected":false},"featured_media":3573,"comment_status":"open","ping_status":"closed","template":"","meta":{"_acf_changed":false,"content-type":"","_monsterinsights_skip_tracking":false,"_monsterinsights_sitenote_active":false,"_monsterinsights_sitenote_note":"","_monsterinsights_sitenote_category":0},"product_brand":[],"product_cat":[245],"product_tag":[],"class_list":{"0":"post-3566","1":"product","2":"type-product","3":"status-publish","4":"has-post-thumbnail","6":"product_cat-merchandise","8":"first","9":"instock","10":"taxable","11":"shipping-taxable","12":"purchasable","13":"product-type-variable"},"acf":[],"aioseo_notices":[],"jetpack_sharing_enabled":true,"_links":{"self":[{"href":"https:\/\/antcube.shop\/it\/wp-json\/wp\/v2\/product\/3566","targetHints":{"allow":["GET"]}}],"collection":[{"href":"https:\/\/antcube.shop\/it\/wp-json\/wp\/v2\/product"}],"about":[{"href":"https:\/\/antcube.shop\/it\/wp-json\/wp\/v2\/types\/product"}],"replies":[{"embeddable":true,"href":"https:\/\/antcube.shop\/it\/wp-json\/wp\/v2\/comments?post=3566"}],"wp:featuredmedia":[{"embeddable":true,"href":"https:\/\/antcube.shop\/it\/wp-json\/wp\/v2\/media\/3573"}],"wp:attachment":[{"href":"https:\/\/antcube.shop\/it\/wp-json\/wp\/v2\/media?parent=3566"}],"wp:term":[{"taxonomy":"product_brand","embeddable":true,"href":"https:\/\/antcube.shop\/it\/wp-json\/wp\/v2\/product_brand?post=3566"},{"taxonomy":"product_cat","embeddable":true,"href":"https:\/\/antcube.shop\/it\/wp-json\/wp\/v2\/product_cat?post=3566"},{"taxonomy":"product_tag","embeddable":true,"href":"https:\/\/antcube.shop\/it\/wp-json\/wp\/v2\/product_tag?post=3566"}],"curies":[{"name":"wp","href":"https:\/\/api.w.org\/{rel}","templated":true}]}}