{"id":3174,"date":"2021-11-08T12:21:44","date_gmt":"2021-11-08T11:21:44","guid":{"rendered":"https:\/\/antcube.shop\/produkt\/ytongnest-40x20-mit-arena\/"},"modified":"2026-04-09T09:31:48","modified_gmt":"2026-04-09T07:31:48","slug":"ytongnest-40x20-mit-arena","status":"publish","type":"product","link":"https:\/\/antcube.shop\/it\/prodotto\/ytongnest-40x20-mit-arena\/","title":{"rendered":"Ytongnest - 40\u00d720 con Arena"},"content":{"rendered":"<p><strong>Materiale:<\/strong> cemento aerato, vetro, plastica PMMA e PVC<\/p>\n<p><strong>Connessione:<\/strong> 1 apertura da 14 mm; 1 apertura da 27 mm<\/p>\n<p><strong>Contenuto:<\/strong><br \/>\n1x blocco di cemento aerato 40x20x5 cm con camere profonde 20mm.<br \/>\n1x lastra di vetro 40\u00d720 cm con un'apertura di 50 mm e un'arena 20\u00d720 cm<br \/>\n1x formica arena telaio 20\u00d720<br \/>\n1x copertura dell'arena delle formiche 20\u00d720<br \/>\n1x anello da 50mm con apertura da 27mm<br \/>\n1x tappo di formicaio 13mm<br \/>\n2x tappo Formicarium 27mm<br \/>\n2x Formicarium plug 50mm<\/p>\n<p><strong>Descrizione:<\/strong><br \/>\nYtong \u00e8 una marca, il materiale stesso si chiama cemento aerato.<br \/>\nGrazie alla propriet\u00e0 di trattenere l'acqua, il materiale \u00e8 adatto alla conservazione delle formiche. Pu\u00f2 essere usato per tenere un gran numero di specie scavatrici, sia da habitat secchi che umidi. A seconda della specie di formica, si raccomanda di coprire il fondo delle camere con il substrato. Alcune specie si sentono pi\u00f9 a loro agio in questo modo e per esempio le specie di formiche Ponerinae hanno bisogno di terra per le loro larve per impuparsi correttamente. Dal momento che questo nido include gi\u00e0 un'arena, pu\u00f2 essere usato come un allestimento completo di un formicaio.<\/p>\n<p><strong>Suggerimento:<\/strong><br \/>\nPer evitare che l'acqua fuoriesca dallo Ytong dopo aver inumidito l'area del nido e si raccolga sulla superficie dei mobili sottostanti, o che il materiale ruvido graffi le superfici, consigliamo di ordinare una delle nostre vaschette di vetro abbinate ai nostri nidi Ytong. Queste sono impermeabili e quindi proteggono efficacemente le superfici sottostanti dall'acqua e dai danni da graffi.<\/p>\n<p><strong>Uso:<\/strong><br \/>\nPer le specie di formiche di dimensioni <b>M<\/b> <b>&#8211;\u00a0<\/b><b>L<\/b>.<br \/>\nIl cemento cellulare \u00e8 un materiale molto fragile e fragile. Pertanto, a causa del processo di fabbricazione, \u00e8 impossibile evitare che gli angoli e i bordi presentino leggere rotture e irregolarit\u00e0. A causa di questo, i nidi Ytong non sono adatti a specie di formiche molto piccole di dimensioni <b>S<\/b>, dato che queste specie potrebbero facilmente scoppiare qui.<\/p>","protected":false},"excerpt":{"rendered":"<p>Connessione: 1x14mm 1x27mm<br \/>\nDimensioni: <strong><span style=\"color: #339966;\">M<\/span><\/strong><strong> &#8211; <span style=\"color: #0000ff;\">L<\/span><\/strong><\/p>","protected":false},"featured_media":3011,"comment_status":"open","ping_status":"closed","template":"","meta":{"_acf_changed":false,"content-type":"","_monsterinsights_skip_tracking":false,"_monsterinsights_sitenote_active":false,"_monsterinsights_sitenote_note":"","_monsterinsights_sitenote_category":0},"product_brand":[],"product_cat":[85,86],"product_tag":[],"class_list":{"0":"post-3174","1":"product","2":"type-product","3":"status-publish","4":"has-post-thumbnail","6":"product_cat-ant-arenas","7":"product_cat-formicariums","9":"first","10":"instock","11":"taxable","12":"shipping-taxable","13":"purchasable","14":"product-type-simple"},"acf":[],"aioseo_notices":[],"jetpack_sharing_enabled":true,"_links":{"self":[{"href":"https:\/\/antcube.shop\/it\/wp-json\/wp\/v2\/product\/3174","targetHints":{"allow":["GET"]}}],"collection":[{"href":"https:\/\/antcube.shop\/it\/wp-json\/wp\/v2\/product"}],"about":[{"href":"https:\/\/antcube.shop\/it\/wp-json\/wp\/v2\/types\/product"}],"replies":[{"embeddable":true,"href":"https:\/\/antcube.shop\/it\/wp-json\/wp\/v2\/comments?post=3174"}],"wp:featuredmedia":[{"embeddable":true,"href":"https:\/\/antcube.shop\/it\/wp-json\/wp\/v2\/media\/3011"}],"wp:attachment":[{"href":"https:\/\/antcube.shop\/it\/wp-json\/wp\/v2\/media?parent=3174"}],"wp:term":[{"taxonomy":"product_brand","embeddable":true,"href":"https:\/\/antcube.shop\/it\/wp-json\/wp\/v2\/product_brand?post=3174"},{"taxonomy":"product_cat","embeddable":true,"href":"https:\/\/antcube.shop\/it\/wp-json\/wp\/v2\/product_cat?post=3174"},{"taxonomy":"product_tag","embeddable":true,"href":"https:\/\/antcube.shop\/it\/wp-json\/wp\/v2\/product_tag?post=3174"}],"curies":[{"name":"wp","href":"https:\/\/api.w.org\/{rel}","templated":true}]}}