{"id":3167,"date":"2021-11-08T10:47:42","date_gmt":"2021-11-08T09:47:42","guid":{"rendered":"https:\/\/antcube.shop\/produkt\/glaswanne-40x20\/"},"modified":"2026-04-01T09:55:46","modified_gmt":"2026-04-01T07:55:46","slug":"glaswanne-40x20-2","status":"publish","type":"product","link":"https:\/\/antcube.shop\/it\/prodotto\/glaswanne-40x20-2\/","title":{"rendered":"Vasca di vetro 40\u00d720"},"content":{"rendered":"<p><strong>Dimensioni:<\/strong> 42 x 22 x 2 cm<br \/>\n<strong>Dimensioni interne:<\/strong> 41 x 21 x 1,6 cm<\/p>\n<p><strong>Contenuti:<\/strong><br \/>\n1x vasca 42x22x2 cm in vetro float 4mm.<\/p>\n<p><strong>Descrizione:<\/strong><br \/>\nLa vasca di vetro non ha fori, \u00e8 incollata impermeabile e pu\u00f2 quindi essere riempita anche d'acqua. \u00c8 stata progettata per i nostri nidi Ytong per formiche. Questi possono essere facilmente annaffiati e spostati senza che l'acqua finisca sulla superficie sottostante (tavolo, armadio, ecc.) o senza che il ruvido Ytong graffi le superfici sottostanti. Opzionalmente, vari nidi possono essere posizionati centralmente come un'isola.<\/p>\n<p>&nbsp;<\/p>","protected":false},"excerpt":{"rendered":"<p>Vasca di vetro per il nostro nido Ytong con arena 40\u00d720<\/p>","protected":false},"featured_media":3007,"comment_status":"open","ping_status":"closed","template":"","meta":{"_acf_changed":false,"content-type":"","_monsterinsights_skip_tracking":false,"_monsterinsights_sitenote_active":false,"_monsterinsights_sitenote_note":"","_monsterinsights_sitenote_category":0},"product_brand":[],"product_cat":[119,239],"product_tag":[],"class_list":{"0":"post-3167","1":"product","2":"type-product","3":"status-publish","4":"has-post-thumbnail","6":"product_cat-formicarium-components","7":"product_cat-useful-additions","9":"first","10":"instock","11":"taxable","12":"shipping-taxable","13":"purchasable","14":"product-type-simple"},"acf":[],"aioseo_notices":[],"jetpack_sharing_enabled":true,"_links":{"self":[{"href":"https:\/\/antcube.shop\/it\/wp-json\/wp\/v2\/product\/3167","targetHints":{"allow":["GET"]}}],"collection":[{"href":"https:\/\/antcube.shop\/it\/wp-json\/wp\/v2\/product"}],"about":[{"href":"https:\/\/antcube.shop\/it\/wp-json\/wp\/v2\/types\/product"}],"replies":[{"embeddable":true,"href":"https:\/\/antcube.shop\/it\/wp-json\/wp\/v2\/comments?post=3167"}],"wp:featuredmedia":[{"embeddable":true,"href":"https:\/\/antcube.shop\/it\/wp-json\/wp\/v2\/media\/3007"}],"wp:attachment":[{"href":"https:\/\/antcube.shop\/it\/wp-json\/wp\/v2\/media?parent=3167"}],"wp:term":[{"taxonomy":"product_brand","embeddable":true,"href":"https:\/\/antcube.shop\/it\/wp-json\/wp\/v2\/product_brand?post=3167"},{"taxonomy":"product_cat","embeddable":true,"href":"https:\/\/antcube.shop\/it\/wp-json\/wp\/v2\/product_cat?post=3167"},{"taxonomy":"product_tag","embeddable":true,"href":"https:\/\/antcube.shop\/it\/wp-json\/wp\/v2\/product_tag?post=3167"}],"curies":[{"name":"wp","href":"https:\/\/api.w.org\/{rel}","templated":true}]}}