{"id":3162,"date":"2021-11-08T10:46:52","date_gmt":"2021-11-08T09:46:52","guid":{"rendered":"https:\/\/antcube.shop\/produkt\/antcube-eck-plattform-8x8-magnet\/"},"modified":"2026-04-14T14:05:22","modified_gmt":"2026-04-14T12:05:22","slug":"antcube-eck-plattform-8x8-magnete-2","status":"publish","type":"product","link":"https:\/\/antcube.shop\/it\/prodotto\/antcube-eck-plattform-8x8-magnete-2\/","title":{"rendered":"Piattaforma angolare ANTCUBE 8\u00d78 - magnetica"},"content":{"rendered":"<p><strong>Dimensioni:<\/strong> 80 x 80 x 22 mm<\/p>\n<p><strong>Materiale:<\/strong> vetro acrilico<\/p>\n<p><strong>Colore:<\/strong> trasparente<\/p>\n<p><strong>Contenuto:<\/strong> 1 pezzo. (3 parti)<\/p>\n<p><strong>Descrizione:<\/strong><br \/>\nLa piattaforma angolare ANTCUBE 8\u00d78 - magnetica pu\u00f2 essere fissata in qualsiasi formicaio con l'aiuto dei magneti. \u00c8 particolarmente adatta nei nostri formicai ANTCUBE pi\u00f9 alti per collocarvi mangiatoie, ciotole o abbeveratoi.<br \/>\nLa piattaforma angolare ANTCUBE 8\u00d78 - Magnetica pu\u00f2 essere spostata all'altezza o alla profondit\u00e0 desiderata fissandola dall'esterno con i magneti.<\/p>\n<p><strong>Avviso:<\/strong><br \/>\nA causa del processo di fabbricazione, ci possono essere crepe da lievi a medie sulle parti del magnete.<\/p>\n<p>&nbsp;<\/p>","protected":false},"excerpt":{"rendered":"<p>Dimensioni: 80 x 80 x 22 mm Materiale: vetro acrilico Colore: trasparente Contenuto: 1 pezzo (3 parti) Descrizione: La piattaforma angolare ANTCUBE 8x8 - magnetica pu\u00f2 essere fissata in qualsiasi formicario con l'aiuto dei magneti. \u00c8 particolarmente adatta nei nostri formicari ANTCUBE pi\u00f9 alti per collocarvi mangiatoie, ciotole o abbeveratoi. Il","protected":false},"featured_media":3140,"comment_status":"open","ping_status":"closed","template":"","meta":{"_acf_changed":false,"content-type":"","_monsterinsights_skip_tracking":false,"_monsterinsights_sitenote_active":false,"_monsterinsights_sitenote_note":"","_monsterinsights_sitenote_category":0},"product_brand":[],"product_cat":[119,239],"product_tag":[],"class_list":{"0":"post-3162","1":"product","2":"type-product","3":"status-publish","4":"has-post-thumbnail","6":"product_cat-formicarium-components","7":"product_cat-useful-additions","9":"first","10":"instock","11":"taxable","12":"shipping-taxable","13":"purchasable","14":"product-type-simple"},"acf":[],"aioseo_notices":[],"jetpack_sharing_enabled":true,"_links":{"self":[{"href":"https:\/\/antcube.shop\/it\/wp-json\/wp\/v2\/product\/3162","targetHints":{"allow":["GET"]}}],"collection":[{"href":"https:\/\/antcube.shop\/it\/wp-json\/wp\/v2\/product"}],"about":[{"href":"https:\/\/antcube.shop\/it\/wp-json\/wp\/v2\/types\/product"}],"replies":[{"embeddable":true,"href":"https:\/\/antcube.shop\/it\/wp-json\/wp\/v2\/comments?post=3162"}],"wp:featuredmedia":[{"embeddable":true,"href":"https:\/\/antcube.shop\/it\/wp-json\/wp\/v2\/media\/3140"}],"wp:attachment":[{"href":"https:\/\/antcube.shop\/it\/wp-json\/wp\/v2\/media?parent=3162"}],"wp:term":[{"taxonomy":"product_brand","embeddable":true,"href":"https:\/\/antcube.shop\/it\/wp-json\/wp\/v2\/product_brand?post=3162"},{"taxonomy":"product_cat","embeddable":true,"href":"https:\/\/antcube.shop\/it\/wp-json\/wp\/v2\/product_cat?post=3162"},{"taxonomy":"product_tag","embeddable":true,"href":"https:\/\/antcube.shop\/it\/wp-json\/wp\/v2\/product_tag?post=3162"}],"curies":[{"name":"wp","href":"https:\/\/api.w.org\/{rel}","templated":true}]}}