{"id":3157,"date":"2021-11-08T10:46:12","date_gmt":"2021-11-08T09:46:12","guid":{"rendered":"https:\/\/antcube.shop\/produkt\/kornerfutter-minor-in-2ml-futterrohrchen-10-st\/"},"modified":"2026-05-06T09:43:52","modified_gmt":"2026-05-06T07:43:52","slug":"kornerfutter-minor-in-2ml-futterrohrchen-10-st","status":"publish","type":"product","link":"https:\/\/antcube.shop\/it\/prodotto\/kornerfutter-minor-in-2ml-futterrohrchen-10-st\/","title":{"rendered":"Cibo in grani Minor in tubi di alimentazione da 2ml - 10 pezzi."},"content":{"rendered":"<p><strong>Contenuto:<\/strong> 10x 2 ml<\/p>\n<p><strong>Descrizione:<\/strong> Granaglie fini\/semi per le giovani colonie di specie di formiche raccoglitrici\/raccoglitrici come il genere Messor, che contengono ancora soprattutto operaie minori.<\/p>\n<p><strong>Applicazione:<\/strong> Il tubo di cibo pu\u00f2 essere collocato nella sua interezza nel formicario, in alternativa si possono aggiungere piccole quantit\u00e0 in una ciotola di cibo secondo le necessit\u00e0 e le dimensioni della colonia. Il cibo in grani \u00e8 accettato soprattutto dalle specie che raccolgono grani, come le specie del genere Messor o anche Pheidole.<\/p>\n<p><strong>Avviso:<\/strong><br \/>\nLe informazioni sull'uso dei tubi di alimentazione possono essere trovate qui: Link<br \/>\nCibo supplementare per le formiche granivore.<br \/>\nSi prega di fare riferimento al foglietto illustrativo per la composizione, i componenti analitici, la data di scadenza e il numero di lotto.<\/p>\n<p>Numero verde per informazioni +49 30 439703870<\/p>\n<p>Autorit\u00e0 veterinaria e di vigilanza alimentare responsabile:<br \/>\nUfficio veterinario Steglitz<br \/>\nVia K\u00f6nigin-Luise 92<br \/>\n14195 Berlino<\/p>","protected":false},"excerpt":{"rendered":"<p>Cibo supplementare<\/p>","protected":false},"featured_media":3149,"comment_status":"open","ping_status":"closed","template":"","meta":{"_acf_changed":false,"content-type":"","_monsterinsights_skip_tracking":false,"_monsterinsights_sitenote_active":false,"_monsterinsights_sitenote_note":"","_monsterinsights_sitenote_category":0},"product_brand":[],"product_cat":[115,116],"product_tag":[],"class_list":{"0":"post-3157","1":"product","2":"type-product","3":"status-publish","4":"has-post-thumbnail","6":"product_cat-food-and-feeding","7":"product_cat-food","9":"first","10":"instock","11":"taxable","12":"shipping-taxable","13":"purchasable","14":"product-type-simple"},"acf":[],"aioseo_notices":[],"jetpack_sharing_enabled":true,"_links":{"self":[{"href":"https:\/\/antcube.shop\/it\/wp-json\/wp\/v2\/product\/3157","targetHints":{"allow":["GET"]}}],"collection":[{"href":"https:\/\/antcube.shop\/it\/wp-json\/wp\/v2\/product"}],"about":[{"href":"https:\/\/antcube.shop\/it\/wp-json\/wp\/v2\/types\/product"}],"replies":[{"embeddable":true,"href":"https:\/\/antcube.shop\/it\/wp-json\/wp\/v2\/comments?post=3157"}],"wp:featuredmedia":[{"embeddable":true,"href":"https:\/\/antcube.shop\/it\/wp-json\/wp\/v2\/media\/3149"}],"wp:attachment":[{"href":"https:\/\/antcube.shop\/it\/wp-json\/wp\/v2\/media?parent=3157"}],"wp:term":[{"taxonomy":"product_brand","embeddable":true,"href":"https:\/\/antcube.shop\/it\/wp-json\/wp\/v2\/product_brand?post=3157"},{"taxonomy":"product_cat","embeddable":true,"href":"https:\/\/antcube.shop\/it\/wp-json\/wp\/v2\/product_cat?post=3157"},{"taxonomy":"product_tag","embeddable":true,"href":"https:\/\/antcube.shop\/it\/wp-json\/wp\/v2\/product_tag?post=3157"}],"curies":[{"name":"wp","href":"https:\/\/api.w.org\/{rel}","templated":true}]}}