{"id":2869,"date":"2021-10-13T18:46:31","date_gmt":"2021-10-13T16:46:31","guid":{"rendered":"https:\/\/antcube.shop\/produkt\/antcube-gipsnest-20x20-liegend\/"},"modified":"2026-03-30T20:07:30","modified_gmt":"2026-03-30T18:07:30","slug":"antcube-gipsnest-20x20-liegend","status":"publish","type":"product","link":"https:\/\/antcube.shop\/it\/prodotto\/antcube-gipsnest-20x20-liegend\/","title":{"rendered":"ANTCUBO - nido in gesso 20\u00d720 - sdraiato"},"content":{"rendered":"<p><strong>Dimensioni:<\/strong><br \/>\n<strong>Nido di gesso: <\/strong>190 x 190 x 20 mm<br \/>\n<strong>Copertura in vetro:<\/strong> 179 x 179 x 4 mm<\/p>\n<p><strong>Materiale:<\/strong> Gesso<\/p>\n<p><strong>Contenuti:<\/strong><br \/>\n1x nido in gesso 20\u00d720 con due prese di collegamento M 10\/08<br \/>\n1x coperchio di vetro con foro da 50mm<br \/>\n1x acrilico - anello 50mm per foro 27mm<br \/>\n1x Formicarium base 20\u00d720<br \/>\n2x tappo a griglia - 10mm - acciaio inossidabile<br \/>\n1x inserto a griglia - 27mm - acciaio inossidabile<\/p>\n<p><strong>Descrizione:<\/strong> Il nostro nido in gesso con passaggi e camere prefabbricate \u00e8 adatto a molte specie di formiche, in particolare a quelle che costruiscono i loro nidi in terreni molto sabbiosi o sassosi. \u00c8 dotato di due prese di collegamento come accesso al nido. Il gesso ha la propriet\u00e0 di assorbire l'acqua, quindi una certa quantit\u00e0 di umidit\u00e0 viene immagazzinata. Tuttavia, il nido di gesso non deve essere utilizzato permanentemente umido perch\u00e9 altrimenti pu\u00f2 causare muffe (a causa dei resti di cibo o degli escrementi delle formiche). Pertanto, se possibile, si dovrebbero tenere qui specie provenienti da regioni piuttosto secche. Si tratta, ad esempio, di specie provenienti da regioni mediterranee o desertiche.<\/p>\n<p><strong>Nota:<\/strong> A causa della costruzione, non sono adatti a specie molto piccole (ad esempio: specie Pheidole, specie Temnothorax), possono verificarsi lacune di 0,3 - 0,5 mm.<\/p>\n<p>Nota sulle prese di collegamento<br \/>\nQuando si attaccano o si staccano i tubi, si prega di notare quanto segue:<br \/>\nSe il tubo \u00e8 molto difficile da inserire nella boccola del connettore, la boccola dovrebbe essere leggermente strofinata con una goccia del nostro olio protettivo o polvere. Il tubo dovrebbe poi essere spinto sulla boccola con movimenti di torsione o avvitamento, senza sollecitare la boccola con movimenti di salita e discesa. Lo stesso vale per la rimozione dei tubi dalla boccola di collegamento. Non tirare semplicemente!<\/p>\n<p>&nbsp;<\/p>\n<p>&nbsp;<\/p>","protected":false},"excerpt":{"rendered":"<p>Dimensioni: Nido di gesso: 190 x 190 x 20 mm Copertura in vetro: 179 x 179 x 4 mm Materiale: Gesso Contenuto: 1x nido in gesso 20\u00d720 con due prese di collegamento M 10\/08 1x copertura in vetro con foro da 50mm 1x acrilico - anello 50mm per foro da 27mm 1x base Formicarium 20\u00d720 2x tappo a griglia - 10mm - acciaio inox 1x [...]","protected":false},"featured_media":3194,"comment_status":"open","ping_status":"closed","template":"","meta":{"_acf_changed":false,"content-type":"","_monsterinsights_skip_tracking":false,"_monsterinsights_sitenote_active":false,"_monsterinsights_sitenote_note":"","_monsterinsights_sitenote_category":0},"product_brand":[],"product_cat":[80,86],"product_tag":[],"class_list":{"0":"post-2869","1":"product","2":"type-product","3":"status-publish","4":"has-post-thumbnail","6":"product_cat-antfarms","7":"product_cat-formicariums","9":"first","10":"instock","11":"taxable","12":"shipping-taxable","13":"purchasable","14":"product-type-simple"},"acf":[],"aioseo_notices":[],"jetpack_sharing_enabled":true,"_links":{"self":[{"href":"https:\/\/antcube.shop\/it\/wp-json\/wp\/v2\/product\/2869","targetHints":{"allow":["GET"]}}],"collection":[{"href":"https:\/\/antcube.shop\/it\/wp-json\/wp\/v2\/product"}],"about":[{"href":"https:\/\/antcube.shop\/it\/wp-json\/wp\/v2\/types\/product"}],"replies":[{"embeddable":true,"href":"https:\/\/antcube.shop\/it\/wp-json\/wp\/v2\/comments?post=2869"}],"wp:featuredmedia":[{"embeddable":true,"href":"https:\/\/antcube.shop\/it\/wp-json\/wp\/v2\/media\/3194"}],"wp:attachment":[{"href":"https:\/\/antcube.shop\/it\/wp-json\/wp\/v2\/media?parent=2869"}],"wp:term":[{"taxonomy":"product_brand","embeddable":true,"href":"https:\/\/antcube.shop\/it\/wp-json\/wp\/v2\/product_brand?post=2869"},{"taxonomy":"product_cat","embeddable":true,"href":"https:\/\/antcube.shop\/it\/wp-json\/wp\/v2\/product_cat?post=2869"},{"taxonomy":"product_tag","embeddable":true,"href":"https:\/\/antcube.shop\/it\/wp-json\/wp\/v2\/product_tag?post=2869"}],"curies":[{"name":"wp","href":"https:\/\/api.w.org\/{rel}","templated":true}]}}