{"id":2868,"date":"2021-10-13T18:43:30","date_gmt":"2021-10-13T16:43:30","guid":{"rendered":"https:\/\/antcube.shop\/produkt\/antcube-gipsnest-20x20-stehend\/"},"modified":"2026-04-21T16:05:16","modified_gmt":"2026-04-21T14:05:16","slug":"antcube-gipsnest-20x20-stehend","status":"publish","type":"product","link":"https:\/\/antcube.shop\/it\/prodotto\/antcube-gipsnest-20x20-stehend\/","title":{"rendered":"ANTCUBE - nido di gesso 20\u00d720 - in piedi"},"content":{"rendered":"<p><strong>Dimensioni:<\/strong> 182 x 159 x 19,5 mm<\/p>\n<p><strong>Materiale:<\/strong> Gesso\/ Intonaco<\/p>\n<p>Si adatta solo alla nostra taglia di formicai <strong>L<\/strong><\/p>\n<p><strong>Descrizione:<\/strong> Il nostro nido di gesso con passaggi e camere prefabbricate \u00e8 adatto a molte specie di formiche, specialmente per le specie che costruiscono i loro nidi in terreni molto sabbiosi o sassosi. Ha un foro per l'accesso al nido. Il gesso ha la propriet\u00e0 di assorbire l'acqua, quindi una certa quantit\u00e0 di umidit\u00e0 viene immagazzinata. Tuttavia, il nido di gesso non dovrebbe essere usato permanentemente umido perch\u00e9 altrimenti pu\u00f2 portare alla muffa (da resti di cibo o escrementi delle formiche). Pertanto, se possibile, le specie provenienti da regioni piuttosto secche dovrebbero essere tenute qui. Questo sarebbe, per esempio, specie da regioni mediterranee o desertiche.<\/p>\n<p>&nbsp;<\/p>","protected":false},"excerpt":{"rendered":"<p>Si adatta solo alla nostra taglia di formicai <strong>L<\/strong><\/p>","protected":false},"featured_media":351,"comment_status":"open","ping_status":"closed","template":"","meta":{"_acf_changed":false,"content-type":"","_monsterinsights_skip_tracking":false,"_monsterinsights_sitenote_active":false,"_monsterinsights_sitenote_note":"","_monsterinsights_sitenote_category":0},"product_brand":[],"product_cat":[87,90],"product_tag":[],"class_list":{"0":"post-2868","1":"product","2":"type-product","3":"status-publish","4":"has-post-thumbnail","6":"product_cat-nest-insets","7":"product_cat-gypsum","9":"first","10":"instock","11":"taxable","12":"shipping-taxable","13":"purchasable","14":"product-type-simple"},"acf":[],"aioseo_notices":[],"jetpack_sharing_enabled":true,"_links":{"self":[{"href":"https:\/\/antcube.shop\/it\/wp-json\/wp\/v2\/product\/2868","targetHints":{"allow":["GET"]}}],"collection":[{"href":"https:\/\/antcube.shop\/it\/wp-json\/wp\/v2\/product"}],"about":[{"href":"https:\/\/antcube.shop\/it\/wp-json\/wp\/v2\/types\/product"}],"replies":[{"embeddable":true,"href":"https:\/\/antcube.shop\/it\/wp-json\/wp\/v2\/comments?post=2868"}],"wp:featuredmedia":[{"embeddable":true,"href":"https:\/\/antcube.shop\/it\/wp-json\/wp\/v2\/media\/351"}],"wp:attachment":[{"href":"https:\/\/antcube.shop\/it\/wp-json\/wp\/v2\/media?parent=2868"}],"wp:term":[{"taxonomy":"product_brand","embeddable":true,"href":"https:\/\/antcube.shop\/it\/wp-json\/wp\/v2\/product_brand?post=2868"},{"taxonomy":"product_cat","embeddable":true,"href":"https:\/\/antcube.shop\/it\/wp-json\/wp\/v2\/product_cat?post=2868"},{"taxonomy":"product_tag","embeddable":true,"href":"https:\/\/antcube.shop\/it\/wp-json\/wp\/v2\/product_tag?post=2868"}],"curies":[{"name":"wp","href":"https:\/\/api.w.org\/{rel}","templated":true}]}}