{"id":2865,"date":"2021-10-13T18:42:51","date_gmt":"2021-10-13T16:42:51","guid":{"rendered":"https:\/\/antcube.shop\/produkt\/futterspender-2ml-dosierbar\/"},"modified":"2026-04-02T09:54:44","modified_gmt":"2026-04-02T07:54:44","slug":"futterspender-2ml-dosierbar-2","status":"publish","type":"product","link":"https:\/\/antcube.shop\/it\/prodotto\/futterspender-2ml-dosierbar-2\/","title":{"rendered":"Dosatore 2ml - dosabile"},"content":{"rendered":"<p><strong>Dimensioni:<\/strong> 30x40x50 mm, 2 ml<\/p>\n<p><strong>Contenuti:<\/strong><br \/>\n1x piede con 1x apertura da 2,5 mm (1-2 mm possono essere dosati).<br \/>\n1x tubo di cibo per formiche<\/p>\n<p><strong>Materiale:<\/strong> PMMA, PS<\/p>\n<p><strong>Descrizione:<\/strong> Con questo distributore le formiche all'interno di un formicaio possono nutrirsi con il cibo offerto. Ideale anche per la stagione delle vacanze. I tubi di cibo per formiche da 2 ml possono essere inseriti nella base. Grazie alla profondit\u00e0 di inserimento, \u00e8 possibile dosare la quantit\u00e0 di cibo disponibile. Il distributore con l'uscita larga 2,5 mm \u00e8 adatto a tutti i nostri alimenti in polvere, cos\u00ec come alle miscele di cereali minori e mediali.<\/p>\n<p><strong>Colori:<\/strong> trasparente<\/p>","protected":false},"excerpt":{"rendered":"<p>Dimensioni: 30x40x50 mm, 2 ml<\/p>","protected":false},"featured_media":306,"comment_status":"open","ping_status":"closed","template":"","meta":{"_acf_changed":false,"content-type":"","_monsterinsights_skip_tracking":false,"_monsterinsights_sitenote_active":false,"_monsterinsights_sitenote_note":"","_monsterinsights_sitenote_category":0},"product_brand":[],"product_cat":[115,118],"product_tag":[],"class_list":{"0":"post-2865","1":"product","2":"type-product","3":"status-publish","4":"has-post-thumbnail","6":"product_cat-food-and-feeding","7":"product_cat-feeding-bowls","9":"first","10":"instock","11":"taxable","12":"shipping-taxable","13":"purchasable","14":"product-type-simple"},"acf":[],"aioseo_notices":[],"jetpack_sharing_enabled":true,"_links":{"self":[{"href":"https:\/\/antcube.shop\/it\/wp-json\/wp\/v2\/product\/2865","targetHints":{"allow":["GET"]}}],"collection":[{"href":"https:\/\/antcube.shop\/it\/wp-json\/wp\/v2\/product"}],"about":[{"href":"https:\/\/antcube.shop\/it\/wp-json\/wp\/v2\/types\/product"}],"replies":[{"embeddable":true,"href":"https:\/\/antcube.shop\/it\/wp-json\/wp\/v2\/comments?post=2865"}],"wp:featuredmedia":[{"embeddable":true,"href":"https:\/\/antcube.shop\/it\/wp-json\/wp\/v2\/media\/306"}],"wp:attachment":[{"href":"https:\/\/antcube.shop\/it\/wp-json\/wp\/v2\/media?parent=2865"}],"wp:term":[{"taxonomy":"product_brand","embeddable":true,"href":"https:\/\/antcube.shop\/it\/wp-json\/wp\/v2\/product_brand?post=2865"},{"taxonomy":"product_cat","embeddable":true,"href":"https:\/\/antcube.shop\/it\/wp-json\/wp\/v2\/product_cat?post=2865"},{"taxonomy":"product_tag","embeddable":true,"href":"https:\/\/antcube.shop\/it\/wp-json\/wp\/v2\/product_tag?post=2865"}],"curies":[{"name":"wp","href":"https:\/\/api.w.org\/{rel}","templated":true}]}}