{"id":2841,"date":"2021-10-13T18:37:30","date_gmt":"2021-10-13T16:37:30","guid":{"rendered":"https:\/\/antcube.shop\/produkt\/food-mix-set-standard\/"},"modified":"2026-04-11T13:18:17","modified_gmt":"2026-04-11T11:18:17","slug":"food-mix-set-standard","status":"publish","type":"product","link":"https:\/\/antcube.shop\/it\/prodotto\/food-mix-set-standard\/","title":{"rendered":"Set di miscele alimentari - Standard"},"content":{"rendered":"<p><strong>Contenuto:<\/strong> 2ml per tubo di alimentazione<br \/>\n2x cibo proteico (PP)<br \/>\n2x cibo proteico insetti FD (PI)<br \/>\n2x cibo di carboidrati (K)<br \/>\n2x cibo alla frutta (F)<br \/>\n2x soluzione di zucchero e miele (ZH)<br \/>\n1 spugna<\/p>\n<p><span data-text-color=\"alert\"><strong>Attenzione:<\/strong> <\/span>Si prega di mescolare la polvere con un goccio d'acqua, poich\u00e9 non viene accettata dagli animali quando \u00e8 asciutta!<\/p>\n<p><strong>Descrizione:<\/strong><br \/>\nQuesto \u00e8 Food Mix Set per varie specie di formiche che si nutrono di carboidrati e proteine. Contiene tutto ci\u00f2 di cui le formiche hanno bisogno per una dieta equilibrata. Poich\u00e9 le singole razioni di cibo sono riempite in tubi separati, sono facili da dosare. Si raccomanda di inumidire minimamente con un po' d'acqua il cibo a base di proteine, carboidrati e frutta. Questo impedir\u00e0 anche alla polvere di gocciolare fuori quando viene usata nel formicaio \"centrale\" nella buca.<\/p>\n<p><strong>Uso\/Applicazione:<\/strong><br \/>\nCibo proteico = per le specie di formiche insettivore (Eulipotyphla).<br \/>\n\u00c8 un mangime supplementare (mangime misto)<br \/>\nDeve essere mescolato con una goccia d'acqua e poi pu\u00f2 essere tenuto solo 1 giorno quando \u00e8 bagnato. Pulire accuratamente la ciotola\/tubo di alimentazione prima di riutilizzarla.<br \/>\nUna confezione aperta deve essere usata ben chiusa (se conservata all'asciutto) fino alla data indicata (da consumarsi entro).<\/p>\n<p>Mangime proteico FD = per specie di formiche insettivore (Eulipotyphla)<br \/>\nSi tratta di un mangime supplementare (mangime composto).<br \/>\nDeve essere mescolato con una goccia d'acqua e poi pu\u00f2 essere tenuto solo 1 giorno quando \u00e8 bagnato. Pulire accuratamente la ciotola\/tubo di alimentazione prima di riutilizzarla.<br \/>\nUna confezione aperta deve essere usata ben chiusa (se conservata all'asciutto) fino alla data indicata (da consumarsi entro).<\/p>\n<p>Cibo a base di carboidrati = per le specie di formiche mangiatrici di zucchero\/miele<br \/>\n\u00c8 un mangime supplementare (mangime composto)<br \/>\nPu\u00f2 essere mescolato con una goccia d'acqua e ha una durata di conservazione di 3 giorni quando \u00e8 bagnato. Pulire accuratamente la ciotola\/tubo di alimentazione prima di riutilizzarla.<br \/>\nUna confezione aperta deve essere usata ben chiusa (se conservata all'asciutto) fino alla data indicata (da consumarsi entro).<\/p>\n<p>Cibo di frutta = per le specie di formiche mangiatrici di frutta (frugivore)<br \/>\n\u00c8 un mangime supplementare (mangime unico)<br \/>\nPu\u00f2 essere mescolato con una goccia d'acqua e ha una durata di conservazione di 3 giorni quando \u00e8 bagnato. Pulire accuratamente la ciotola\/tubo di alimentazione prima di riutilizzarla.<br \/>\nUna confezione aperta deve essere usata ben chiusa (se conservata all'asciutto) fino alla data indicata (da consumarsi entro).<\/p>\n<p>Soluzione di zucchero e miele = per le specie di formiche che mangiano zucchero e miele.<br \/>\n\u00c8 un mangime supplementare (mangime composto)<br \/>\nPu\u00f2 essere offerto agli animali nelle condizioni consegnate. Poich\u00e9 l'umidit\u00e0 riduce la concentrazione di zucchero e inizia un processo di fermentazione, il cibo dovrebbe essere sostituito ogni 3 giorni. Pulire accuratamente la ciotola\/tubo di alimentazione prima di riutilizzarla.<br \/>\nUna confezione aperta deve essere usata ben chiusa fino alla data indicata (da consumarsi entro).<\/p>\n<p><strong>Avviso:<\/strong><br \/>\nLe informazioni su come usare i tubi di alimentazione possono essere trovate qui: Link<br \/>\nMangime completo per formiche insettivore.<br \/>\nSi prega di fare riferimento al foglietto illustrativo per la composizione, gli ingredienti analitici, la data di scadenza e il numero di lotto.<\/p>\n<p>Numero verde per informazioni +49 30 439703870<\/p>\n<p>Autorit\u00e0 veterinaria e di vigilanza alimentare responsabile:<br \/>\nUfficio veterinario Steglitz<br \/>\nVia K\u00f6nigin-Luise 92<br \/>\n14195 Berlino<\/p>","protected":false},"excerpt":{"rendered":"<p>Alimentazione completa<\/p>","protected":false},"featured_media":309,"comment_status":"open","ping_status":"closed","template":"","meta":{"_acf_changed":false,"content-type":"","_monsterinsights_skip_tracking":false,"_monsterinsights_sitenote_active":false,"_monsterinsights_sitenote_note":"","_monsterinsights_sitenote_category":0},"product_brand":[],"product_cat":[115,116],"product_tag":[],"class_list":{"0":"post-2841","1":"product","2":"type-product","3":"status-publish","4":"has-post-thumbnail","6":"product_cat-food-and-feeding","7":"product_cat-food","9":"first","10":"instock","11":"taxable","12":"shipping-taxable","13":"purchasable","14":"product-type-simple"},"acf":[],"aioseo_notices":[],"jetpack_sharing_enabled":true,"_links":{"self":[{"href":"https:\/\/antcube.shop\/it\/wp-json\/wp\/v2\/product\/2841","targetHints":{"allow":["GET"]}}],"collection":[{"href":"https:\/\/antcube.shop\/it\/wp-json\/wp\/v2\/product"}],"about":[{"href":"https:\/\/antcube.shop\/it\/wp-json\/wp\/v2\/types\/product"}],"replies":[{"embeddable":true,"href":"https:\/\/antcube.shop\/it\/wp-json\/wp\/v2\/comments?post=2841"}],"wp:featuredmedia":[{"embeddable":true,"href":"https:\/\/antcube.shop\/it\/wp-json\/wp\/v2\/media\/309"}],"wp:attachment":[{"href":"https:\/\/antcube.shop\/it\/wp-json\/wp\/v2\/media?parent=2841"}],"wp:term":[{"taxonomy":"product_brand","embeddable":true,"href":"https:\/\/antcube.shop\/it\/wp-json\/wp\/v2\/product_brand?post=2841"},{"taxonomy":"product_cat","embeddable":true,"href":"https:\/\/antcube.shop\/it\/wp-json\/wp\/v2\/product_cat?post=2841"},{"taxonomy":"product_tag","embeddable":true,"href":"https:\/\/antcube.shop\/it\/wp-json\/wp\/v2\/product_tag?post=2841"}],"curies":[{"name":"wp","href":"https:\/\/api.w.org\/{rel}","templated":true}]}}