{"id":2839,"date":"2021-10-13T18:37:12","date_gmt":"2021-10-13T16:37:12","guid":{"rendered":"https:\/\/antcube.shop\/produkt\/bodengrund-regenwald-1-kg\/"},"modified":"2026-04-17T21:44:09","modified_gmt":"2026-04-17T19:44:09","slug":"bodengrund-regenwald-1-kg","status":"publish","type":"product","link":"https:\/\/antcube.shop\/it\/prodotto\/bodengrund-regenwald-1-kg\/","title":{"rendered":"Substrato - Foresta pluviale - 1 Kg"},"content":{"rendered":"<p><strong>Contenuto:<\/strong> 1 Kg<\/p>\n<p><strong>Materiale:<\/strong> sabbia, torba, humus, argilla<\/p>\n<p><strong>Colore:<\/strong> marrone, beige<\/p>\n<p><strong>Descrizione:<\/strong> Questo terreno naturale della foresta pluviale consiste in una miscela di sabbia, torba, humus e argilla.<br \/>\nHa un contenuto di argilla leggermente pi\u00f9 basso del normale terreno della foresta pluviale, ma questo rende pi\u00f9 facile per le formiche scavare ed \u00e8 molto meglio accettato dalle formiche. E' adatto a tutte le specie di formiche che vivono nel suolo della foresta pluviale o in generale in habitat tropicali umidi.<\/p>\n<p><strong>Applicazione:<\/strong> Il terreno di scavo pu\u00f2 essere usato per il nido e l'area dell'arena!<\/p>\n<p><strong>Nota:<\/strong> poich\u00e9 questo \u00e8 un prodotto naturale puro, ci possono essere piccole differenze di colore e struttura che non possiamo influenzare.<\/p>\n<p><strong>Importante:<\/strong> Si prega di inumidire il substrato prima dell'uso, in modo che la miscela possa combinarsi e sviluppare una presa salda nel formicaio. Inoltre, un substrato troppo secco e polveroso pu\u00f2 causare il blocco delle vie respiratorie delle formiche e, nel peggiore dei casi, il soffocamento degli animali.<\/p>","protected":false},"excerpt":{"rendered":"<p>Terreno\/ substrato dell'habitat naturale speciale<\/p>","protected":false},"featured_media":5501,"comment_status":"open","ping_status":"closed","template":"","meta":{"_acf_changed":false,"content-type":"","_monsterinsights_skip_tracking":false,"_monsterinsights_sitenote_active":false,"_monsterinsights_sitenote_note":"","_monsterinsights_sitenote_category":0},"product_brand":[],"product_cat":[96],"product_tag":[],"class_list":{"0":"post-2839","1":"product","2":"type-product","3":"status-publish","4":"has-post-thumbnail","6":"product_cat-soil","8":"first","9":"instock","10":"taxable","11":"shipping-taxable","12":"purchasable","13":"product-type-simple"},"acf":[],"aioseo_notices":[],"jetpack_sharing_enabled":true,"_links":{"self":[{"href":"https:\/\/antcube.shop\/it\/wp-json\/wp\/v2\/product\/2839","targetHints":{"allow":["GET"]}}],"collection":[{"href":"https:\/\/antcube.shop\/it\/wp-json\/wp\/v2\/product"}],"about":[{"href":"https:\/\/antcube.shop\/it\/wp-json\/wp\/v2\/types\/product"}],"replies":[{"embeddable":true,"href":"https:\/\/antcube.shop\/it\/wp-json\/wp\/v2\/comments?post=2839"}],"wp:featuredmedia":[{"embeddable":true,"href":"https:\/\/antcube.shop\/it\/wp-json\/wp\/v2\/media\/5501"}],"wp:attachment":[{"href":"https:\/\/antcube.shop\/it\/wp-json\/wp\/v2\/media?parent=2839"}],"wp:term":[{"taxonomy":"product_brand","embeddable":true,"href":"https:\/\/antcube.shop\/it\/wp-json\/wp\/v2\/product_brand?post=2839"},{"taxonomy":"product_cat","embeddable":true,"href":"https:\/\/antcube.shop\/it\/wp-json\/wp\/v2\/product_cat?post=2839"},{"taxonomy":"product_tag","embeddable":true,"href":"https:\/\/antcube.shop\/it\/wp-json\/wp\/v2\/product_tag?post=2839"}],"curies":[{"name":"wp","href":"https:\/\/api.w.org\/{rel}","templated":true}]}}