{"id":2825,"date":"2021-10-13T18:33:32","date_gmt":"2021-10-13T16:33:32","guid":{"rendered":"https:\/\/antcube.shop\/produkt\/ytongnest-20x20\/"},"modified":"2026-04-16T20:25:13","modified_gmt":"2026-04-16T18:25:13","slug":"ytongnest-20x20","status":"publish","type":"product","link":"https:\/\/antcube.shop\/it\/prodotto\/ytongnest-20x20\/","title":{"rendered":"Ytongnest - 20\u00d720"},"content":{"rendered":"<p><strong>Materiale:<\/strong> cemento aerato, vetro, plastica PMMA e PVC<\/p>\n<p><strong>Connessione:<\/strong> 2x fori da 14mm<\/p>\n<p><strong>Contenuto:<\/strong><br \/>\n1x blocco di cemento aerato 20x20x5 cm con camere profonde 20mm.<br \/>\n1x piastra di vetro 20\u00d720 cm con un'apertura di 50 mm<br \/>\n1x anello da 50mm con apertura da 27mm<br \/>\n2x tappo Formicarium 13mm<br \/>\n1x tappo Formicarium 27mm<\/p>\n<p><strong>Descrizione:<\/strong><br \/>\nYtong \u00e8 una marca, il materiale stesso si chiama cemento aerato.<br \/>\nGrazie alla propriet\u00e0 di trattenere l'acqua, il materiale \u00e8 adatto alla conservazione delle formiche.<br \/>\n\u00c8 possibile tenere in esso un gran numero di specie scavatrici, sia di habitat secchi che umidi.<br \/>\nA seconda della specie di formica, si raccomanda di coprire il fondo delle camere con un substrato di terra. Alcune specie si sentono pi\u00f9 a loro agio in questo modo e per esempio le specie di formiche Ponerinae hanno bisogno di terra in modo che le loro larve possano impuparsi correttamente.<br \/>\nSi consiglia di attaccare un'arena al nido per usarlo come un formicaio completo.<\/p>\n<p><strong>Suggerimento:<\/strong><br \/>\nPer evitare che l'acqua fuoriesca dallo Ytong dopo aver inumidito l'area del nido e si raccolga sulla superficie dei mobili sottostanti, o che il materiale ruvido graffi le superfici, consigliamo di ordinare una delle nostre vaschette di vetro abbinate ai nostri nidi Ytong. Queste sono impermeabili e quindi proteggono efficacemente le superfici sottostanti dall'acqua e dai danni da graffi.<\/p>\n<p><strong>Uso:<\/strong><br \/>\n<strong>Per le specie di formiche di dimensioni M - L.<\/strong><br \/>\nIl cemento cellulare \u00e8 un materiale molto fragile e fragile. Pertanto, a causa del processo di fabbricazione, \u00e8 impossibile evitare che gli angoli e i bordi presentino leggere rotture e irregolarit\u00e0.<br \/>\nPer questo motivo, i nidi di Ytong non sono adatti alle specie di formiche molto piccole, di taglia S, che qui potrebbero facilmente evadere.<\/p>","protected":false},"excerpt":{"rendered":"<p>Connessione: 2x apertura 14mm<br \/>\nDimensioni: <strong><span style=\"color: #339966;\">M<\/span><\/strong><strong> &#8211; <span style=\"color: #0000ff;\">L<\/span><\/strong><\/p>","protected":false},"featured_media":3010,"comment_status":"open","ping_status":"closed","template":"","meta":{"_acf_changed":false,"content-type":"","_monsterinsights_skip_tracking":false,"_monsterinsights_sitenote_active":false,"_monsterinsights_sitenote_note":"","_monsterinsights_sitenote_category":0},"product_brand":[],"product_cat":[80,86],"product_tag":[],"class_list":{"0":"post-2825","1":"product","2":"type-product","3":"status-publish","4":"has-post-thumbnail","6":"product_cat-antfarms","7":"product_cat-formicariums","9":"first","10":"instock","11":"taxable","12":"shipping-taxable","13":"purchasable","14":"product-type-simple"},"acf":[],"aioseo_notices":[],"jetpack_sharing_enabled":true,"_links":{"self":[{"href":"https:\/\/antcube.shop\/it\/wp-json\/wp\/v2\/product\/2825","targetHints":{"allow":["GET"]}}],"collection":[{"href":"https:\/\/antcube.shop\/it\/wp-json\/wp\/v2\/product"}],"about":[{"href":"https:\/\/antcube.shop\/it\/wp-json\/wp\/v2\/types\/product"}],"replies":[{"embeddable":true,"href":"https:\/\/antcube.shop\/it\/wp-json\/wp\/v2\/comments?post=2825"}],"wp:featuredmedia":[{"embeddable":true,"href":"https:\/\/antcube.shop\/it\/wp-json\/wp\/v2\/media\/3010"}],"wp:attachment":[{"href":"https:\/\/antcube.shop\/it\/wp-json\/wp\/v2\/media?parent=2825"}],"wp:term":[{"taxonomy":"product_brand","embeddable":true,"href":"https:\/\/antcube.shop\/it\/wp-json\/wp\/v2\/product_brand?post=2825"},{"taxonomy":"product_cat","embeddable":true,"href":"https:\/\/antcube.shop\/it\/wp-json\/wp\/v2\/product_cat?post=2825"},{"taxonomy":"product_tag","embeddable":true,"href":"https:\/\/antcube.shop\/it\/wp-json\/wp\/v2\/product_tag?post=2825"}],"curies":[{"name":"wp","href":"https:\/\/api.w.org\/{rel}","templated":true}]}}