{"id":2824,"date":"2021-10-13T18:33:13","date_gmt":"2021-10-13T16:33:13","guid":{"rendered":"https:\/\/antcube.shop\/produkt\/food-mix-set-fur-kornersammler\/"},"modified":"2026-04-08T08:48:03","modified_gmt":"2026-04-08T06:48:03","slug":"food-mix-set-fur-kornersammler","status":"publish","type":"product","link":"https:\/\/antcube.shop\/it\/prodotto\/food-mix-set-fur-kornersammler\/","title":{"rendered":"Set di miscele alimentari - per formiche raccoglitrici di grano"},"content":{"rendered":"<p><strong>Contenuto:<\/strong> 2ml per tubo di alimentazione<br \/>\n2x mangime di grano Minor (Mi)<br \/>\n1x cibo di grano Media (Me)<br \/>\n1x cibo di grano Maggiore (Ma)<br \/>\n1x polline di fiori (B)<br \/>\n1x mangime a base di carboidrati (K)<br \/>\n2x Mangime proteico (PP)<br \/>\n1x mangime proteico FD insetti Pi)<br \/>\n1x mangime per frutta (F)<\/p>\n<p><span data-text-color=\"alert\"><strong>Attenzione:<\/strong> <\/span>Si prega di mescolare la polvere con un goccio d'acqua, poich\u00e9 non viene accettata dagli animali quando \u00e8 asciutta!<\/p>\n<p><strong>Descrizione:<\/strong> Questo \u00e8 un set di cibo per le specie che raccolgono cereali come il genere Messor e contiene proteine, carboidrati e cereali\/semi per tutte le scatole dei lavoratori. Poich\u00e9 le singole razioni di cibo sono in tubi separati, sono facili da dosare.<\/p>\n<p><strong>Uso \/ Applicazione:<\/strong><br \/>\nCibo proteico = per le specie di formiche insettivore (Eulipotyphla).<br \/>\n\u00c8 un mangime supplementare (mangime misto)<br \/>\nDovrebbe essere mescolato con una goccia d'acqua e poi in condizioni umide pu\u00f2 essere tenuto solo 1 giorno. Pulire accuratamente la ciotola\/tubo di alimentazione prima di riutilizzarla.<br \/>\nUna confezione aperta deve essere usata ben chiusa (se conservata all'asciutto) fino alla data indicata (da consumarsi entro).<\/p>\n<p>Mangime proteico FD = per specie di formiche insettivore (Eulipotyphla)<br \/>\nSi tratta di un mangime supplementare (mangime composto).<br \/>\nDeve essere mescolato con una goccia d'acqua e poi pu\u00f2 essere tenuto solo 1 giorno quando \u00e8 bagnato. Pulire accuratamente la ciotola\/tubo di alimentazione prima di riutilizzarla.<br \/>\nUna confezione aperta deve essere usata ben chiusa (se conservata all'asciutto) fino alla data indicata (da consumarsi entro).<\/p>\n<p>Cibo a base di carboidrati = per le specie di formiche mangiatrici di zucchero\/miele<br \/>\n\u00c8 un mangime supplementare (mangime composto)<br \/>\nPu\u00f2 essere mescolato con una goccia d'acqua e ha una durata di conservazione di 3 giorni quando \u00e8 bagnato. Pulire accuratamente la ciotola\/tubo di alimentazione prima di riutilizzarla.<br \/>\nUna confezione aperta deve essere usata ben chiusa (se conservata all'asciutto) fino alla data indicata (da consumarsi entro).<\/p>\n<p>Cibo di frutta = per le specie di formiche mangiatrici di frutta (frugivore)<br \/>\n\u00c8 un mangime supplementare (mangime unico)<br \/>\nPu\u00f2 essere mescolato con una goccia d'acqua e ha una durata di conservazione di 3 giorni quando \u00e8 bagnato. Pulire accuratamente la ciotola\/tubo di alimentazione prima di riutilizzarla.<br \/>\nUna confezione aperta deve essere usata ben chiusa (se conservata all'asciutto) fino alla data indicata (da consumarsi entro).<\/p>\n<p>Polline di fiori = per le specie di formiche mangiatrici di polline di fiori.<br \/>\n\u00c8 un mangime supplementare (mangime unico)<br \/>\nPu\u00f2 essere offerto agli animali nello stato consegnato. Poich\u00e9 l'umidit\u00e0 ne ammorbidisce la consistenza, il cibo dovrebbe essere sostituito ogni 5 giorni. Pulire accuratamente la ciotola\/tubo di alimentazione prima di riutilizzarla.<br \/>\nUna confezione aperta deve essere usata ben chiusa (se conservata all'asciutto) fino alla data indicata (da consumarsi entro).<\/p>\n<p>Alimentazione del grano Minore<br \/>\nAlimentazione del grano Media<br \/>\nCibo di grano Maggiore = per le specie di formiche mangiatrici di grano = (granivore)<br \/>\n\u00c8 un mangime supplementare (mangime misto)<br \/>\nPu\u00f2 essere offerto agli animali nelle condizioni di consegna. La ciotola\/tubo di alimentazione deve essere collocata in un luogo asciutto. In condizioni di umidit\u00e0, i grani (semi) possono iniziare a germinare. Se questo viene notato, il mangime deve essere sostituito.<br \/>\nUna confezione aperta deve essere usata ben chiusa (se conservata all'asciutto) fino alla data indicata (da consumarsi entro).<\/p>\n<p><strong>Avviso:<\/strong><br \/>\nLe informazioni su come utilizzare i tubi di alimentazione possono essere trovate qui: Link<br \/>\nMangime completo per formiche granivore.<br \/>\nSi prega di fare riferimento al foglietto illustrativo per la composizione, gli ingredienti analitici, la data di scadenza e il numero di lotto.<\/p>\n<p>Numero verde per informazioni +49 30 439703870<\/p>\n<p>Autorit\u00e0 veterinaria e di vigilanza alimentare responsabile:<br \/>\nUfficio veterinario Steglitz<br \/>\nVia K\u00f6nigin-Luise 92<br \/>\n14195 Berlino<\/p>\n<p>&nbsp;<\/p>","protected":false},"excerpt":{"rendered":"<p>Alimentazione completa<\/p>","protected":false},"featured_media":308,"comment_status":"open","ping_status":"closed","template":"","meta":{"_acf_changed":false,"content-type":"","_monsterinsights_skip_tracking":false,"_monsterinsights_sitenote_active":false,"_monsterinsights_sitenote_note":"","_monsterinsights_sitenote_category":0},"product_brand":[],"product_cat":[115,116],"product_tag":[],"class_list":{"0":"post-2824","1":"product","2":"type-product","3":"status-publish","4":"has-post-thumbnail","6":"product_cat-food-and-feeding","7":"product_cat-food","9":"first","10":"instock","11":"taxable","12":"shipping-taxable","13":"purchasable","14":"product-type-simple"},"acf":[],"aioseo_notices":[],"jetpack_sharing_enabled":true,"_links":{"self":[{"href":"https:\/\/antcube.shop\/it\/wp-json\/wp\/v2\/product\/2824","targetHints":{"allow":["GET"]}}],"collection":[{"href":"https:\/\/antcube.shop\/it\/wp-json\/wp\/v2\/product"}],"about":[{"href":"https:\/\/antcube.shop\/it\/wp-json\/wp\/v2\/types\/product"}],"replies":[{"embeddable":true,"href":"https:\/\/antcube.shop\/it\/wp-json\/wp\/v2\/comments?post=2824"}],"wp:featuredmedia":[{"embeddable":true,"href":"https:\/\/antcube.shop\/it\/wp-json\/wp\/v2\/media\/308"}],"wp:attachment":[{"href":"https:\/\/antcube.shop\/it\/wp-json\/wp\/v2\/media?parent=2824"}],"wp:term":[{"taxonomy":"product_brand","embeddable":true,"href":"https:\/\/antcube.shop\/it\/wp-json\/wp\/v2\/product_brand?post=2824"},{"taxonomy":"product_cat","embeddable":true,"href":"https:\/\/antcube.shop\/it\/wp-json\/wp\/v2\/product_cat?post=2824"},{"taxonomy":"product_tag","embeddable":true,"href":"https:\/\/antcube.shop\/it\/wp-json\/wp\/v2\/product_tag?post=2824"}],"curies":[{"name":"wp","href":"https:\/\/api.w.org\/{rel}","templated":true}]}}