{"id":2821,"date":"2021-10-13T18:28:32","date_gmt":"2021-10-13T16:28:32","guid":{"rendered":"https:\/\/antcube.shop\/produkt\/handlupe-2fach-30mm\/"},"modified":"2026-04-02T17:07:21","modified_gmt":"2026-04-02T15:07:21","slug":"handlupe-2fach-30mm","status":"publish","type":"product","link":"https:\/\/antcube.shop\/it\/prodotto\/handlupe-2fach-30mm\/","title":{"rendered":"Lente d'ingrandimento manuale - 2x - 30mm"},"content":{"rendered":"<p><strong>Dimensioni (LxWxH):<\/strong> 80x36x2 mm<\/p>\n<p><strong>Materiale:<\/strong> plastica<\/p>\n<p><strong>Colore:<\/strong> trasparente<\/p>\n<p><strong>Contenuti:<\/strong><br \/>\n<strong>1x<\/strong> lente d'ingrandimento a mano<\/p>\n<p><strong>Specifiche tecniche:<\/strong><br \/>\nIngrandimento = 2x<\/p>\n<p><strong>Descrizione \/ Applicazione:<\/strong><br \/>\nLente d'ingrandimento manuale per controllare le formiche o gli insetti che si nutrono.<\/p>\n<p><strong>Avviso:<\/strong><br \/>\nLavorazione semplice e qualit\u00e0 semplice, perch\u00e9 fatto di plastica ed \u00e8 sensibile ai graffi.<\/p>","protected":false},"excerpt":{"rendered":"<p>Dimensioni (LxLxH): 80x36x2 mm Materiale: plastica Colore: trasparente Contenuto: 1x lente d'ingrandimento manuale Specifiche tecniche: Ingrandimento = 2x Descrizione \/ Applicazione: Lente d'ingrandimento manuale per controllare le formiche o nutrire gli insetti. Avviso: Lavorazione semplice e qualit\u00e0 semplice, perch\u00e9 \u00e8 fatta di plastica ed \u00e8 sensibile ai graffi.<\/p>","protected":false},"featured_media":310,"comment_status":"open","ping_status":"closed","template":"","meta":{"_acf_changed":false,"content-type":"","_monsterinsights_skip_tracking":false,"_monsterinsights_sitenote_active":false,"_monsterinsights_sitenote_note":"","_monsterinsights_sitenote_category":0},"product_brand":[],"product_cat":[237],"product_tag":[],"class_list":{"0":"post-2821","1":"product","2":"type-product","3":"status-publish","4":"has-post-thumbnail","6":"product_cat-tools","8":"first","9":"instock","10":"taxable","11":"shipping-taxable","12":"purchasable","13":"product-type-simple"},"acf":[],"aioseo_notices":[],"jetpack_sharing_enabled":true,"_links":{"self":[{"href":"https:\/\/antcube.shop\/it\/wp-json\/wp\/v2\/product\/2821","targetHints":{"allow":["GET"]}}],"collection":[{"href":"https:\/\/antcube.shop\/it\/wp-json\/wp\/v2\/product"}],"about":[{"href":"https:\/\/antcube.shop\/it\/wp-json\/wp\/v2\/types\/product"}],"replies":[{"embeddable":true,"href":"https:\/\/antcube.shop\/it\/wp-json\/wp\/v2\/comments?post=2821"}],"wp:featuredmedia":[{"embeddable":true,"href":"https:\/\/antcube.shop\/it\/wp-json\/wp\/v2\/media\/310"}],"wp:attachment":[{"href":"https:\/\/antcube.shop\/it\/wp-json\/wp\/v2\/media?parent=2821"}],"wp:term":[{"taxonomy":"product_brand","embeddable":true,"href":"https:\/\/antcube.shop\/it\/wp-json\/wp\/v2\/product_brand?post=2821"},{"taxonomy":"product_cat","embeddable":true,"href":"https:\/\/antcube.shop\/it\/wp-json\/wp\/v2\/product_cat?post=2821"},{"taxonomy":"product_tag","embeddable":true,"href":"https:\/\/antcube.shop\/it\/wp-json\/wp\/v2\/product_tag?post=2821"}],"curies":[{"name":"wp","href":"https:\/\/api.w.org\/{rel}","templated":true}]}}