{"id":2744,"date":"2021-10-08T12:05:54","date_gmt":"2021-10-08T10:05:54","guid":{"rendered":"https:\/\/antcube.shop\/produkt\/antcube-starter-set-s-20x20-wald\/"},"modified":"2026-04-07T10:39:01","modified_gmt":"2026-04-07T08:39:01","slug":"set-antcube-starter-s-20x20-wald","status":"publish","type":"product","link":"https:\/\/antcube.shop\/it\/prodotto\/set-antcube-starter-s-20x20-wald\/","title":{"rendered":"ANTCUBE Starter Set S - 20\u00d720 - Foresta"},"content":{"rendered":"<p><strong>Contenuti:<\/strong><br \/>\n1x Marmellata di grilli 25g<br \/>\n1x Miele di bosco (Wa) - ricarica 10ml<\/p>\n<p>1x ANTCUBO - Arena 20x20x10 - piatto<br \/>\n1x Formica arena telaio 20\u00d720<br \/>\n1x copertura dell'arena delle formiche 20\u00d720<br \/>\n4 punti di fissaggio per la copertura dell'arena<br \/>\n1x ANTCUBE - Formicaio - L - 20\u00d720 - verticale<\/p>\n<p>1x 0,5m tubo trasparente 10\/06 mm<br \/>\n1x ANTCUBE - Foglio rosso 20\u00d720 - filtro<br \/>\n1x morsetti adesivi - trasparenti 2 pz.<br \/>\n1x substrato - foresta - 1kg<br \/>\n1x Formicarien granuli 200 ml - nero<\/p>\n<p>1x inserto a griglia - 50mm - acciaio inossidabile<br \/>\n1x tappo per formicaio per foro da 50mm<br \/>\n1x tappo Formicarium per il foro da 27mm<br \/>\n1x tappo di formicaio per presa da 6mm<\/p>\n<p>1x Connettore per bacino B-27 e S-10-16 mm M25 - set<br \/>\n1x Abbeveratoio 2ml - 360 gradi<br \/>\n1x abbeveratoio chiaro 20ml - spugna<br \/>\n1x ciotola chiara 1\u00d720 - spugna<br \/>\n1x mini termoigrometro analogico - display - appeso<br \/>\n1x Olio protettivo per formiche 10ml<br \/>\n1x Pinzette in acciaio per molle - larghe - morbide<br \/>\n1x Pinzetta in plastica trasparente<br \/>\n1x pipetta di plastica 3ml<br \/>\n1x lente d'ingrandimento manuale - 2x - 30mm<br \/>\n1x tergicristallo in schiuma 150x18x2,5mm<br \/>\n1x dorso fotografico - foresta - 20\u00d710<\/p>\n<p><strong>Descrizione:<\/strong><br \/>\nQuesto starter set forestale \u00e8 adatto a tutte le specie di formiche che vivono nel suolo della foresta.<\/p>\n<p>Nella fattoria completamente trasparente (nest), il \"Soil - Desert\" viene utilizzato per riempire la fattoria. Se necessario, \u00e8 possibile collegare moduli aggiuntivi attraverso i fori da 50 mm del coperchio, ad esempio nebulizzatori, ventilatori o luci disponibili separatamente. In alternativa, per chiudere le aperture sono inclusi i tappi per formicaio adatti. Se lo si desidera, il formicario pu\u00f2 essere utilizzato anche aperto, semplicemente fissando il telaio rimovibile e applicando l'olio antiformiche sul bordo. L'\"abbeveratoio 2ml - 360 gradi\" \u00e8 destinato alla soluzione di miele\/zucchero, l'\"abbeveratoio chiaro 20ml - spugna\" all'acqua. Il \"Mini termoigrometro\" pu\u00f2 essere fissato al telaio o al coperchio e visualizza i valori climatici.<\/p>\n<p><strong>Importante:<\/strong> Inumidire il substrato prima dell'uso, in modo che la miscela possa legarsi e fare presa sul formicaio. Inoltre, se il substrato \u00e8 troppo secco e polveroso, le vie respiratorie delle formiche potrebbero ostruirsi e, nel peggiore dei casi, gli animali potrebbero soffocare.<\/p>\n<p><strong>Raccomandazione:<\/strong> Raccomandiamo uno strato di substrato di 2 mm di altezza, in modo che gli animali non possano scavare nell'arena e utilizzino invece la fattoria fornita a questo scopo. Raccomandiamo anche che il materiale di nidificazione nella fattoria (sabbia\/argilla, Digfix, ecc.) sia leggermente perforato in un punto per facilitare lo scavo agli animali.<\/p>\n<p><strong>Note sulla produzione<\/strong><br \/>\nIl vetro viene tagliato a misura secondo la norma DIN 1249 con una tolleranza di +\/- 1 mm. Per le specie di formiche estremamente piccole \u00e8 indispensabile un'ulteriore protezione antisfondamento.<\/p>\n<p><strong>Note sulla fattoria<\/strong><br \/>\nQuando si attaccano o si rimuovono i tubi, si prega di notare quanto segue:<br \/>\nSe il tubo risulta molto difficile da inserire nel raccordo, \u00e8 necessario strofinare leggermente il raccordo con una goccia del nostro olio o polvere anti-scoppio. Il tubo deve quindi essere spinto sul raccordo con movimenti di rotazione o di avvitamento, senza sforzare il raccordo con movimenti su e gi\u00f9. Lo stesso vale quando si rimuovono i tubi dal raccordo dell'azienda agricola. Non tiratelo semplicemente!<\/p>\n<p><strong>Istruzioni:<\/strong> (Versione 2023, la versione aggiornata per il 2024 sar\u00e0 disponibile al pi\u00f9 tardi entro il 04\/2024)<\/p>\n<p>- DE <a href=\"https:\/\/www.antstore.net\/shop\/images\/info\/de\/Gebrauchsanweisung%20Starter%20Set%20Habitat.pdf\">Gebrauchsanweisung Starter Set Habitat<\/a> (PDF 3,21 MB)<\/p>\n<p>- IT <a href=\"https:\/\/www.antstore.net\/shop\/images\/info\/en\/Instructions%20for%20use%20-%20Starter%20Set%20Habitat.pdf\">Istruzioni per l'uso - Starter Set Habitat<\/a> (PDF 3,21 MB)<\/p>\n<p>- ES <a href=\"https:\/\/www.antstore.net\/shop\/images\/info\/es\/Manual%20de%20instrucciones%20-%20Set%20de%20inicio%20H%C3%A1bitat.pdf\">Manuale d'istruzioni - Set de inicio H\u00e1bitat<\/a> (PDF 3,21 MB)<\/p>\n<p>- FR <a href=\"https:\/\/www.antstore.net\/shop\/images\/info\/fr\/Manuel%20d'instruction%20-%20Kit%20de%20d%C3%A9marrage%20Habitat.pdf\">Manuale d'istruzioni - Kit di smontaggio Habitat<\/a> (PDF 3,21 MB)<\/p>\n<p><strong>Note sul miele di bosco (Wa) - confezione di ricarica da 10ml<\/strong><br \/>\nContenuto: 10 ml<\/p>\n<p><strong>Descrizione:<\/strong> Si tratta di un prodotto puramente naturale. Il miele proviene dalle foreste ed \u00e8 quindi ideale per le specie di formiche che vivono nelle foreste.<br \/>\nIl tubo di cibo pu\u00f2 essere collocato nella sua interezza nel formicario, in alternativa si possono aggiungere piccole quantit\u00e0 in una ciotola di cibo a seconda delle necessit\u00e0 e delle dimensioni della colonia. Il cibo deve essere consumato entro circa 3 giorni, altrimenti c'\u00e8 il rischio di muffe; per lo stesso motivo, pulite la ciotola del cibo prima di riempirla di nuovo.<\/p>\n<p><strong>Utilizzare:<\/strong><br \/>\nMiele di bosco = per le specie di formiche mangiatrici di miele (Meliphagidae)<br \/>\nSi tratta di un mangime supplementare<br \/>\nPu\u00f2 essere offerto agli animali cos\u00ec come viene fornito. Poich\u00e9 la concentrazione di zucchero viene ridotta dall'umidit\u00e0 e inizia un processo di fermentazione, il mangime deve essere sostituito ogni 3 giorni. Pulire accuratamente la ciotola o la provetta prima di riutilizzarla.<br \/>\nUna volta aperta, la confezione deve essere conservata ben chiusa fino alla data di scadenza.<\/p>\n<p><strong>Contiene:<\/strong> Ingredienti del miele in generale, le proporzioni variano a seconda del tipo di miele.<br \/>\n- circa 38 % zucchero di frutta (fruttosio)<br \/>\n- circa 32 % destrosio (glucosio)<br \/>\n- circa 20 % acqua<br \/>\n- circa 5 % polisaccaridi<br \/>\n- circa 5 vitamine % (B1, B2, B6, C, H)<br \/>\nMinerali (potassio, calcio, rame, ferro, sodio, magnesio, fosforo, zinco e altri oligoelementi) Aminoacidi (prolina, leucina, fenilalanina, alanina, istidina, isoleucina, acido glutammico, arginina, acido aspartico, ecc.) Acidi organici Enzimi (fermenti) Aromi Inibitori (sostanze antibatteriche) Fiori Polline<\/p>\n<p><strong>Stoccaggio:<\/strong> Per garantire la qualit\u00e0 del mangime, \u00e8 necessario conservarlo in un luogo buio e asciutto.<\/p>\n<p><strong>Nota:<\/strong><br \/>\nMangime complementare per formiche mangiatrici di miele.<br \/>\nPer la composizione, gli ingredienti analitici, la data di scadenza e il numero di lotto, consultare il foglietto illustrativo.<\/p>\n<p>Numero verde per informazioni +49 30 439703870<\/p>\n<p><strong>Ispettorato veterinario e alimentare responsabile:<\/strong><br \/>\nUfficio veterinario Steglitz<br \/>\nVia K\u00f6nigin-Luise 92<br \/>\n14195 Berlino<\/p>\n<p><strong>Note sulla marmellata di grilli:<\/strong><br \/>\nLa nostra marmellata di grilli \u00e8 un modo semplice per fornire alle formiche cibo proteico appena conservato senza dover somministrare insetti vivi. I grilli contenuti (Acheta domesticus) sono stati cotti delicatamente per garantire la conservazione dei valori nutrizionali, del gusto e dell'aroma. Inoltre, l'involucro chitinoso degli insetti viene ammorbidito in modo da poter essere digerito pi\u00f9 facilmente. I legami delle proteine del collagene vengono spezzati in modo che le formiche possano utilizzarli meglio. L'Acheta domesticus in scatola ha lo stesso valore nutrizionale dei grilli vivi, ma \u00e8 pi\u00f9 facile da digerire.<\/p>\n<p>Il Cricket Jam non \u00e8 adatto per cacciare specie di formiche che richiedono cibo vivo (ad esempio, ponerini (grandi formiche) come Harpegnathos o Odontomachus).<\/p>\n<p><strong>Ulteriori vantaggi:<\/strong><br \/>\nGaranzia di assenza di acari<br \/>\nPu\u00f2 essere porzionato e diluito con acqua<br \/>\nSterilizzati e confezionati sottovuoto<br \/>\nSenza additivi<br \/>\nGrilli provenienti da allevamenti sostenibili puramente biologici, alimentati con rifiuti organici<\/p>\n<p><strong>Nota:<\/strong><br \/>\nSi conserva in frigorifero per circa quattro giorni dopo l'apertura. Si conserva pi\u00f9 a lungo se congelato.<br \/>\nAttenzione: Prima porzionare, poi congelare.<\/p>","protected":false},"excerpt":{"rendered":"<p>Il set consiste di 42 pezzi ed \u00e8 per tutte le specie di formiche che vivono nel suolo della foresta.<br \/>\nDimensioni: <span style=\"color: #ff8c00;\"><strong>S<\/strong><\/span><\/p>","protected":false},"featured_media":5450,"comment_status":"open","ping_status":"closed","template":"","meta":{"_acf_changed":false,"content-type":"","_monsterinsights_skip_tracking":false,"_monsterinsights_sitenote_active":false,"_monsterinsights_sitenote_note":"","_monsterinsights_sitenote_category":0},"product_brand":[],"product_cat":[73,74],"product_tag":[],"class_list":{"0":"post-2744","1":"product","2":"type-product","3":"status-publish","4":"has-post-thumbnail","6":"product_cat-starter-sets","7":"product_cat-starter-sets-habitat","9":"first","10":"outofstock","11":"taxable","12":"shipping-taxable","13":"purchasable","14":"product-type-simple"},"acf":[],"aioseo_notices":[],"jetpack_sharing_enabled":true,"_links":{"self":[{"href":"https:\/\/antcube.shop\/it\/wp-json\/wp\/v2\/product\/2744","targetHints":{"allow":["GET"]}}],"collection":[{"href":"https:\/\/antcube.shop\/it\/wp-json\/wp\/v2\/product"}],"about":[{"href":"https:\/\/antcube.shop\/it\/wp-json\/wp\/v2\/types\/product"}],"replies":[{"embeddable":true,"href":"https:\/\/antcube.shop\/it\/wp-json\/wp\/v2\/comments?post=2744"}],"wp:featuredmedia":[{"embeddable":true,"href":"https:\/\/antcube.shop\/it\/wp-json\/wp\/v2\/media\/5450"}],"wp:attachment":[{"href":"https:\/\/antcube.shop\/it\/wp-json\/wp\/v2\/media?parent=2744"}],"wp:term":[{"taxonomy":"product_brand","embeddable":true,"href":"https:\/\/antcube.shop\/it\/wp-json\/wp\/v2\/product_brand?post=2744"},{"taxonomy":"product_cat","embeddable":true,"href":"https:\/\/antcube.shop\/it\/wp-json\/wp\/v2\/product_cat?post=2744"},{"taxonomy":"product_tag","embeddable":true,"href":"https:\/\/antcube.shop\/it\/wp-json\/wp\/v2\/product_tag?post=2744"}],"curies":[{"name":"wp","href":"https:\/\/api.w.org\/{rel}","templated":true}]}}