{"id":2737,"date":"2021-10-08T12:04:45","date_gmt":"2021-10-08T10:04:45","guid":{"rendered":"https:\/\/antcube.shop\/produkt\/antcube-starter-set-fur-blattschneiderarten-gros\/"},"modified":"2026-04-15T12:56:37","modified_gmt":"2026-04-15T10:56:37","slug":"antcube-starter-set-fur-blattschneiderarten-gros","status":"publish","type":"product","link":"https:\/\/antcube.shop\/it\/prodotto\/antcube-starter-set-fur-blattschneiderarten-gros\/","title":{"rendered":"ANTCUBE - Set iniziale per formiche tagliafoglie - Grande"},"content":{"rendered":"<p><span data-text-color=\"alert\"><strong>Spedizione possibile solo tramite spedizione su paletta.<\/strong><\/span><\/p>\n<p><strong>Include:<\/strong><\/p>\n<p>1x ANTCUBE Arena 30x30x60 con porta scorrevole<br \/>\n1x telaio per porta scorrevole<br \/>\n2x ANTCUBE Arena 30x30x30cm<br \/>\n3x formica arena frame 30x30cm<br \/>\n3x formica arena copertura 30x30cm<br \/>\n12x punti di fissaggio per la copertura dell'arena<\/p>\n<p>1x tubo di formica - cristallino 50 mm - 1 m (dimezzato)<br \/>\n1x substrato - foresta pluviale - 1 kg<br \/>\n1x Formicarium granuli 200ml - beige<br \/>\n3x Formicarium base 30\u00d730<\/p>\n<p>3x Formicarium plug for 50mm hole<br \/>\n10x Grid insert acrylic &#8211; 50 mm with sealing ring<br \/>\n4x connettore per serbatoio da 1 1\/2\u2033 a 50 mm - cristallino<br \/>\n4x Formicarium dado 1 1\/2 pollici - cristallino<\/p>\n<p>1x Foil thermometer Display<br \/>\n1x drinking clear 5ml &#8211; sponge<br \/>\n1x pinzetta a molla in acciaio - larga - morbida<br \/>\n1x pinzetta per formicai - plastica<br \/>\n1x lente d'ingrandimento manuale - 2x - 30mm<br \/>\n1x olio di protezione dalle formiche 10ml<br \/>\n1x tergicristallo in schiuma 150x18x2,5mm<br \/>\n1x Bottiglia spray spruzzatore 0,5 litri - ugello in ottone<br \/>\n1x Petali di rosa 100g - essiccati<br \/>\n2x foto parete posteriore - foresta pluviale - 30\u00d730<br \/>\n1x parete posteriore per foto - foresta pluviale - 30\u00d760 - alta<\/p>\n<p><strong>Descrizione:<\/strong><br \/>\nThis expandable starter set for all leafcutter ant species contains, in addition to the optimally adapted formicarium, the appropriate accessories for keeping these ants. The voluminous basins allow easy handling for feeding and cleaning. The large holes (50 mm) and tubes not only make it easy to observe the ants, they also allow the animals to remove large pieces of leaf. The stainless steel mesh inserts ensure good ventilation and are robust against mechanical impact. Even large colonies of leaf-cutter ants, which are very fond of cutting, are unable to penetrate them. The sturdy screw sockets are also absolutely bite-proof.. If necessary, the humidity can be increased using the spray bottle.<\/p>\n<p><strong>Importante:<\/strong> Inumidire il substrato prima dell'uso, in modo che la miscela possa legarsi e fare presa sul formicaio. Inoltre, se il substrato \u00e8 troppo secco e polveroso, le vie respiratorie delle formiche potrebbero ostruirsi e, nel peggiore dei casi, gli animali potrebbero soffocare.<\/p>\n<p><strong>Note sulla produzione<\/strong><br \/>\nIl vetro viene tagliato a misura secondo la norma DIN 1249 con una tolleranza di +\/- 1 mm. Per le specie di formiche estremamente piccole \u00e8 indispensabile un'ulteriore protezione contro la fuga.<\/p>\n<p><strong>Descrizione della porta scorrevole arena: <\/strong>La nostra arena ANTCUBE 30x30x60 con porta scorrevole \u00e8 stata sviluppata per poter lavorare comodamente anche in formicai pieni. Sono particolarmente utili come formicaio per le formiche tessitrici (Polyrhachis e Oecophylla), poich\u00e9 amano costruire verso l'alto e hanno bisogno di una pianta ospite. A volte pu\u00f2 essere difficile rimuovere i rifiuti degli animali sul fondo del formicaio, ad esempio. Questo non \u00e8 un problema con questa vasca appositamente adattata. Lo sportello scorrevole \u00e8 molto pratico anche per le vasche di alimentazione delle formiche Acromyrmex o Atta, in quanto i resti di piante e altri rifiuti possono essere eliminati facilmente. \u00c8 inoltre possibile utilizzare il telaio della porta scorrevole (articolo n. 1005648) per evitare che gli animali scappino mentre si lavora.<\/p>","protected":false},"excerpt":{"rendered":"<p>The set consists of 47 parts and is suitable for all leaf cutter ant species.<br \/>\nDimensioni: <span style=\"color: #ed1c24;\"><strong>XL<\/strong><\/span><\/p>","protected":false},"featured_media":7665,"comment_status":"open","ping_status":"closed","template":"","meta":{"_acf_changed":false,"content-type":"","_monsterinsights_skip_tracking":false,"_monsterinsights_sitenote_active":false,"_monsterinsights_sitenote_note":"","_monsterinsights_sitenote_category":0},"product_brand":[484],"product_cat":[73,79],"product_tag":[],"class_list":{"0":"post-2737","1":"product","2":"type-product","3":"status-publish","4":"has-post-thumbnail","6":"product_brand-antcube","7":"product_cat-starter-sets","8":"product_cat-starter-sets-for-leafcutter-ants","9":"product_shipping_class-forwarding-on-pallet","11":"first","12":"instock","13":"taxable","14":"shipping-taxable","15":"purchasable","16":"product-type-simple"},"acf":[],"aioseo_notices":[],"jetpack_sharing_enabled":true,"_links":{"self":[{"href":"https:\/\/antcube.shop\/it\/wp-json\/wp\/v2\/product\/2737","targetHints":{"allow":["GET"]}}],"collection":[{"href":"https:\/\/antcube.shop\/it\/wp-json\/wp\/v2\/product"}],"about":[{"href":"https:\/\/antcube.shop\/it\/wp-json\/wp\/v2\/types\/product"}],"replies":[{"embeddable":true,"href":"https:\/\/antcube.shop\/it\/wp-json\/wp\/v2\/comments?post=2737"}],"wp:featuredmedia":[{"embeddable":true,"href":"https:\/\/antcube.shop\/it\/wp-json\/wp\/v2\/media\/7665"}],"wp:attachment":[{"href":"https:\/\/antcube.shop\/it\/wp-json\/wp\/v2\/media?parent=2737"}],"wp:term":[{"taxonomy":"product_brand","embeddable":true,"href":"https:\/\/antcube.shop\/it\/wp-json\/wp\/v2\/product_brand?post=2737"},{"taxonomy":"product_cat","embeddable":true,"href":"https:\/\/antcube.shop\/it\/wp-json\/wp\/v2\/product_cat?post=2737"},{"taxonomy":"product_tag","embeddable":true,"href":"https:\/\/antcube.shop\/it\/wp-json\/wp\/v2\/product_tag?post=2737"}],"curies":[{"name":"wp","href":"https:\/\/api.w.org\/{rel}","templated":true}]}}