{"id":2673,"date":"2021-10-04T15:33:49","date_gmt":"2021-10-04T13:33:49","guid":{"rendered":"https:\/\/antcube.shop\/produkt\/antcube-starter-set-l-20x20-combi\/"},"modified":"2026-04-06T16:57:09","modified_gmt":"2026-04-06T14:57:09","slug":"antcube-starter-set-l-20x20-combi","status":"publish","type":"product","link":"https:\/\/antcube.shop\/it\/prodotto\/antcube-starter-set-l-20x20-combi\/","title":{"rendered":"ANTCUBE Starter Set L - 20\u00d720 - Combi"},"content":{"rendered":"<p><strong>Contenuto:<\/strong><br \/>\n1x ANTCUBE - Arena 20x20x20 - Combi L<br \/>\n1x copertura dell'arena delle formiche 20\u00d720<br \/>\n4 punti di fissaggio per la copertura dell'arena<br \/>\n2x Tappi Formicarium per foro 27mm<br \/>\n2x tappo Formicarium per foro da 50mm<br \/>\n1x substrato - sabbia-loam beige - 1000g<br \/>\n1x bevitore 2ml - 360 gradi<br \/>\n1x dish clear 1&#215;20 &#8211; sponge<br \/>\n1x lente d'ingrandimento manuale - 2x - 30mm<br \/>\n1x pinzetta in plastica trasparente<br \/>\n1x pipetta di plastica 3ml<br \/>\n1x olio di fuga della formica 10ml<br \/>\n1x tergicristallo in schiuma 150x18x2,5mm<\/p>\n<p><strong>Descrizione:<\/strong><br \/>\nQuesto Starter Set - Combi \u00e8 adatto alla maggior parte delle specie di formiche che scavano nel terreno.<br \/>\nIl set \u00e8 molto compatto e gli accessori inclusi sono ridotti ai pi\u00f9 importanti.<br \/>\nQuindi, \u00e8 un set economico fatto di materiali di alta qualit\u00e0, che \u00e8 ideale per i principianti nel mantenimento delle formiche.<br \/>\nIl substrato incluso, sabbia - argilla beige, \u00e8 ben accettato dalla maggior parte delle specie di formiche scavatrici.<\/p>\n<p>Opzionalmente, altri substrati di terra o inserti di nido possono essere collocati nella zona di nido dell'arena.<br \/>\nSotto i suggerimenti (vedi sotto) troverete altri accessori utili.<\/p>\n<p><strong>Raccomandazione:<\/strong> Raccomandiamo uno strato di substrato di 2 mm di altezza, in modo che gli animali non possano scavare nell'arena e utilizzino invece la fattoria fornita a questo scopo. Raccomandiamo anche che il materiale di nidificazione nella fattoria (sabbia\/argilla, Digfix, ecc.) sia leggermente perforato in un punto per facilitare lo scavo agli animali.<\/p>\n<p><strong>Importante:<\/strong> Si prega di inumidire il substrato prima dell'uso in modo che la miscela possa legarsi e sviluppare una presa salda nel formicaio. Inoltre, un substrato troppo secco e polveroso pu\u00f2 causare il blocco delle vie respiratorie delle formiche e, nel peggiore dei casi, gli animali possono soffocare.<\/p>\n<p><strong>Avviso:<\/strong><br \/>\nQuando si usano i nostri inserti nido, si prega di notare che sono pi\u00f9 stretti di 8 mm, in quanto sono stati originariamente progettati per adattarsi ai nostri formicai pi\u00f9 stretti e agli inserti arena! Qui lo spazio in mezzo dovrebbe essere riempito con materiale di riempimento come gesso o argilla.<\/p>\n<p><strong>Note sulla produzione<\/strong><br \/>\nIl vetro \u00e8 tagliato secondo la norma DIN 1249 con una tolleranza di +\/- 1mm. Per le specie di formiche estremamente piccole, \u00e8 indispensabile una protezione supplementare contro la fuga.<\/p>\n<p><strong>Istruzioni:<\/strong><br \/>\n- DE Istruzioni per l'uso Starter Set Combi (PDF 7,98 MB)<br \/>\n- IT Istruzioni per l'uso - Starter Set Combi (PDF 7,94 MB)<br \/>\n- ES Manuale d'istruzioni - Set de inicio Combi (PDF 7,94 MB)<br \/>\n- FR Manuale d'istruzioni - Kit de d\u00e9marrage Combi (PDF 7,95 MB)<\/p>","protected":false},"excerpt":{"rendered":"<p>Il set consiste di 18 parti ed \u00e8 adatto a tutte le specie di formiche.<br \/>\nDimensioni: <span style=\"color: #0000ff;\"><strong>L<\/strong><\/span><\/p>","protected":false},"featured_media":5445,"comment_status":"open","ping_status":"closed","template":"","meta":{"_acf_changed":false,"content-type":"","_monsterinsights_skip_tracking":false,"_monsterinsights_sitenote_active":false,"_monsterinsights_sitenote_note":"","_monsterinsights_sitenote_category":0},"product_brand":[],"product_cat":[73,78],"product_tag":[],"class_list":{"0":"post-2673","1":"product","2":"type-product","3":"status-publish","4":"has-post-thumbnail","6":"product_cat-starter-sets","7":"product_cat-starter-sets-combi","9":"first","10":"instock","11":"taxable","12":"shipping-taxable","13":"purchasable","14":"product-type-simple"},"acf":[],"aioseo_notices":[],"jetpack_sharing_enabled":true,"_links":{"self":[{"href":"https:\/\/antcube.shop\/it\/wp-json\/wp\/v2\/product\/2673","targetHints":{"allow":["GET"]}}],"collection":[{"href":"https:\/\/antcube.shop\/it\/wp-json\/wp\/v2\/product"}],"about":[{"href":"https:\/\/antcube.shop\/it\/wp-json\/wp\/v2\/types\/product"}],"replies":[{"embeddable":true,"href":"https:\/\/antcube.shop\/it\/wp-json\/wp\/v2\/comments?post=2673"}],"wp:featuredmedia":[{"embeddable":true,"href":"https:\/\/antcube.shop\/it\/wp-json\/wp\/v2\/media\/5445"}],"wp:attachment":[{"href":"https:\/\/antcube.shop\/it\/wp-json\/wp\/v2\/media?parent=2673"}],"wp:term":[{"taxonomy":"product_brand","embeddable":true,"href":"https:\/\/antcube.shop\/it\/wp-json\/wp\/v2\/product_brand?post=2673"},{"taxonomy":"product_cat","embeddable":true,"href":"https:\/\/antcube.shop\/it\/wp-json\/wp\/v2\/product_cat?post=2673"},{"taxonomy":"product_tag","embeddable":true,"href":"https:\/\/antcube.shop\/it\/wp-json\/wp\/v2\/product_tag?post=2673"}],"curies":[{"name":"wp","href":"https:\/\/api.w.org\/{rel}","templated":true}]}}