{"id":12435,"date":"2025-09-30T10:01:28","date_gmt":"2025-09-30T08:01:28","guid":{"rendered":"https:\/\/antcube.shop\/en\/product\/antcube-digfix-30x30-liegend\/"},"modified":"2026-04-01T13:28:23","modified_gmt":"2026-04-01T11:28:23","slug":"antcube-digfix-30x30-sdraiato","status":"publish","type":"product","link":"https:\/\/antcube.shop\/it\/prodotto\/antcube-digfix-30x30-sdraiato\/","title":{"rendered":"ANTCUBE - Digfix 30\u00d730 - sdraiato"},"content":{"rendered":"<p><strong>Dimensioni:<\/strong> 280x280x28 mm<\/p>\n<p><strong>Materiale:<\/strong> Digfix<\/p>\n<p><strong>Applicazione:<\/strong><br \/>\nSi adatta solo al nostro ANTCUBE - Nest 30\u00d730 - orizzontale<\/p>\n<p><strong>Descrizione:<\/strong><br \/>\nQuesto nido Digfix, realizzato in un materiale speciale che pu\u00f2 essere scavato, \u00e8 progettato per adattarsi perfettamente ai nostri nidi orizzontali ANTCUBE 30\u00d730. La piastra pu\u00f2 essere utilizzata sia asciutta che inumidita ed \u00e8 adatta a molte specie di formiche, soprattutto a quelle che nidificano nella sabbia o nel legno (morto). \u00c8 una pratica alternativa alle miscele di sabbia e argilla o agli inserti per nidi in sughero.<\/p>\n<p>Un vantaggio particolare \u00e8 la facilit\u00e0 con cui si pu\u00f2 controllare il livello di umidit\u00e0: la piastra cambia colore in modo visibile, permettendo di valutare il livello di umidit\u00e0 in modo ottimale. A differenza delle miscele di sabbia e argilla, i pannelli interni del formicaio rimangono puliti perch\u00e9 non vi si attacca alcun substrato sciolto.<\/p>\n<p>Grazie alla sua solida struttura, il materiale trattiene in modo permanente le gallerie e le camere create dalle formiche senza crollare, per un'esperienza di scavo sicura e naturale.<\/p>","protected":false},"excerpt":{"rendered":"<p>Dimensioni: 280x280x28 mm<\/p>","protected":false},"featured_media":0,"comment_status":"open","ping_status":"closed","template":"","meta":{"_acf_changed":false,"content-type":"","_monsterinsights_skip_tracking":false,"_monsterinsights_sitenote_active":false,"_monsterinsights_sitenote_note":"","_monsterinsights_sitenote_category":0},"product_brand":[484],"product_cat":[547,257,87,88],"product_tag":[],"class_list":{"0":"post-12435","1":"product","2":"type-product","3":"status-publish","5":"product_brand-antcube","6":"product_cat-all-products","7":"product_cat-new-innovatve-products","8":"product_cat-nest-insets","9":"product_cat-digfix","11":"first","12":"instock","13":"taxable","14":"shipping-taxable","15":"purchasable","16":"product-type-simple"},"acf":[],"aioseo_notices":[],"jetpack_sharing_enabled":true,"_links":{"self":[{"href":"https:\/\/antcube.shop\/it\/wp-json\/wp\/v2\/product\/12435","targetHints":{"allow":["GET"]}}],"collection":[{"href":"https:\/\/antcube.shop\/it\/wp-json\/wp\/v2\/product"}],"about":[{"href":"https:\/\/antcube.shop\/it\/wp-json\/wp\/v2\/types\/product"}],"replies":[{"embeddable":true,"href":"https:\/\/antcube.shop\/it\/wp-json\/wp\/v2\/comments?post=12435"}],"wp:attachment":[{"href":"https:\/\/antcube.shop\/it\/wp-json\/wp\/v2\/media?parent=12435"}],"wp:term":[{"taxonomy":"product_brand","embeddable":true,"href":"https:\/\/antcube.shop\/it\/wp-json\/wp\/v2\/product_brand?post=12435"},{"taxonomy":"product_cat","embeddable":true,"href":"https:\/\/antcube.shop\/it\/wp-json\/wp\/v2\/product_cat?post=12435"},{"taxonomy":"product_tag","embeddable":true,"href":"https:\/\/antcube.shop\/it\/wp-json\/wp\/v2\/product_tag?post=12435"}],"curies":[{"name":"wp","href":"https:\/\/api.w.org\/{rel}","templated":true}]}}