{"id":12286,"date":"2025-09-02T09:53:07","date_gmt":"2025-09-02T07:53:07","guid":{"rendered":"https:\/\/antcube.shop\/en\/product\/antcube-korknest-30x30-liegend\/"},"modified":"2026-02-26T10:38:05","modified_gmt":"2026-02-26T09:38:05","slug":"antcube-corknest-30x30-sdraiato","status":"publish","type":"product","link":"https:\/\/antcube.shop\/it\/prodotto\/antcube-corknest-30x30-sdraiato\/","title":{"rendered":"ANTCUBE - Corknest 30\u00d730 - sdraiato"},"content":{"rendered":"<p><strong>Dimensioni:<\/strong> 280x280x28 mm<\/p>\n<p><strong>Materiale:<\/strong> Sughero (fine)<\/p>\n<p><strong>Applicazione:<\/strong><br \/>\nSi adatta solo al nostro ANTCUBE - Nest 30\u00d730 - orizzontale<\/p>\n<p><strong>Descrizione:\u00a0<\/strong><br \/>\nQuesto nido di sughero con gallerie e camere precostituite \u00e8 adatto a numerose specie di formiche, soprattutto a quelle che nidificano nel legno (morto). Presenta due fori che fungono da ingresso al nido.<\/p>\n<p>Il sughero \u00e8 un materiale naturale e chimicamente neutro. La sua struttura \u00e8 impermeabile ai liquidi, non reagisce chimicamente e quindi si mantiene intatta a lungo. Tuttavia, un contenuto di umidit\u00e0 costantemente elevato pu\u00f2 favorire la putrefazione e ridurre la vita del nido. In generale, il sughero \u00e8 molto resistente alla decadenza e alle infestazioni di funghi e muffe. La sua particolare superficie e la sua struttura non offrono un terreno di coltura adatto ai funghi. Tuttavia, residui di cibo, escrementi o altre sostanze organiche possono favorire la formazione di muffe.<\/p>\n<p>Si consiglia quindi di tenere le specie di formiche provenienti da regioni pi\u00f9 secche in nidi di sughero. Tuttavia, anche le specie provenienti da ambienti pi\u00f9 umidi possono essere ospitate in questi nidi: per la maggior parte di esse, la putrefazione non rappresenta un problema. Molte specie di formiche del Nord Europa, come Camponotus herculeanus o Formica fusca, sono addirittura naturalmente adattate al legno marcio o parzialmente decomposto.<\/p>","protected":false},"excerpt":{"rendered":"<p>Dimensioni: 280x280x28 mm<\/p>","protected":false},"featured_media":12291,"comment_status":"open","ping_status":"closed","template":"","meta":{"_acf_changed":false,"content-type":"","_monsterinsights_skip_tracking":false,"_monsterinsights_sitenote_active":false,"_monsterinsights_sitenote_note":"","_monsterinsights_sitenote_category":0},"product_brand":[484],"product_cat":[257,87,89],"product_tag":[],"class_list":{"0":"post-12286","1":"product","2":"type-product","3":"status-publish","4":"has-post-thumbnail","6":"product_brand-antcube","7":"product_cat-new-innovatve-products","8":"product_cat-nest-insets","9":"product_cat-cork","11":"first","12":"instock","13":"taxable","14":"shipping-taxable","15":"purchasable","16":"product-type-simple"},"acf":[],"aioseo_notices":[],"jetpack_sharing_enabled":true,"_links":{"self":[{"href":"https:\/\/antcube.shop\/it\/wp-json\/wp\/v2\/product\/12286","targetHints":{"allow":["GET"]}}],"collection":[{"href":"https:\/\/antcube.shop\/it\/wp-json\/wp\/v2\/product"}],"about":[{"href":"https:\/\/antcube.shop\/it\/wp-json\/wp\/v2\/types\/product"}],"replies":[{"embeddable":true,"href":"https:\/\/antcube.shop\/it\/wp-json\/wp\/v2\/comments?post=12286"}],"wp:featuredmedia":[{"embeddable":true,"href":"https:\/\/antcube.shop\/it\/wp-json\/wp\/v2\/media\/12291"}],"wp:attachment":[{"href":"https:\/\/antcube.shop\/it\/wp-json\/wp\/v2\/media?parent=12286"}],"wp:term":[{"taxonomy":"product_brand","embeddable":true,"href":"https:\/\/antcube.shop\/it\/wp-json\/wp\/v2\/product_brand?post=12286"},{"taxonomy":"product_cat","embeddable":true,"href":"https:\/\/antcube.shop\/it\/wp-json\/wp\/v2\/product_cat?post=12286"},{"taxonomy":"product_tag","embeddable":true,"href":"https:\/\/antcube.shop\/it\/wp-json\/wp\/v2\/product_tag?post=12286"}],"curies":[{"name":"wp","href":"https:\/\/api.w.org\/{rel}","templated":true}]}}