{"id":11857,"date":"2025-06-20T14:40:22","date_gmt":"2025-06-20T12:40:22","guid":{"rendered":"https:\/\/antcube.shop\/en\/product\/bundle-offer-tetraponera-rufonigra\/"},"modified":"2026-03-25T14:17:29","modified_gmt":"2026-03-25T13:17:29","slug":"offerta-in-bundle-tetraponera-rufonigra","status":"publish","type":"product","link":"https:\/\/antcube.shop\/it\/prodotto\/offerta-in-bundle-tetraponera-rufonigra\/","title":{"rendered":"Offerta pacchetto - Tetraponera rufonigra"},"content":{"rendered":"<p><strong><span data-text-color=\"secondary\">Offerta in bundle con una colonia di formiche Tetraponera rufonigra (regina + 5-10 operaie + covata), un set di avviamento in sughero, 2x tamponi per formicaio, una confezione di ricarica di miscela di melata da 10ml e un barattolo dei nostri grilli speciali scottati (proteine umide).<\/span><\/strong><\/p>\n<p><span data-text-color=\"alert\"><strong>Solo fino a esaurimento scorte.<\/strong><\/span><\/p>\n<p><strong>Tutto il necessario per una colonia di formiche Tetraponera rufonigra<\/strong><br \/>\nQuesto pacchetto fornisce tutti gli elementi essenziali per avviare e curare con successo una colonia di Tetraponera rufonigra durante il suo primo sviluppo. \u00c8 adatto ai principianti e facilmente espandibile con la crescita della colonia.<\/p>\n<p><strong>Specie di formica: Tetraponera rufonigra<\/strong><br \/>\nLa Tetraponera rufonigra \u00e8 una specie di formica arboricola snella, nota per la sua sorprendente colorazione rossastra e nera. Originaria dell'Asia meridionale e sudorientale, nidifica tipicamente in ramoscelli morti o steli di piante cave ed \u00e8 adattata ad ambienti tropicali caldi e umidi. Pur non essendo comunemente allevato come alcune specie che nidificano al suolo, \u00e8 una scelta eccellente per chi cerca una colonia pi\u00f9 attiva e visivamente interessante. <span data-text-color=\"alert\"><strong>Nota: questa specie \u00e8 dotata di un pungiglione e mostra un maggior grado di comportamento difensivo, per cui la manipolazione deve essere fatta con attenzione.<\/strong><\/span><\/p>\n<p><strong>Alimenti per Tetraponera rufonigra<\/strong><br \/>\nQueste formiche richiedono una dieta ricca di zuccheri e proteine. Offrite una miscela di melata o una soluzione di miele per i carboidrati, insieme a piccoli insetti (vivi o morti) per le proteine. In particolare, traggono beneficio da prede a corpo molle come mosche della frutta, vermi da pasto o i nostri grilli sbollentati. Occasionalmente si possono offrire anche frutti come banane o mele. Assicurarsi sempre che sia disponibile acqua fresca.<\/p>\n<p><strong>Formicario per Tetraponera rufonigra<\/strong><br \/>\nIn natura, Tetraponera rufonigra costruisce i nidi in cavit\u00e0 strette nel legno o in steli cavi. Per la cura in cattivit\u00e0, consigliamo il nostro Starter Set L con inserti di sughero o bamb\u00f9, che riproducono bene il loro ambiente naturale di nidificazione. Le opzioni di nidificazione verticale o semi-verticale sono ideali per simulare il loro stile di vita arboricolo. Assicuratevi che il formicario abbia una ventilazione adeguata e mantenga un'umidit\u00e0 da moderata a elevata, soprattutto nella zona di nidificazione.<\/p>\n<p><strong>Contenuti:<\/strong><br \/>\n1x Tetraponera rufonigra (regina + 5-10 operaie + covata)<br \/>\n1x Marmellata di grilli 25g<br \/>\n1x Miscela di meloni (HT) - confezione di ricarica da 10 ml<br \/>\n1x Base per formicaio - 20x20cm<br \/>\n1x Base per formicaio - 20x6cm<\/p>\n<p>1x ANTCUBO - Arena 20x20x10 - piatto<br \/>\n1x formica arena telaio 20\u00d720<br \/>\n1x copertura dell'arena delle formiche 20\u00d720<br \/>\n4 punti di fissaggio per la copertura dell'arena<br \/>\n1x ANTCUBE - Formicaio - L - 20\u00d720 - verticale<\/p>\n<p>1x ANTCUBO - nido di sughero 20\u00d720 - verticale<br \/>\n1x tubo da 0,5 m trasparente 20\/16 mm<br \/>\n1x ANTCUBE - Foglio rosso 20\u00d720 - filtro<br \/>\n1x clip adesive - trasparenti 2 pezzi.<br \/>\n1x substrato - sabbia-argilla beige - 1000g<\/p>\n<p>2x Grid insert acrylic &#8211; 50 mm with sealing ring<br \/>\n1x Grid insert acrylic &#8211; 27 mm with sealing ring<br \/>\n1x Cappello a griglia - 16 mm - acciaio inox<\/p>\n<p>1x connettore tubo serbatoio 27-14,16,20 mm - trasparente<br \/>\n1x Foil thermometer &#8211; farm<br \/>\n1x Foil thermometer Display<br \/>\n1x drinking clear 5ml &#8211; sponge<br \/>\n1x Feeding dish white rectangle &#8211; 3 compartments<br \/>\n1x Drinking trough 2ml &#8211; 360 Degrees<br \/>\n1x Olio protettivo per formiche 10ml<br \/>\n1x Pinzette in acciaio per molle - larghe - morbide<br \/>\n1x Pinzetta in plastica trasparente<br \/>\n1x pipetta di plastica 3ml<br \/>\n1x lente d'ingrandimento manuale - 2x - 30mm<br \/>\n1x tergicristallo in schiuma 150x18x2,5mm<\/p>\n<p><strong>Descrizione Set iniziale:<\/strong><br \/>\nQuesto set di partenza in sughero, con corridoi e camere prefabbricate, \u00e8 adatto a varie specie di formiche, soprattutto a quelle che nidificano nel legno (morto).<\/p>\n<p>L'\"ANTCUBE - Nido di sughero\" pu\u00f2 essere inserito nella fattoria completamente trasparente. In alternativa, \u00e8 possibile utilizzare il substrato \"Sand-clay beige\" per riempire la fattoria o per chiudere alcune delle camere del nido di sughero. Se necessario, \u00e8 possibile collegare altri moduli attraverso i fori da 50 mm del coperchio, ad esempio nebulizzatori, ventilatori o luci disponibili separatamente. In alternativa, sono inclusi nella fornitura gli inserti a griglia e i tappi per formicarium adatti a chiudere le aperture. Se lo si desidera, il formicarium pu\u00f2 essere utilizzato anche aperto, semplicemente posizionando il telaio rimovibile sulla parte superiore e applicando l'olio protettivo per le formiche sul bordo.<\/p>\n<p><strong>Importante:<\/strong> Inumidire il substrato prima dell'uso, in modo che la miscela possa legarsi e fare presa sul formicaio. Inoltre, se il substrato \u00e8 troppo secco e polveroso, le vie respiratorie delle formiche potrebbero ostruirsi e, nel peggiore dei casi, gli animali potrebbero soffocare.<\/p>\n<p><strong>Raccomandazione: <\/strong>Si consiglia uno strato di substrato di 2 mm di altezza, in modo che gli animali non possano scavare nell'arena e utilizzino invece l'apposita fattoria.<\/p>\n<p><strong>Note sulla produzione del vetro<\/strong><br \/>\nIl vetro viene tagliato a misura secondo la norma DIN 1249 con una tolleranza di +\/- 1 mm. Per le specie di formiche estremamente piccole \u00e8 indispensabile un'ulteriore protezione antisfondamento.<\/p>\n<p><strong>Note sulla fattoria<\/strong><br \/>\nIl nido deve essere utilizzato solo in un formicaio asciutto. Se il nido viene mantenuto costantemente umido, il materiale pu\u00f2 ammuffire.<\/p>\n<p><strong>Quando si attaccano o si rimuovono i tubi, si prega di notare quanto segue:<\/strong><br \/>\nSe il tubo risulta molto difficile da inserire nel raccordo, \u00e8 necessario strofinare leggermente il raccordo con una goccia del nostro olio o polvere anti-scoppio. Il tubo deve quindi essere spinto sul raccordo con movimenti di rotazione o di avvitamento, senza sforzare il raccordo con movimenti su e gi\u00f9. Lo stesso vale quando si rimuovono i tubi dal raccordo dell'azienda agricola. Non tiratelo semplicemente!<\/p>\n<p><strong>Istruzioni:<\/strong><br \/>\n&#8211; <a href=\"https:\/\/www.antstore.net\/shop\/images\/info\/en\/Instructions%20for%20use%20-%20Starter%20Set%20Cork.pdf\" data-cke-saved-href=\"https:\/\/www.antstore.net\/shop\/images\/info\/en\/Instructions%20for%20use%20-%20Starter%20Set%20Cork.pdf\">IT Istruzioni per l'uso - Starter Set Sughero (PDF 3,79 MB)<\/a><br \/>\n&#8211; <a href=\"https:\/\/www.antstore.net\/shop\/images\/info\/es\/Manual%20de%20instrucciones%20-%20Set%20de%20inicio%20de%20corcho.pdf\" data-cke-saved-href=\"https:\/\/www.antstore.net\/shop\/images\/info\/es\/Manual%20de%20instrucciones%20-%20Set%20de%20inicio%20de%20corcho.pdf\">ES Manual de instrucciones - Set de inicio de corcho (PDF 3,79 MB)<\/a><br \/>\n&#8211; <a href=\"https:\/\/www.antstore.net\/shop\/images\/info\/fr\/Manuel%20d'instruction%20-%20Kit%20de%20d%C3%A9marrage%20en%20li%C3%A8ge.pdf\" data-cke-saved-href=\"https:\/\/www.antstore.net\/shop\/images\/info\/fr\/Manuel%20d'instruction%20-%20Kit%20de%20d%C3%A9marrage%20en%20li%C3%A8ge.pdf\">FR Istruzioni per l'uso - Kit di smontaggio e smontaggio (PDF 3,79 MB)<\/a><\/p>\n<p><strong>Note sulla marmellata di grilli:<\/strong><br \/>\nLa nostra marmellata di grilli \u00e8 un modo semplice per fornire alle formiche cibo proteico appena conservato senza dover somministrare insetti vivi. I grilli contenuti (Acheta domesticus) sono stati cotti delicatamente per garantire la conservazione dei valori nutrizionali, del gusto e dell'aroma. Inoltre, l'involucro chitinoso degli insetti viene ammorbidito in modo da poter essere digerito pi\u00f9 facilmente. I legami delle proteine del collagene vengono spezzati in modo che le formiche possano utilizzarli meglio. L'Acheta domesticus in scatola ha lo stesso valore nutrizionale dei grilli vivi, ma \u00e8 pi\u00f9 facile da digerire.<\/p>\n<p>Il Cricket Jam non \u00e8 adatto per cacciare specie di formiche che richiedono cibo vivo (ad esempio, ponerini (grandi formiche) come Harpegnathos o Odontomachus).<\/p>\n<p><strong>Ulteriori vantaggi:<\/strong><br \/>\nGaranzia di assenza di acari<br \/>\nPu\u00f2 essere porzionato e diluito con acqua<br \/>\nSterilizzati e confezionati sottovuoto<br \/>\nSenza additivi<br \/>\nGrilli provenienti da allevamenti sostenibili puramente biologici, alimentati con rifiuti organici<\/p>\n<p><strong>Nota:<\/strong><br \/>\nSi conserva in frigorifero per circa quattro giorni dopo l'apertura. Si conserva pi\u00f9 a lungo se congelato.<br \/>\nAttenzione: Prima porzionare, poi congelare.<\/p>\n<p><strong>Nota sulla melata:<\/strong><br \/>\nContenuto: 10 ml<br \/>\nSi tratta di un prodotto naturale, che abbiamo perfezionato dopo approfonditi test nel nostro laboratorio e sviluppato in un alimento molto ben accettato dalle formiche. Il motivo \u00e8 che il miele di melata non trasformato nella sua forma originale concentrata non \u00e8 ben accettato dalle formiche e dal loro metabolismo.<br \/>\nLa nostra melata \u00e8 stata raccolta nelle incontaminate foreste selvatiche di montagna della Bulgaria. La melata viene prodotta solo per un periodo molto limitato, circa due mesi in estate. \u00c8 quindi molto rara. Grazie alle caratteristiche specifiche del suolo delle foreste e al clima, le sostanze nutritive essenziali vengono immagazzinate nelle foglie degli alberi e assorbite dagli afidi. \u00c8 questo che rende la miscela di melata cos\u00ec appetibile per le formiche.<\/p>\n<p><strong>Applicazione:<\/strong><br \/>\nLa quantit\u00e0 di cibo deve essere consumata entro circa 3 giorni.<\/p>\n<p><strong>Descrizione:<\/strong><br \/>\nLa melata, a differenza del miele di fiori, si ottiene dalle secrezioni di insetti che succhiano le piante, come gli afidi. La melata \u00e8 una fonte di cibo popolare per molti insetti come formiche, api e bombi. Api e bombi la leccano dalle foglie o dagli aghi di vari alberi. Le formiche, come il Lasius niger, fanno letteralmente incetta di afidi. Li difendono persino dai predatori e li trasportano sui germogli freschi.<\/p>\n<p>La melata \u00e8 particolarmente apprezzata dalle formiche per i suoi componenti un po' diversi. Gli zuccheri principali della melata sono il saccarosio e il fruttosio, ma si trovano anche quantit\u00e0 minori di maltosio, trealosio, melezitosio, raffinosio e altri oligosaccaridi. Oltre allo zucchero e all'acqua, la melata contiene anche aminoacidi essenziali, minerali, oligoelementi, adenosine, fosfati e altri ingredienti come le vitamine.<\/p>\n<p><strong>Utilizzare:<\/strong><br \/>\nPer le specie di formiche mangiatrici di miele (Meliphagidae)<br \/>\nSi tratta di un mangime supplementare<br \/>\nPu\u00f2 essere offerto agli animali cos\u00ec come viene fornito. Poich\u00e9 la concentrazione di zucchero viene ridotta dall'umidit\u00e0 e inizia un processo di fermentazione, il mangime deve essere sostituito ogni 3 giorni. Pulire accuratamente la ciotola o la provetta prima di riutilizzarla.<br \/>\nUna volta aperta, la confezione deve essere conservata ben chiusa fino alla data di scadenza.<\/p>\n<p><strong>Informazioni nutrizionali per 100 g:<\/strong><br \/>\ncirca 2,7 grassi %<br \/>\ndi cui saturi circa 0,45 %<br \/>\ncirca 95 carboidrati %<br \/>\ndi cui zucchero circa 71<br \/>\ncirca 2,85% di proteine<br \/>\nMinerali (potassio, calcio, rame, ferro, sodio, magnesio, fosforo, zinco e altri oligoelementi) Aminoacidi (prolina, leucina, fenilalanina, alanina, istidina, isoleucina, acido glutammico, arginina, acido aspartico, ecc.) Acidi organici Enzimi (fermenti) Aromi Inibitori (sostanze antibatteriche) Fiori Polline<\/p>\n<p><strong>Stoccaggio:<\/strong><br \/>\nPer garantire la qualit\u00e0 del mangime, \u00e8 necessario conservarlo in un luogo buio e asciutto.<\/p>\n<p><strong>Nota:<\/strong><br \/>\nMangime complementare per formiche mangiatrici di miele.<br \/>\nPer la composizione, gli ingredienti analitici, la data di scadenza e il numero di lotto, consultare il foglietto illustrativo.<\/p>\n<p>Numero verde per informazioni +49 30 439703870<\/p>\n<p><strong>Ispettorato veterinario e alimentare responsabile:<\/strong><br \/>\nUfficio veterinario Steglitz<br \/>\nVia K\u00f6nigin-Luise 92<br \/>\n14195 Berlino<\/p>","protected":false},"excerpt":{"rendered":"<p>Il set \u00e8 composto da 33 pezzi<br \/>\nDimensioni: L<\/p>","protected":false},"featured_media":11858,"comment_status":"open","ping_status":"closed","template":"","meta":{"_acf_changed":false,"content-type":"","_monsterinsights_skip_tracking":false,"_monsterinsights_sitenote_active":false,"_monsterinsights_sitenote_note":"","_monsterinsights_sitenote_category":0},"product_brand":[484],"product_cat":[355,73],"product_tag":[],"class_list":{"0":"post-11857","1":"product","2":"type-product","3":"status-publish","4":"has-post-thumbnail","6":"product_brand-antcube","7":"product_cat-bundle-offers","8":"product_cat-starter-sets","10":"first","11":"instock","12":"taxable","13":"shipping-taxable","14":"purchasable","15":"product-type-simple"},"acf":[],"aioseo_notices":[],"jetpack_sharing_enabled":true,"_links":{"self":[{"href":"https:\/\/antcube.shop\/it\/wp-json\/wp\/v2\/product\/11857","targetHints":{"allow":["GET"]}}],"collection":[{"href":"https:\/\/antcube.shop\/it\/wp-json\/wp\/v2\/product"}],"about":[{"href":"https:\/\/antcube.shop\/it\/wp-json\/wp\/v2\/types\/product"}],"replies":[{"embeddable":true,"href":"https:\/\/antcube.shop\/it\/wp-json\/wp\/v2\/comments?post=11857"}],"wp:featuredmedia":[{"embeddable":true,"href":"https:\/\/antcube.shop\/it\/wp-json\/wp\/v2\/media\/11858"}],"wp:attachment":[{"href":"https:\/\/antcube.shop\/it\/wp-json\/wp\/v2\/media?parent=11857"}],"wp:term":[{"taxonomy":"product_brand","embeddable":true,"href":"https:\/\/antcube.shop\/it\/wp-json\/wp\/v2\/product_brand?post=11857"},{"taxonomy":"product_cat","embeddable":true,"href":"https:\/\/antcube.shop\/it\/wp-json\/wp\/v2\/product_cat?post=11857"},{"taxonomy":"product_tag","embeddable":true,"href":"https:\/\/antcube.shop\/it\/wp-json\/wp\/v2\/product_tag?post=11857"}],"curies":[{"name":"wp","href":"https:\/\/api.w.org\/{rel}","templated":true}]}}