{"id":11411,"date":"2025-04-11T16:41:28","date_gmt":"2025-04-11T14:41:28","guid":{"rendered":"https:\/\/antcube.shop\/en\/product\/light-strip-20-erweiterung\/"},"modified":"2026-03-16T10:38:25","modified_gmt":"2026-03-16T09:38:25","slug":"striscia-luminosa-20-estensioni","status":"publish","type":"product","link":"https:\/\/antcube.shop\/it\/prodotto\/striscia-luminosa-20-estensioni\/","title":{"rendered":"Striscia luminosa 20 estensioni"},"content":{"rendered":"<p><strong>Contenuto:<\/strong><br \/>\n1x Striscia luminosa LED mini 14cm<br \/>\n1x staffa per il montaggio a soffitto con viti<br \/>\n1 cavo di collegamento<br \/>\n1x spina di collegamento<\/p>\n<p><strong>Dati tecnici:<\/strong><br \/>\nDimensioni: 140x60x9mm<br \/>\nIlluminazione: LED<br \/>\nConsumo di energia: 2W<br \/>\nFlusso luminoso: 210 lm (105 lm\/W)<br \/>\nColore della luce: 3000K \/ 4000K \/ 6500K<br \/>\nVita utile: ~ 25.000 h<br \/>\nLunghezza del cavo: 30 cm<br \/>\nDimmerabile<\/p>\n<p><strong>Materiale:<\/strong> Plastica<\/p>\n<p><strong>Colore:<\/strong> bianco<\/p>\n<p><strong>Descrizione:<\/strong><br \/>\nIdeale per tutte le specie di formiche. Spettro simile alla luce del giorno, con una buona illuminazione del formicaio. Nessuna emissione di calore indesiderato, con un notevole risparmio energetico.<br \/>\nQuesta lampada a LED \u00e8 adatta a formicarie e vivari di dimensioni 20x20x20, 20x20x10 e 20x10x10. Pu\u00f2 essere semplicemente posizionata sul coperchio. La luminosit\u00e0 \u00e8 regolabile su 10 livelli e si possono impostare 3 diversi colori di luce, da \"bianco freddo\" a \"naturale\" a \"caldo\". Per le formicarie con una larghezza di 40 cm, \u00e8 possibile inserire due lampade l'una nell'altra. Da un'altezza superiore a 30 cm, solo una piccola quantit\u00e0 di luce raggiunge il fondo.<\/p>\n<p><strong>Importante:<\/strong> Senza alimentazione! Funziona solo in combinazione con la striscia luminosa 20 (1005742) o 30 (1005742).<br \/>\nAd esempio, 6 lampade 20 (fino a 12 watt) possono essere collegate in serie a un alimentatore.<\/p>","protected":false},"excerpt":{"rendered":"<p><span style=\"font-weight: 400;\">Consumo di energia: 2W<\/span><\/p>","protected":false},"featured_media":11377,"comment_status":"open","ping_status":"closed","template":"","meta":{"_acf_changed":false,"content-type":"","_monsterinsights_skip_tracking":false,"_monsterinsights_sitenote_active":false,"_monsterinsights_sitenote_note":"","_monsterinsights_sitenote_category":0},"product_brand":[],"product_cat":[359,257,119],"product_tag":[],"class_list":{"0":"post-11411","1":"product","2":"type-product","3":"status-publish","4":"has-post-thumbnail","6":"product_cat-light-heat-humidity","7":"product_cat-new-innovatve-products","8":"product_cat-formicarium-components","10":"first","11":"instock","12":"taxable","13":"shipping-taxable","14":"purchasable","15":"product-type-simple"},"acf":[],"aioseo_notices":[],"jetpack_sharing_enabled":true,"_links":{"self":[{"href":"https:\/\/antcube.shop\/it\/wp-json\/wp\/v2\/product\/11411","targetHints":{"allow":["GET"]}}],"collection":[{"href":"https:\/\/antcube.shop\/it\/wp-json\/wp\/v2\/product"}],"about":[{"href":"https:\/\/antcube.shop\/it\/wp-json\/wp\/v2\/types\/product"}],"replies":[{"embeddable":true,"href":"https:\/\/antcube.shop\/it\/wp-json\/wp\/v2\/comments?post=11411"}],"wp:featuredmedia":[{"embeddable":true,"href":"https:\/\/antcube.shop\/it\/wp-json\/wp\/v2\/media\/11377"}],"wp:attachment":[{"href":"https:\/\/antcube.shop\/it\/wp-json\/wp\/v2\/media?parent=11411"}],"wp:term":[{"taxonomy":"product_brand","embeddable":true,"href":"https:\/\/antcube.shop\/it\/wp-json\/wp\/v2\/product_brand?post=11411"},{"taxonomy":"product_cat","embeddable":true,"href":"https:\/\/antcube.shop\/it\/wp-json\/wp\/v2\/product_cat?post=11411"},{"taxonomy":"product_tag","embeddable":true,"href":"https:\/\/antcube.shop\/it\/wp-json\/wp\/v2\/product_tag?post=11411"}],"curies":[{"name":"wp","href":"https:\/\/api.w.org\/{rel}","templated":true}]}}