{"id":11407,"date":"2025-04-11T16:38:16","date_gmt":"2025-04-11T14:38:16","guid":{"rendered":"https:\/\/antcube.shop\/en\/product\/terracube-60x30x60-terrarium-mit-schiebetur\/"},"modified":"2026-04-02T12:12:14","modified_gmt":"2026-04-02T10:12:14","slug":"terrario-terracube-60x30x60-con-porta-scorrevole","status":"publish","type":"product","link":"https:\/\/antcube.shop\/it\/prodotto\/terrario-terracube-60x30x60-con-porta-scorrevole\/","title":{"rendered":"TERRACUBO 60x30x60 Terrario con porta scorrevole"},"content":{"rendered":"<p><strong>TERRACUBO Terrario 60x30x60 con porta scorrevole e 2 aperture da 50 mm.<\/strong><\/p>\n<p><strong>Dimensioni:<\/strong> 600 x 300 x 600 mm; spessore del vetro 4 mm<br \/>\n<strong>Materiale:<\/strong> vetro float<br \/>\n<strong>Connessione:<\/strong> 2x foro da 50 mm (2x laterale)<\/p>\n<p><strong>Apertura frontale (porta scorrevole):<\/strong> 300\u00d7300 mm<br \/>\nAltezza della barra: 12,5 cm<br \/>\nLarghezza della barra: 4 cm<\/p>\n<p><strong>Descrizione:<\/strong><br \/>\n<strong>TERRACUBE - Il sistema di terrari modulari completamente trasparente con dettagli intelligenti<\/strong><br \/>\nI terrari TERRACUBE sono caratterizzati dalla massima trasparenza (360\u00b0) e da un design elegante e chiaro. Tutti i bordi sono incollati con precisione, in modo che non siano visibili le fastidiose cuciture del silicone. Anche il silicone utilizzato \u00e8 completamente trasparente, per una visione completa dell'interno.<\/p>\n<p><strong>Ventilazione sofisticata e punti di accesso tecnici<\/strong><br \/>\n<strong>Due fori laterali (\u00d8 50 mm ciascuno) offrono opzioni di utilizzo flessibili:<\/strong><br \/>\nPossono essere utilizzati come ventilazione aggiuntiva o come accesso a tecnologie come termoigrometri, nebulizzatori, pietre riscaldanti e molto altro.<\/p>\n<p>La copertura \u00e8 venduta separatamente ed \u00e8 disponibile in diverse versioni - con diverse aree di ventilazione e fori per una ventilazione aggiuntiva o accessori tecnici come sistemi di pioggia o ventilatori, a seconda dell'habitat.<\/p>\n<p><strong>Griglia sicura - adatta anche agli animali di piccola taglia<\/strong><br \/>\nLa griglia di ventilazione in acciaio inox a maglia fine sulla barra \u00e8 cos\u00ec stretta che non possono sfuggire nemmeno specie minuscole come i moscerini della frutta (Drosophila) o le formiche. \u00c8 sostenuta da una robusta piastra di alluminio perforata. Ci\u00f2 rende il concetto esente da corrosione (richiede poca manutenzione e dura nel tempo) e stabile, anche contro l'impatto meccanico dei rettili pi\u00f9 grandi.<\/p>\n<p><strong>Porta scorrevole - pratica e quasi invisibile<\/strong><br \/>\nLa pratica porta scorrevole \u00e8 dotata di una maniglia trasparente su una staffa altrettanto trasparente. In questo modo, l'attenzione rimane sempre sull'interno, progettato con cura, o sugli animali che vi sono custoditi.<\/p>\n<p><strong>Sistema modulare: collegare i terrari tra loro<\/strong><br \/>\nDiversi terrari TERRACUBE possono essere collegati tra loro grazie ai fori laterali e ai connettori o tubi acrilici trasparenti abbinati.<br \/>\nAd esempio, una colonia di formiche pu\u00f2 essere tenuta in una vasca vicina come fonte di cibo per i rettili, con un rifugio sicuro se il rettile non pu\u00f2 passare attraverso il tubo. Anche interi sistemi, ad esempio per rane o salamandre, possono essere estesi in modo flessibile.<\/p>\n<p><strong>Nota:<\/strong> Il vetro viene tagliato a misura secondo la norma DIN 1249 con una tolleranza di +\/- 1 mm. Per le specie di formiche estremamente piccole \u00e8 indispensabile un'ulteriore protezione contro la fuga.<\/p>","protected":false},"excerpt":{"rendered":"<p>Terrario TERRACUBE 60x30x60 con porta scorrevole e 2 aperture da 50 mm. Dimensioni: 600 x 300 x 600 mm; spessore del vetro 4 mm Materiale: vetro float Collegamento: 2 fori da 50 mm (2 laterali) Apertura frontale (porta scorrevole): 300\u00d7300 mm Altezza barra: 12,5 cm Larghezza barra: 4 cm Descrizione: TERRACUBE - Il sistema di terrario modulare completamente trasparente [...]","protected":false},"featured_media":11397,"comment_status":"open","ping_status":"closed","template":"","meta":{"_acf_changed":false,"content-type":"","_monsterinsights_skip_tracking":false,"_monsterinsights_sitenote_active":false,"_monsterinsights_sitenote_note":"","_monsterinsights_sitenote_category":0},"product_brand":[499],"product_cat":[257],"product_tag":[],"class_list":{"0":"post-11407","1":"product","2":"type-product","3":"status-publish","4":"has-post-thumbnail","6":"product_brand-terracube","7":"product_cat-new-innovatve-products","8":"product_shipping_class-forwarding-on-pallet","10":"first","11":"instock","12":"taxable","13":"shipping-taxable","14":"purchasable","15":"product-type-simple"},"acf":[],"aioseo_notices":[],"jetpack_sharing_enabled":true,"_links":{"self":[{"href":"https:\/\/antcube.shop\/it\/wp-json\/wp\/v2\/product\/11407","targetHints":{"allow":["GET"]}}],"collection":[{"href":"https:\/\/antcube.shop\/it\/wp-json\/wp\/v2\/product"}],"about":[{"href":"https:\/\/antcube.shop\/it\/wp-json\/wp\/v2\/types\/product"}],"replies":[{"embeddable":true,"href":"https:\/\/antcube.shop\/it\/wp-json\/wp\/v2\/comments?post=11407"}],"wp:featuredmedia":[{"embeddable":true,"href":"https:\/\/antcube.shop\/it\/wp-json\/wp\/v2\/media\/11397"}],"wp:attachment":[{"href":"https:\/\/antcube.shop\/it\/wp-json\/wp\/v2\/media?parent=11407"}],"wp:term":[{"taxonomy":"product_brand","embeddable":true,"href":"https:\/\/antcube.shop\/it\/wp-json\/wp\/v2\/product_brand?post=11407"},{"taxonomy":"product_cat","embeddable":true,"href":"https:\/\/antcube.shop\/it\/wp-json\/wp\/v2\/product_cat?post=11407"},{"taxonomy":"product_tag","embeddable":true,"href":"https:\/\/antcube.shop\/it\/wp-json\/wp\/v2\/product_tag?post=11407"}],"curies":[{"name":"wp","href":"https:\/\/api.w.org\/{rel}","templated":true}]}}