{"id":11406,"date":"2025-04-11T16:37:03","date_gmt":"2025-04-11T14:37:03","guid":{"rendered":"https:\/\/antcube.shop\/en\/product\/plantcube-60x30x60-schiebetur\/"},"modified":"2026-03-30T17:42:10","modified_gmt":"2026-03-30T15:42:10","slug":"vivarium-plantcube-60x30x60-con-porta-scorrevole","status":"publish","type":"product","link":"https:\/\/antcube.shop\/it\/prodotto\/vivarium-plantcube-60x30x60-con-porta-scorrevole\/","title":{"rendered":"PLANTCUBE Vivarium 60x30x60 con porta scorrevole"},"content":{"rendered":"<p><strong>OTTENERE UN PEZZO DI NATURA PER LA VOSTRA CASA<\/strong><\/p>\n<p><strong>Contenuti:<\/strong><br \/>\n1x PLANTCUBE Vivarium 60x30x60 con porta scorrevole<br \/>\n2x tappi per foro da 10 mm<\/p>\n<p>Cubo di vetro 60x30x60cm con 2x fori laterali da 50mm e 2x fori laterali da 10mm<br \/>\nIl foro da 50 mm (al centro) si trova ad un'altezza di 15 cm. Il bordo inferiore del foro si trova a ~12,5 cm.<\/p>\n<p><strong>Dimensioni:<\/strong> 600 x 300 x 600 mm; spessore del vetro 4 mm<br \/>\n<strong>Materiale:<\/strong> Vetro galleggiante<br \/>\n<strong>Aperture laterali:<\/strong><br \/>\n2x foro 50 mm<br \/>\n2x foro 10 mm<\/p>\n<p><strong>Apertura frontale (porta scorrevole):<\/strong> 300 x 300 mm<\/p>\n<p><strong>Descrizione:<\/strong> Con i nostri Vivari PLANTCUBE potete progettare la vostra opera d'arte vivente per il vostro salotto. In un PLANTCUBE si possono tenere anche piccoli animali, quindi non c'\u00e8 limite alla creativit\u00e0.<\/p>\n<p>Per saperne di pi\u00f9 su PLANTCUBE o per leggere la nostra guida passo passo all'allestimento del vivarium, visitate il seguente link: <a href=\"https:\/\/antcube.shop\/plantcube\/\">antcube.shop\/PLANTCUBE<\/a><\/p>\n<p><strong>Personalizzate il PLANTCUBE in base alle vostre esigenze o a quelle delle vostre piante e dei vostri animali:<\/strong><br \/>\nI due fori da 10 mm sul lato, situati a 2 cm di altezza (al centro) dal fondo, servono a drenare l'acqua in eccesso. Ad esempio, \u00e8 possibile utilizzare il nostro tubo flessibile trasparente da 10\/06 mm per drenare l'acqua. I due fori da 50 mm possono essere chiusi tramite i tappi in dotazione o fungere da ventilazione aggiuntiva se dotati di inserti a griglia. Si possono anche collegare due allestimenti tramite un tubo acrilico. In questo modo, se si tengono animali all'interno del viverario, questi possono spostarsi liberamente da un allestimento all'altro.<\/p>\n<p><strong>Come trasformare il PLANTCUBE in un ecosistema bioattivo:<\/strong><br \/>\n<strong>Creare uno strato di drenaggio:<\/strong><br \/>\nPer sostenere le piante \u00e8 necessario creare uno strato drenante all'interno del viverario. Vi consigliamo di utilizzare 2-3 cm di granuli di argilla (4-8 mm) perch\u00e9 sono leggeri. Assicuratevi di lavarli sotto l'acqua corrente prima di inserirli per rimuovere la polvere.<\/p>\n<p>Per separare il drenaggio dal substrato, \u00e8 possibile posizionare un vello drenante sopra i granuli di argilla.<\/p>\n<p><strong>Quali piante e quale terreno utilizzare:<\/strong><br \/>\nTutto dipende dal tipo di \"ecosistema\" che si vuole creare. Se volete costruire un vivarium desertico o piuttosto secco, avrete bisogno di piante che prosperano in quel clima e di utilizzare il terriccio appropriato in cui amano crescere. Per i Vivarium tropicali vale naturalmente lo stesso discorso. Cercate di utilizzare piante provenienti da regioni e\/o climi simili, in modo che si trovino bene nello stesso tipo di terreno e clima. Un buon negozio di piante dovrebbe sempre avere informazioni sul clima e sul terreno adatto alle piante che vende.<\/p>\n<p><strong>Importante:<\/strong> Se si desidera tenere insieme piante e animali, non bisogna mai utilizzare piante che non si sa se siano entrate in contatto con fertilizzanti o pesticidi. Utilizzate solo piante provenienti da negozi di terrari o simili che garantiscano la totale assenza di pesticidi e fertilizzanti. Questi ultimi, infatti, possono causare la morte degli animali.<\/p>\n<p><strong>Introducete una \"squadra di pulizia\" per rendere il vostro Vivarium Bioattivo<\/strong><br \/>\nChe cos'\u00e8 la bioattivit\u00e0? \u00c8 quanto di pi\u00f9 vicino a un allestimento autosufficiente. Si tratta di aggiungere la miscela di terriccio e materiale organico appropriata per la formazione della microflora e della microfauna necessaria per creare un ciclo nutritivo nel viverario.<\/p>\n<p><strong>Il nostro consiglio:<\/strong> Il nostro consiglio: aggiungete sempre piccole creature come le code a molla e gli isopodi. Questi non sono solo una buona fonte di cibo \"infinita\", se volete tenere altri animali nel vostro vivarium. Si nutrono soprattutto delle muffe che si formano a causa dell'elevata umidit\u00e0 e arricchiscono il terreno di sostanze nutritive, che a loro volta permettono alle piante di crescere in modo sano.<\/p>\n<p>Aggiungete un po' di carbone nel terreno, che aiuta i microbi a colonizzarlo. Il muschio e la corteccia di sughero o il legno bianco marcio, oltre alla lettiera di foglie, non solo hanno un aspetto naturale nell'allestimento, ma nutrono anche la vostra \"squadra di pulizia\", le forniscono nascondigli e luoghi di riproduzione e sono facili da scomporre in sostanze nutritive per le vostre piante.<\/p>\n<p><strong>In natura tutto si basa sull'equilibrio<\/strong><br \/>\nTuttavia, non \u00e8 consigliabile utilizzare alcune specie di isopodi senza aggiungere nulla che li cacci, poich\u00e9 una popolazione di isopodi senza predatori come le formiche, ad esempio, ama sfuggire di mano e le piante del viverario diventano rapidamente una fonte di cibo indesiderata. In natura tutto si basa sull'equilibrio.<\/p>\n<p><strong>Ulteriori informazioni:<\/strong><br \/>\nIl vetro \u00e8 tagliato secondo la norma DIN 1249 con una tolleranza di +\/- 1mm. Per le specie di formiche estremamente piccole, \u00e8 essenziale una protezione supplementare contro lo sfondamento.<\/p>","protected":false},"excerpt":{"rendered":"<p><strong>Connessione:<\/strong> 2x foro laterale da 50 mm e 2x foro laterale da 10 mm<\/p>","protected":false},"featured_media":11362,"comment_status":"open","ping_status":"closed","template":"","meta":{"_acf_changed":false,"content-type":"","_monsterinsights_skip_tracking":false,"_monsterinsights_sitenote_active":false,"_monsterinsights_sitenote_note":"","_monsterinsights_sitenote_category":0},"product_brand":[483],"product_cat":[257,341],"product_tag":[],"class_list":{"0":"post-11406","1":"product","2":"type-product","3":"status-publish","4":"has-post-thumbnail","6":"product_brand-plantcube","7":"product_cat-new-innovatve-products","8":"product_cat-vivariums","9":"product_shipping_class-forwarding-on-pallet","11":"first","12":"instock","13":"taxable","14":"shipping-taxable","15":"purchasable","16":"product-type-simple"},"acf":[],"aioseo_notices":[],"jetpack_sharing_enabled":true,"_links":{"self":[{"href":"https:\/\/antcube.shop\/it\/wp-json\/wp\/v2\/product\/11406","targetHints":{"allow":["GET"]}}],"collection":[{"href":"https:\/\/antcube.shop\/it\/wp-json\/wp\/v2\/product"}],"about":[{"href":"https:\/\/antcube.shop\/it\/wp-json\/wp\/v2\/types\/product"}],"replies":[{"embeddable":true,"href":"https:\/\/antcube.shop\/it\/wp-json\/wp\/v2\/comments?post=11406"}],"wp:featuredmedia":[{"embeddable":true,"href":"https:\/\/antcube.shop\/it\/wp-json\/wp\/v2\/media\/11362"}],"wp:attachment":[{"href":"https:\/\/antcube.shop\/it\/wp-json\/wp\/v2\/media?parent=11406"}],"wp:term":[{"taxonomy":"product_brand","embeddable":true,"href":"https:\/\/antcube.shop\/it\/wp-json\/wp\/v2\/product_brand?post=11406"},{"taxonomy":"product_cat","embeddable":true,"href":"https:\/\/antcube.shop\/it\/wp-json\/wp\/v2\/product_cat?post=11406"},{"taxonomy":"product_tag","embeddable":true,"href":"https:\/\/antcube.shop\/it\/wp-json\/wp\/v2\/product_tag?post=11406"}],"curies":[{"name":"wp","href":"https:\/\/api.w.org\/{rel}","templated":true}]}}