{"id":11137,"date":"2025-03-06T15:59:48","date_gmt":"2025-03-06T14:59:48","guid":{"rendered":"https:\/\/antcube.shop\/en\/product\/antcube-arena-60x30x60-mit-schiebetur\/"},"modified":"2026-01-12T12:41:14","modified_gmt":"2026-01-12T11:41:14","slug":"antcube-arena-60x30x60-con-porta-scorrevole","status":"publish","type":"product","link":"https:\/\/antcube.shop\/it\/prodotto\/antcube-arena-60x30x60-con-porta-scorrevole\/","title":{"rendered":"ANTCUBE Arena 60x30x60 con porta scorrevole"},"content":{"rendered":"<p><strong>ANTCUBE Arena 60x30x60 con porta scorrevole e 4x aperture da 50 mm.<\/strong><\/p>\n<p><strong>Dimensioni:<\/strong> 600 x 300 x 600 mm; spessore del vetro 4 mm<br \/>\n<strong>Materiale:<\/strong> vetro float<br \/>\n<strong>Connessione:<\/strong> 4x foro da 50 mm (2x laterale e 2x frontale)<\/p>\n<p><strong>Apertura frontale (porta scorrevole):<\/strong> 300\u00d7300 mm<\/p>\n<p><strong>Descrizione:<\/strong> La nostra arena ANTCUBE 60x30x60 con porta scorrevole \u00e8 stata sviluppata per poter lavorare comodamente anche in piena formicaria. \u00c8 adatta anche come estensione della nostra arena con porta scorrevole in 60x30x30. La differenza \u00e8 data dai nuovi fori sul davanti per creare una ventilazione aggiuntiva o, se non c'\u00e8 spazio ai lati, per collegare altre arene con tubi acrilici attraverso le connessioni frontali. Sono particolarmente utili come formicaio per le formiche tessitrici (Polyrhachis e Oecophylla), poich\u00e9 amano costruire verso l'alto e hanno bisogno di una pianta ospite. Anche le specie che vivono sugli alberi, come la Tetraponera, sono felici di avere la possibilit\u00e0 di arrampicarsi. A volte pu\u00f2 essere difficile rimuovere i rifiuti dagli animali sul fondo del formicaio, ad esempio. Questo non \u00e8 un problema con questa vasca appositamente adattata. Lo sportello scorrevole \u00e8 molto pratico anche per le vasche di alimentazione delle formiche Acromyrmex o Atta, in quanto i resti di piante e altri rifiuti possono essere smaltiti facilmente. Per l'apertura superiore, sono disponibili separatamente anche un telaio di protezione antisfondamento 60\u00d730 e una copertura dell'arena 60\u00d730 con o senza un'area di ventilazione pi\u00f9 ampia.<\/p>\n<p><strong>Nota:<\/strong> Il vetro viene tagliato a misura secondo la norma DIN 1249 con una tolleranza di +\/- 1 mm. Per le specie di formiche estremamente piccole \u00e8 indispensabile un'ulteriore protezione contro la fuga.<\/p>","protected":false},"excerpt":{"rendered":"<p>Connessione: 4x foro 50 mm<\/p>","protected":false},"featured_media":11138,"comment_status":"open","ping_status":"closed","template":"","meta":{"_acf_changed":false,"content-type":"","_monsterinsights_skip_tracking":false,"_monsterinsights_sitenote_active":false,"_monsterinsights_sitenote_note":"","_monsterinsights_sitenote_category":0},"product_brand":[484],"product_cat":[257,85,86],"product_tag":[],"class_list":{"0":"post-11137","1":"product","2":"type-product","3":"status-publish","4":"has-post-thumbnail","6":"product_brand-antcube","7":"product_cat-new-innovatve-products","8":"product_cat-ant-arenas","9":"product_cat-formicariums","10":"product_shipping_class-forwarding-on-pallet","12":"first","13":"instock","14":"taxable","15":"shipping-taxable","16":"purchasable","17":"product-type-simple"},"acf":[],"aioseo_notices":[],"jetpack_sharing_enabled":true,"_links":{"self":[{"href":"https:\/\/antcube.shop\/it\/wp-json\/wp\/v2\/product\/11137","targetHints":{"allow":["GET"]}}],"collection":[{"href":"https:\/\/antcube.shop\/it\/wp-json\/wp\/v2\/product"}],"about":[{"href":"https:\/\/antcube.shop\/it\/wp-json\/wp\/v2\/types\/product"}],"replies":[{"embeddable":true,"href":"https:\/\/antcube.shop\/it\/wp-json\/wp\/v2\/comments?post=11137"}],"wp:featuredmedia":[{"embeddable":true,"href":"https:\/\/antcube.shop\/it\/wp-json\/wp\/v2\/media\/11138"}],"wp:attachment":[{"href":"https:\/\/antcube.shop\/it\/wp-json\/wp\/v2\/media?parent=11137"}],"wp:term":[{"taxonomy":"product_brand","embeddable":true,"href":"https:\/\/antcube.shop\/it\/wp-json\/wp\/v2\/product_brand?post=11137"},{"taxonomy":"product_cat","embeddable":true,"href":"https:\/\/antcube.shop\/it\/wp-json\/wp\/v2\/product_cat?post=11137"},{"taxonomy":"product_tag","embeddable":true,"href":"https:\/\/antcube.shop\/it\/wp-json\/wp\/v2\/product_tag?post=11137"}],"curies":[{"name":"wp","href":"https:\/\/api.w.org\/{rel}","templated":true}]}}