{"id":10988,"date":"2025-01-29T13:27:22","date_gmt":"2025-01-29T12:27:22","guid":{"rendered":"https:\/\/antcube.shop\/en\/product\/bundle-offer-pheidole-pallidula\/"},"modified":"2026-04-13T09:30:15","modified_gmt":"2026-04-13T07:30:15","slug":"offerta-in-bundle-pheidole-pallidula","status":"publish","type":"product","link":"https:\/\/antcube.shop\/it\/prodotto\/offerta-in-bundle-pheidole-pallidula\/","title":{"rendered":"Offerta pacchetto - Crematogaster scutellaris"},"content":{"rendered":"<p id=\"docs-internal-guid-f360e18f-7fff-1fa7-2486-66b6ea8170c9\" dir=\"ltr\"><span data-text-color=\"secondary\"><strong>Offerta in bundle che comprende una colonia di formiche Crematogaster scutellaris (regina con 5-10 operaie + covata), un set iniziale Digfix S, 2x tappetini per formicaio e uno sfondo fotografico per il deserto.<\/strong><\/span><\/p>\n<p dir=\"ltr\"><span data-text-color=\"alert\"><strong>Solo fino a esaurimento scorte.<\/strong><\/span><\/p>\n<h2 dir=\"ltr\"><strong>Tutto ci\u00f2 che serve per una colonia di formiche Crematogaster scutellaris<\/strong><\/h2>\n<p dir=\"ltr\">Questo pacchetto contiene tutto il necessario per sostenere con successo una colonia di Crematogaster scutellaris nei primi mesi di allevamento. \u00c8 ideale per i principianti e pu\u00f2 essere facilmente ampliato.<\/p>\n<h3 dir=\"ltr\"><strong>Specie di formica Crematogaster scutellaris<\/strong><\/h3>\n<p>Crematogaster scutellaris \u00e8 una specie di formica prevalentemente onnivora che consuma sia cibo vegetale che animale. \u00c8 diffusa in tutta la regione mediterranea e si trova anche nelle zone meridionali dell'Europa centrale. Tipico di questa specie \u00e8 il suo caratteristico addome a forma di pera, che solleva in caso di pericolo - un comportamento suggestivo per scoraggiare i nemici.<\/p>\n<p>Le colonie sono generalmente composte da una sola regina (monogina), ma possono ospitare anche pi\u00f9 regine. Le operaie hanno un comportamento attivo e curioso e difendono vigorosamente i loro nidi. Crematogaster scutellaris \u00e8 particolarmente noto per la sua capacit\u00e0 di nidificare nel legno morto o nelle cavit\u00e0 degli alberi.<\/p>\n<h3 dir=\"ltr\"><strong>Nido per Crematogaster scutellaris<\/strong><\/h3>\n<p dir=\"ltr\">Poich\u00e9 questa specie preferisce nidificare in legno secco e morto o in crepe e fessure, questo set contiene un inserto per nidi Digfix. Questo permette di vedere bene l'interno del nido e simula le condizioni naturali. In alternativa, possono essere tenuti in nidi di sughero o di legno, che si avvicinano molto al loro habitat naturale.<\/p>\n<h3 dir=\"ltr\"><strong>Alimentazione per Crematogaster scutellaris<\/strong><\/h3>\n<p dir=\"ltr\">Crematogaster scutellaris \u00e8 un onnivoro con una particolare preferenza per i liquidi dolci come il miele o le soluzioni zuccherine. Ha anche bisogno di cibo ricco di proteine, ad esempio piccoli insetti, soprattutto per l'allevamento della covata. In natura si nutre anche di linfa degli alberi e di piccoli artropodi.<\/p>\n<h3 dir=\"ltr\"><strong>Condizioni climatiche per Crematogaster scutellaris<\/strong><\/h3>\n<p dir=\"ltr\">Umidit\u00e0:<br \/>\nArena: 30 - 50%<br \/>\nArea del nido: 50 - 60%<br \/>\nTemperatura:<br \/>\nArena: 24 - 30\u00b0C<br \/>\nArea del nido: 22 - 28\u00b0C<\/p>\n<p dir=\"ltr\">Crematogaster scutellaris \u00e8 ideale sia per i principianti che per i formichieri esperti. Grazie al suo comportamento attivo, alla forma e al colore sorprendenti del corpo e al metodo di costruzione del nido, offre un'interessante visione della vita di una colonia di formiche.<\/p>\n<p dir=\"ltr\"><strong>Contenuti:<\/strong><br \/>\n1x colonia di formiche Crematogaster scutellaris (regina + 5-10 operaie + covata)<br \/>\n1x soluzione di zucchero e miele (ZH) - confezione di ricarica da 10 ml<br \/>\n1x grilli interi sbollentati 10g<br \/>\n1x cuscinetto per formicaio - 20x20cm<br \/>\n1 cuscinetto per formicaio - 20x6cm<br \/>\n1x Sfondo per foto del deserto 20\u00d710<br \/>\n1x ANTCUBO - Arena 20x20x10 - piatto<br \/>\n1x cornice Arena 20\u00d720<br \/>\n1x Copertura dell'arena 20\u00d720<br \/>\n4x Punto di fissaggio per la copertura dell'arena<br \/>\n1x ANTCUBE - formicaio - S - 20\u00d720 - in piedi<br \/>\n1x ANTCUBE - Piastra Digfix 20\u00d720 - S<br \/>\n1x tubo trasparente da 0,5 m 10\/06 mm<br \/>\n1x ANTCUBE - pellicola rossa 20\u00d720 - filtro<br \/>\n1x clip adesive - trasparenti - 2 pezzi.<br \/>\n1x substrato - sabbia-argilla beige - 200g<br \/>\n1x inserto a rete - 50 mm - acciaio inox<br \/>\n1x tappo per formicaria per foro da 50 mm<br \/>\n1x tappo per formicaria per foro da 27 mm<br \/>\n1x tappo di formica per presa da 6 mm<br \/>\n1x connettore per bacino B-27 e S-10-16 mm M25 - set<br \/>\n1x Alimentatore da 2 ml - 360\u00b0<br \/>\n1x ciotola trasparente 20ml - spugna<br \/>\n1x tazza trasparente per alimenti 1\u00d720 - spugna<br \/>\n1x mini termoigrometro analogico - display appeso<br \/>\n1x polvere protettiva contro le formiche 10ml<br \/>\n1x pinzetta a molla in acciaio - larga - morbida<br \/>\n1x pinzetta in plastica trasparente<br \/>\n1x pipetta di plastica 3ml<br \/>\n1x lente d'ingrandimento manuale - 2x - 30mm<br \/>\n1x tergicristallo in schiuma 150x18x2.5mm<\/p>\n<p dir=\"ltr\"><strong>Descrizione:<\/strong><br \/>\nIl Digfix Starter Set \u00e8 adatto a diverse specie di formiche, in particolare a quelle che nidificano nella sabbia e nel legno (morto). Pu\u00f2 essere tenuto asciutto o leggermente umido.<br \/>\nLa fattoria trasparente pu\u00f2 essere utilizzata con la piastra ANTCUBE Digfix. Le formiche scavano le proprie gallerie e camere nel materiale. Se necessario, \u00e8 possibile collegare altri moduli attraverso i fori da 50 mm del coperchio, come nebulizzatori, ventilatori o luci disponibili separatamente. In alternativa, per chiudere le aperture sono inclusi i tappi per formicarie abbinati. Se preferite, potete far funzionare il formicario anche a cielo aperto, semplicemente appoggiando il telaio rimovibile sul terreno e applicando un olio protettivo per le formiche sul suo bordo. L'\"annaffiatoio 2ml - 360 gradi\" \u00e8 destinato alla soluzione di miele\/zucchero, l'\"annaffiatoio chiaro 20ml - spugna\" all'acqua. Il \"Mini termoigrometro\" pu\u00f2 essere fissato al telaio o al coperchio e visualizza i valori climatici.<\/p>\n<p dir=\"ltr\"><span data-text-color=\"alert\"><strong>Importante:<\/strong><\/span> Inumidire il terreno prima dell'uso, in modo che la miscela possa legarsi e fare presa sul formicaio. Inoltre, un terreno troppo secco e polveroso pu\u00f2 ostruire le vie respiratorie delle formiche, causandone il soffocamento nel peggiore dei casi.<\/p>\n<p dir=\"ltr\"><strong>Raccomandazione:<\/strong> Si consiglia di creare uno strato di substrato alto 2 mm, in modo che gli animali non possano scavare da soli nell'arena e utilizzino invece la fattoria fornita a tale scopo. Si consiglia inoltre di bucare leggermente il materiale di nidificazione della fattoria (sabbia\/argilla, Digfix, ecc.) in un punto per facilitare lo scavo degli animali.<br \/>\n<strong>Nota:<\/strong> Il nido pu\u00f2 essere utilizzato in un formicaio asciutto o umido. Se il nido viene mantenuto costantemente umido (troppo umido), i resti di cibo possono causare la formazione di muffe.<br \/>\n<strong>Nota su Digfix:<\/strong> Il colore naturale pu\u00f2 variare tra il verde-grigio-marrone e il marrone terra. Il colore non influisce sulla qualit\u00e0.<\/p>\n<p dir=\"ltr\"><strong>Note sulla produzione<\/strong><br \/>\nIl vetro \u00e8 tagliato secondo la norma DIN 1249 con una tolleranza di +\/- 1mm. Per le specie di formiche estremamente piccole, \u00e8 essenziale una protezione supplementare contro lo sfondamento.<\/p>\n<p dir=\"ltr\"><strong>Note sulla fattoria<\/strong><br \/>\nQuando si collegano o scollegano i tubi, occorre tenere presente quanto segue:<br \/>\nSe il tubo risulta difficile da inserire nel connettore, \u00e8 necessario applicare una goccia del nostro olio o della nostra polvere anti-fuga sul connettore. Il tubo deve quindi essere spinto sul connettore ruotandolo o avvitandolo, senza esercitare alcuna pressione sul connettore. Lo stesso vale per la rimozione dei tubi dal connettore dell'azienda agricola. Non tirateli semplicemente!<\/p>\n<p dir=\"ltr\"><strong>Note sulla marmellata di cricket:<\/strong><br \/>\nLa nostra marmellata di grilli \u00e8 un modo semplice per fornire alle formiche cibo proteico appena conservato senza dover somministrare insetti vivi. I grilli (Acheta domesticus) vengono cotti delicatamente per garantire la conservazione del valore nutrizionale, del gusto e dell'aroma. Inoltre, l'esoscheletro chitinoso degli insetti viene ammorbidito in modo da poter essere digerito pi\u00f9 facilmente. I composti proteici del collagene vengono scissi in modo che le formiche possano utilizzarli meglio. Le Acheta domesticus contenute nella scatola hanno lo stesso valore nutrizionale dei grilli vivi, ma sono pi\u00f9 facili da digerire.<br \/>\nLa marmellata di grilli non \u00e8 adatta alla caccia di specie di formiche che richiedono cibo vivo (ad esempio le formiche ponerine (uromidi) come Harpegnathos o Odontomachus).<\/p>\n<p dir=\"ltr\"><strong>Ulteriori vantaggi:<\/strong><br \/>\nGaranzia di assenza di acari<br \/>\nPu\u00f2 essere porzionato e diluito con acqua<br \/>\nSterilizzati e confezionati sottovuoto<br \/>\nSenza additivi<br \/>\nGrilli provenienti da allevamenti sostenibili puramente biologici, alimentati con rifiuti organici<\/p>\n<p dir=\"ltr\"><strong>Nota:<\/strong><br \/>\nSi conserva in frigorifero per circa quattro giorni dopo l'apertura. Si conserva pi\u00f9 a lungo se congelato.<\/p>\n<p dir=\"ltr\"><strong>Attenzione<\/strong>: Prima porzionare, poi congelare.<\/p>\n<p dir=\"ltr\"><strong>Note sulla soluzione di zucchero e miele (ZH) - confezione di ricarica da 10 ml<\/strong><br \/>\nContenuto: 10 ml<\/p>\n<p dir=\"ltr\"><strong>Descrizione:<\/strong> Si tratta di un prodotto composto da vari carboidrati (come miele e zucchero).<\/p>\n<p dir=\"ltr\"><strong>Applicazione:<\/strong> Il tubo di cibo pu\u00f2 essere collocato intero nel formicaio o, in alternativa, a seconda delle esigenze\/dimensioni della colonia, \u00e8 possibile collocarne quantit\u00e0 minori in una ciotola. Il cibo deve essere consumato entro circa 3 giorni, altrimenti c'\u00e8 il rischio di muffe. Per lo stesso motivo, pulite la ciotola del cibo prima di riempirla di nuovo.<\/p>\n<p dir=\"ltr\"><strong>Utilizzare:<\/strong><br \/>\nSoluzione zucchero-miele = per le specie di formiche che mangiano zucchero\/miele<br \/>\nSi tratta di un alimento supplementare<br \/>\nPu\u00f2 essere offerto agli animali cos\u00ec come viene fornito. Poich\u00e9 la concentrazione di zucchero diminuisce a causa dell'umidit\u00e0 e inizia un processo di fermentazione, il cibo deve essere sostituito ogni 3 giorni. Pulire accuratamente la ciotola\/tubo di alimentazione prima di riutilizzarla.<br \/>\nUna volta aperta, la confezione deve essere conservata ben chiusa (se conservata in un luogo asciutto) e utilizzata entro la data indicata (data di scadenza).<\/p>\n<p dir=\"ltr\"><strong>Contiene:<\/strong><br \/>\nFruttosio da 27 a 44%,<br \/>\nglucosio 22 a 41%,<br \/>\nsaccarosio fino a 5%,<br \/>\nmaltosio 4 a 14%,<br \/>\naltri zuccheri complessi da 1 a 14%.<br \/>\nGrassi: 0g<br \/>\nCarboidrati: 92g<br \/>\nProteine: 0g<br \/>\nSale: 0g<\/p>\n<p dir=\"ltr\"><strong>Stoccaggio:<\/strong> Per garantire la qualit\u00e0 del mangime, \u00e8 necessario conservarlo in un luogo buio e asciutto.<\/p>\n<p dir=\"ltr\"><strong>Nota:<\/strong><br \/>\nPer la composizione, i costituenti analitici, la data di scadenza e il numero di lotto, consultare il foglietto illustrativo.<br \/>\nNumero verde per informazioni +49 30 439703870<\/p>\n<p dir=\"ltr\"><strong>Autorit\u00e0 di vigilanza veterinaria e alimentare competente:<\/strong><br \/>\nUfficio veterinario Steglitz<br \/>\nVia K\u00f6nigin-Luise 92<br \/>\n14195 Berlino<\/p>","protected":false},"excerpt":{"rendered":"<p>Il set \u00e8 composto da 34 parti<\/p>","protected":false},"featured_media":10983,"comment_status":"open","ping_status":"closed","template":"","meta":{"_acf_changed":false,"content-type":"","_monsterinsights_skip_tracking":false,"_monsterinsights_sitenote_active":false,"_monsterinsights_sitenote_note":"","_monsterinsights_sitenote_category":0},"product_brand":[484],"product_cat":[355,73],"product_tag":[],"class_list":{"0":"post-10988","1":"product","2":"type-product","3":"status-publish","4":"has-post-thumbnail","6":"product_brand-antcube","7":"product_cat-bundle-offers","8":"product_cat-starter-sets","10":"first","11":"instock","12":"taxable","13":"shipping-taxable","14":"purchasable","15":"product-type-simple"},"acf":[],"aioseo_notices":[],"jetpack_sharing_enabled":true,"_links":{"self":[{"href":"https:\/\/antcube.shop\/it\/wp-json\/wp\/v2\/product\/10988","targetHints":{"allow":["GET"]}}],"collection":[{"href":"https:\/\/antcube.shop\/it\/wp-json\/wp\/v2\/product"}],"about":[{"href":"https:\/\/antcube.shop\/it\/wp-json\/wp\/v2\/types\/product"}],"replies":[{"embeddable":true,"href":"https:\/\/antcube.shop\/it\/wp-json\/wp\/v2\/comments?post=10988"}],"wp:featuredmedia":[{"embeddable":true,"href":"https:\/\/antcube.shop\/it\/wp-json\/wp\/v2\/media\/10983"}],"wp:attachment":[{"href":"https:\/\/antcube.shop\/it\/wp-json\/wp\/v2\/media?parent=10988"}],"wp:term":[{"taxonomy":"product_brand","embeddable":true,"href":"https:\/\/antcube.shop\/it\/wp-json\/wp\/v2\/product_brand?post=10988"},{"taxonomy":"product_cat","embeddable":true,"href":"https:\/\/antcube.shop\/it\/wp-json\/wp\/v2\/product_cat?post=10988"},{"taxonomy":"product_tag","embeddable":true,"href":"https:\/\/antcube.shop\/it\/wp-json\/wp\/v2\/product_tag?post=10988"}],"curies":[{"name":"wp","href":"https:\/\/api.w.org\/{rel}","templated":true}]}}