{"id":99,"date":"2013-08-11T20:13:42","date_gmt":"2013-08-11T18:13:42","guid":{"rendered":"http:\/\/localhost:8888\/test\/?page_id=545"},"modified":"2021-08-22T15:12:26","modified_gmt":"2021-08-22T13:12:26","slug":"faq-ants","status":"publish","type":"page","link":"https:\/\/antcube.shop\/it\/faq-ants\/","title":{"rendered":"FAQ Formiche"},"content":{"rendered":"<p class=\"lead\">Lorem ipsum dolor sit amet, consectetur adipiscing elit. Non c'\u00e8 niente da fare. Praesent libero. Sed cursus ante dapibus diam. Sed nisi. Non c'\u00e8 niente di simile a un elemento che \u00e8 imperdibile. Duis sagittis ipsum. Praesent mauris. Fusce nec tellus sed augue semper porta. Mauris massa. Vestibulum lacinia arcu eget nulla.<\/p>\n<p class=\"text-center\"><mark>Blocco <strong>\"faq-accordian\"<\/strong> non trovato<\/mark><\/p>","protected":false},"excerpt":{"rendered":"<p>Lorem ipsum dolor sit amet, consectetur adipiscing elit. Non c'\u00e8 niente da fare. Praesent libero. Sed cursus ante dapibus diam. Sed nisi. Non c'\u00e8 niente di simile a un elemento che \u00e8 imperdibile. Duis sagittis ipsum. Praesent mauris. Fusce nec tellus sed augue semper porta. Mauris massa. Vestibulum lacinia arcu eget nulla.<\/p>","protected":false},"author":1,"featured_media":0,"parent":0,"menu_order":0,"comment_status":"closed","ping_status":"closed","template":"","meta":{"_acf_changed":false,"content-type":"","_monsterinsights_skip_tracking":false,"_monsterinsights_sitenote_active":false,"_monsterinsights_sitenote_note":"","_monsterinsights_sitenote_category":0,"footnotes":""},"class_list":["post-99","page","type-page","status-publish","hentry"],"acf":[],"aioseo_notices":[],"jetpack_sharing_enabled":true,"_links":{"self":[{"href":"https:\/\/antcube.shop\/it\/wp-json\/wp\/v2\/pages\/99","targetHints":{"allow":["GET"]}}],"collection":[{"href":"https:\/\/antcube.shop\/it\/wp-json\/wp\/v2\/pages"}],"about":[{"href":"https:\/\/antcube.shop\/it\/wp-json\/wp\/v2\/types\/page"}],"author":[{"embeddable":true,"href":"https:\/\/antcube.shop\/it\/wp-json\/wp\/v2\/users\/1"}],"replies":[{"embeddable":true,"href":"https:\/\/antcube.shop\/it\/wp-json\/wp\/v2\/comments?post=99"}],"version-history":[{"count":2,"href":"https:\/\/antcube.shop\/it\/wp-json\/wp\/v2\/pages\/99\/revisions"}],"predecessor-version":[{"id":898,"href":"https:\/\/antcube.shop\/it\/wp-json\/wp\/v2\/pages\/99\/revisions\/898"}],"wp:attachment":[{"href":"https:\/\/antcube.shop\/it\/wp-json\/wp\/v2\/media?parent=99"}],"curies":[{"name":"wp","href":"https:\/\/api.w.org\/{rel}","templated":true}]}}