{"id":628,"date":"2021-07-30T13:29:33","date_gmt":"2021-07-30T11:29:33","guid":{"rendered":"https:\/\/antcube.shop\/?page_id=628"},"modified":"2025-11-17T11:20:38","modified_gmt":"2025-11-17T10:20:38","slug":"rivenditore","status":"publish","type":"page","link":"https:\/\/antcube.shop\/it\/rivenditore\/","title":{"rendered":"Diventare un rivenditore"},"content":{"rendered":"<div id=\"gap-861291356\" class=\"gap-element clearfix\" style=\"display:block; height:auto;\">\n\t\t\n<style>\n#gap-861291356 {\n  padding-top: 181px;\n}\n@media (min-width:550px) {\n  #gap-861291356 {\n    padding-top: 185px;\n  }\n}\n@media (min-width:850px) {\n  #gap-861291356 {\n    padding-top: 137px;\n  }\n}\n<\/style>\n\t<\/div>\n\t\n\n\n  <div class=\"banner has-hover\" id=\"banner-500917097\">\n          <div class=\"banner-inner fill\">\n        <div class=\"banner-bg fill\" >\n            <img loading=\"lazy\" decoding=\"async\" width=\"900\" height=\"600\" src=\"https:\/\/i0.wp.com\/antcube.shop\/wp-content\/uploads\/2021\/09\/pexels-thirdman-5684382-scaled.jpg?fit=900%2C600&amp;ssl=1\" class=\"bg attachment-large size-large\" alt=\"\" \/>                        <div class=\"overlay\"><\/div>            \n                    <\/div>\n\t\t\n        <div class=\"banner-layers container\">\n            <div class=\"fill banner-link\"><\/div>            \n\n   <div id=\"text-box-2064967178\" class=\"text-box banner-layer x0 md-x50 lg-x50 y50 md-y85 lg-y35 res-text\">\n                                <div class=\"text-box-content text dark text-shadow-3\">\n              \n              <div class=\"text-inner text-center\">\n                  \n\n\t<div id=\"text-1480889940\" class=\"text\">\n\t\t\n\n<h1><strong>Stiamo cercando dei rivenditori!<\/strong><\/h1>\n<p>Stiamo cercando rivenditori e partner per vendere i nostri prodotti ANTCUBE ai formicai di tutto il mondo. Se vuoi unirti a noi e partecipare alla creazione di una comunit\u00e0 mondiale di amanti delle formiche e della natura<\/p>\n\t\t\n<style>\n#text-1480889940 {\n  font-size: 0.75rem;\n  line-height: 1;\n  text-align: center;\n}\n@media (min-width:550px) {\n  #text-1480889940 {\n    font-size: 0.95rem;\n  }\n}\n@media (min-width:850px) {\n  #text-1480889940 {\n    font-size: 1.25rem;\n  }\n}\n<\/style>\n\t<\/div>\n\t\n\t<div id=\"text-1757931027\" class=\"text\">\n\t\t\n\n<p>Contattateci a\u00a0<\/p>\n\t\t\n<style>\n#text-1757931027 {\n  font-size: 1.05rem;\n  line-height: 0.75;\n}\n@media (min-width:550px) {\n  #text-1757931027 {\n    font-size: 2.25rem;\n  }\n}\n<\/style>\n\t<\/div>\n\t\n\t<div id=\"text-3271768010\" class=\"text\">\n\t\t\n\n<p>sales@antcube.de<\/p>\n\t\t\n<style>\n#text-3271768010 {\n  font-size: 0.75rem;\n  line-height: 0.75;\n}\n@media (min-width:550px) {\n  #text-3271768010 {\n    font-size: 2.25rem;\n  }\n}\n<\/style>\n\t<\/div>\n\t\n\n              <\/div>\n           <\/div>\n                            \n<style>\n#text-box-2064967178 {\n  width: 100%;\n}\n#text-box-2064967178 .text-box-content {\n  font-size: 100%;\n}\n@media (min-width:550px) {\n  #text-box-2064967178 {\n    width: 87%;\n  }\n}\n<\/style>\n    <\/div>\n \n\n        <\/div>\n      <\/div>\n\n              <div class=\"height-fix is-invisible\"><img loading=\"lazy\" decoding=\"async\" width=\"900\" height=\"600\" src=\"https:\/\/i0.wp.com\/antcube.shop\/wp-content\/uploads\/2021\/09\/pexels-thirdman-5684382-scaled.jpg?fit=900%2C600&amp;ssl=1\" class=\"attachment-large size-large\" alt=\"\" srcset=\"https:\/\/i0.wp.com\/antcube.shop\/wp-content\/uploads\/2021\/09\/pexels-thirdman-5684382-scaled.jpg?w=2560&amp;ssl=1 2560w, https:\/\/i0.wp.com\/antcube.shop\/wp-content\/uploads\/2021\/09\/pexels-thirdman-5684382-scaled.jpg?resize=510%2C340&amp;ssl=1 510w, https:\/\/i0.wp.com\/antcube.shop\/wp-content\/uploads\/2021\/09\/pexels-thirdman-5684382-scaled.jpg?resize=600%2C400&amp;ssl=1 600w, https:\/\/i0.wp.com\/antcube.shop\/wp-content\/uploads\/2021\/09\/pexels-thirdman-5684382-scaled.jpg?resize=1200%2C800&amp;ssl=1 1200w, https:\/\/i0.wp.com\/antcube.shop\/wp-content\/uploads\/2021\/09\/pexels-thirdman-5684382-scaled.jpg?resize=768%2C512&amp;ssl=1 768w, https:\/\/i0.wp.com\/antcube.shop\/wp-content\/uploads\/2021\/09\/pexels-thirdman-5684382-scaled.jpg?resize=1536%2C1024&amp;ssl=1 1536w, https:\/\/i0.wp.com\/antcube.shop\/wp-content\/uploads\/2021\/09\/pexels-thirdman-5684382-scaled.jpg?resize=2048%2C1365&amp;ssl=1 2048w\" sizes=\"auto, (max-width: 900px) 100vw, 900px\" \/><\/div>\n            \n<style>\n#banner-500917097 .overlay {\n  background-color: rgba(0, 0, 0, 0.174);\n}\n#banner-500917097 .banner-bg img {\n  object-position: 50% 45%;\n}\n<\/style>\n  <\/div>\n\n\n\t<div id=\"gap-827446014\" class=\"gap-element clearfix\" style=\"display:block; height:auto;\">\n\t\t\n<style>\n#gap-827446014 {\n  padding-top: 30px;\n}\n<\/style>\n\t<\/div>\n\t\n\n<div class=\"row\"  id=\"row-1793592797\">\n\n\n\t<div id=\"col-734260524\" class=\"col small-12 large-12\"  >\n\t\t\t\t<div class=\"col-inner\"  >\n\t\t\t\n\t\t\t\n\n<div class=\"wp-block-cover alignfull has-nv-site-bg-background-color has-background-dim\">\n<div class=\"wp-block-cover__inner-container\">\n<h2 class=\"has-text-align-center has-neve-text-color-color has-text-color\">Sei interessato a vendere i nostri prodotti?<\/h2>\n<\/div>\n<\/div>\n<h2 class=\"has-text-align-center has-medium-font-size\">Il nostro obiettivo<\/h2>\n<p class=\"has-text-align-center\">Stiamo cercando rivenditori e partner per vendere i nostri prodotti ANTCUBE ai formicai di tutto il mondo. Vogliamo costruire una comunit\u00e0 internazionale di proprietari di negozi e hobbisti per rendere il formicaio pi\u00f9 popolare e professionale. Se hai gi\u00e0 un negozio o stai cercando una nuova opportunit\u00e0 di business, non esitare a contattarci.<\/p>\n<h2 class=\"has-text-align-center has-medium-font-size\">Il mantenimento delle formiche \u00e8 un business in crescita<\/h2>\n<p class=\"has-text-align-center\">L'allevamento di formiche \u00e8 diventato molto popolare negli ultimi anni. Stiamo assistendo a una crescente comunit\u00e0 di appassionati amanti delle formiche da tutto il mondo. Inoltre stiamo ricevendo sempre pi\u00f9 richieste da aziende, zoo, musei, universit\u00e0, istituzioni scientifiche ecc.<\/p>\n<h2 class=\"has-text-align-center has-medium-font-size\" style=\"font-size: 23.04px;\">\u00a0<\/h2>\n<p><img data-recalc-dims=\"1\" loading=\"lazy\" decoding=\"async\" class=\"size-medium wp-image-3944 aligncenter\" src=\"https:\/\/i0.wp.com\/antcube.shop\/wp-content\/uploads\/2021\/11\/Palette-Beispiel-mit-Export-600x400.jpg?resize=600%2C400&#038;ssl=1\" alt=\"\" width=\"600\" height=\"400\" srcset=\"https:\/\/i0.wp.com\/antcube.shop\/wp-content\/uploads\/2021\/11\/Palette-Beispiel-mit-Export-scaled.jpg?resize=600%2C400&amp;ssl=1 600w, https:\/\/i0.wp.com\/antcube.shop\/wp-content\/uploads\/2021\/11\/Palette-Beispiel-mit-Export-scaled.jpg?resize=1200%2C800&amp;ssl=1 1200w, https:\/\/i0.wp.com\/antcube.shop\/wp-content\/uploads\/2021\/11\/Palette-Beispiel-mit-Export-scaled.jpg?resize=768%2C512&amp;ssl=1 768w, https:\/\/i0.wp.com\/antcube.shop\/wp-content\/uploads\/2021\/11\/Palette-Beispiel-mit-Export-scaled.jpg?resize=1536%2C1024&amp;ssl=1 1536w, https:\/\/i0.wp.com\/antcube.shop\/wp-content\/uploads\/2021\/11\/Palette-Beispiel-mit-Export-scaled.jpg?resize=2048%2C1365&amp;ssl=1 2048w, https:\/\/i0.wp.com\/antcube.shop\/wp-content\/uploads\/2021\/11\/Palette-Beispiel-mit-Export-scaled.jpg?resize=18%2C12&amp;ssl=1 18w, https:\/\/i0.wp.com\/antcube.shop\/wp-content\/uploads\/2021\/11\/Palette-Beispiel-mit-Export-scaled.jpg?resize=510%2C340&amp;ssl=1 510w\" sizes=\"auto, (max-width: 600px) 100vw, 600px\" \/><\/p>\n<h2 class=\"has-text-align-center has-medium-font-size\">Perch\u00e9 ANTCUBE?<\/h2>\n<p class=\"has-text-align-center\">Siamo uno dei pi\u00f9 grandi e pi\u00f9 longevi negozi di formiche del mondo. Pi\u00f9 di 20 anni di esperienza nell'allevamento di formiche e nella costruzione di formicai ci hanno reso quello che siamo oggi. Siamo convinti che la qualit\u00e0, la durata e la sostenibilit\u00e0 stiano diventando sempre pi\u00f9 importanti. Perci\u00f2 ci concentriamo sul vetro come materiale per i nostri formicai. A differenza dell'acrilico e della plastica, il vetro lascia un'impronta ecologica molto pi\u00f9 piccola. Inoltre, stiamo lavorando su imballaggi completamente riciclabili.<\/p>\n<p class=\"has-text-align-center\">Il vetro ha anche il vantaggio di non deteriorarsi a nessuna temperatura o umidit\u00e0 adatta alla conservazione delle formiche. Le lastre di vetro non si graffiano cos\u00ec rapidamente, non si deformano e non scoloriscono. La pulizia e il funzionamento sono facili, l'aspetto \u00e8 molto naturale e chic. La nostra protezione di fuga \u00e8 molto efficace, anche con specie di formiche particolarmente piccole, e ci sono infinite possibilit\u00e0 di adattamento ed espansione.<\/p>\n<h2 class=\"has-text-align-center has-medium-font-size\">Perch\u00e9 tenere la formica?<\/h2>\n<p class=\"has-text-align-center\">Le formiche sono molto facili da tenere, a seconda della specie. Avete bisogno di poco spazio e potete nutrirle praticamente con qualsiasi cosa. Le formiche non causano quasi nessun odore, sono animali molto puliti, non fanno rumore e non producono quasi nessun costo dopo l'acquisto della colonia e del formicaio. Inoltre, non devono mai andare dal veterinario.<\/p>\n<p class=\"has-text-align-center\">Le formiche sono incredibilmente affascinanti. Osservare una singola regina che alleva i suoi primi lavoratori in un periodo di anni e poi vedere la sua colonia crescere fino a migliaia di membri nel corso degli anni attraverso una perfetta cooperazione e uso delle risorse \u00e8 un'esperienza unica. Sono animali estremamente sociali e alcune specie formano diverse caste come lavoratori, soldati, agricoltori o anche infermiere e indovina un po', sono tutte femmine. Le formiche sono anche incredibilmente importanti per il nostro ambiente. Non solo sono presenti in ogni ecosistema abitabile del mondo, ma sono pi\u00f9 specializzate e versatili di qualsiasi altra specie. Le formiche sono simili a noi anche nel modo in cui vivono. La divisione del lavoro, il vivere insieme in grandi colonie in uno spazio ristretto, e l'uso di diversi livelli della catena alimentare in tutti gli ecosistemi le rendono cos\u00ec di successo, proprio come noi umani. L'unica differenza \u00e8 che noi non siamo neanche lontanamente cos\u00ec efficienti, e le formiche esistono da pi\u00f9 di 130 milioni di anni, mentre gli umani esistono solo da circa 300.000.<\/p>\n\n\t\t<\/div>\n\t\t\t\t\t<\/div>\n\n\t\n\n<\/div>\n<div class=\"row\"  id=\"row-1021010766\">\n\n\n\t<div id=\"col-380295454\" class=\"col medium-6 large-6\"  >\n\t\t\t\t<div class=\"col-inner\" style=\"background-color:#61ca9f;\" >\n\t\t\t\n\t\t\t\n\n<div class=\"container section-title-container\" ><h3 class=\"section-title section-title-normal\"><b aria-hidden=\"true\"><\/b><span class=\"section-title-main\" ><i class=\"icon-envelop\" aria-hidden=\"true\"><\/i>Contattateci<\/span><b aria-hidden=\"true\"><\/b><\/h3><\/div>\n\n\t<div id=\"text-698907529\" class=\"text\">\n\t\t\n\n<\/p>\n<ul>\n<li><strong>E-Mail<\/strong>: sales@antcube.de<\/li>\n<li><strong>Telefono<\/strong>: +49 30 439703870<\/li>\n<\/ul>\n<p><strong>Orario di lavoro <\/strong>(UTC\/GMT +1):<\/p>\n<ul>\n<li>Da marted\u00ec a venerd\u00ec dalle 10:00 alle 18:00<\/li>\n<\/ul>\n\n\t\t\n<style>\n#text-698907529 {\n  font-size: 0.75rem;\n}\n@media (min-width:550px) {\n  #text-698907529 {\n    font-size: 1.5rem;\n  }\n}\n<\/style>\n\t<\/div>\n\t\n\t<div id=\"gap-1821263109\" class=\"gap-element clearfix\" style=\"display:block; height:auto;\">\n\t\t\n<style>\n#gap-1821263109 {\n  padding-top: 60px;\n}\n<\/style>\n\t<\/div>\n\t\n\n\t<div class=\"img has-hover x md-x lg-x y md-y lg-y\" id=\"image_1521714607\">\n\t\t\t\t\t\t\t\t<div class=\"img-inner dark\" >\n\t\t\t<img data-recalc-dims=\"1\" loading=\"lazy\" decoding=\"async\" width=\"900\" height=\"900\" src=\"https:\/\/i0.wp.com\/antcube.shop\/wp-content\/uploads\/2021\/09\/Firmeneingang.jpg?resize=900%2C900&#038;ssl=1\" class=\"attachment-original size-original\" alt=\"Ingresso ANTSTORE\" srcset=\"https:\/\/i0.wp.com\/antcube.shop\/wp-content\/uploads\/2021\/09\/Firmeneingang.jpg?w=900&amp;ssl=1 900w, https:\/\/i0.wp.com\/antcube.shop\/wp-content\/uploads\/2021\/09\/Firmeneingang.jpg?resize=247%2C247&amp;ssl=1 247w, https:\/\/i0.wp.com\/antcube.shop\/wp-content\/uploads\/2021\/09\/Firmeneingang.jpg?resize=100%2C100&amp;ssl=1 100w, https:\/\/i0.wp.com\/antcube.shop\/wp-content\/uploads\/2021\/09\/Firmeneingang.jpg?resize=510%2C510&amp;ssl=1 510w, https:\/\/i0.wp.com\/antcube.shop\/wp-content\/uploads\/2021\/09\/Firmeneingang.jpg?resize=400%2C400&amp;ssl=1 400w, https:\/\/i0.wp.com\/antcube.shop\/wp-content\/uploads\/2021\/09\/Firmeneingang.jpg?resize=800%2C800&amp;ssl=1 800w, https:\/\/i0.wp.com\/antcube.shop\/wp-content\/uploads\/2021\/09\/Firmeneingang.jpg?resize=280%2C280&amp;ssl=1 280w, https:\/\/i0.wp.com\/antcube.shop\/wp-content\/uploads\/2021\/09\/Firmeneingang.jpg?resize=768%2C768&amp;ssl=1 768w\" sizes=\"auto, (max-width: 900px) 100vw, 900px\" \/>\t\t\t\t\t\t\n\t\t\t\t\t<\/div>\n\t\t\t\t\t\t\t\t\n<style>\n#image_1521714607 {\n  width: 100%;\n}\n<\/style>\n\t<\/div>\n\t\n\n\n\t\t<\/div>\n\t\t\t\t\t<\/div>\n\n\t\n\n\t<div id=\"col-2035506582\" class=\"col medium-6 large-6\"  >\n\t\t\t\t<div class=\"col-inner\"  >\n\t\t\t\n\t\t\t\n\n<div class=\"container section-title-container\" ><h3 class=\"section-title section-title-normal\"><b aria-hidden=\"true\"><\/b><span class=\"section-title-main\" >Visita il nostro negozio<\/span><b aria-hidden=\"true\"><\/b><\/h3><\/div>\n\n\t<div id=\"text-2473939500\" class=\"text\">\n\t\t\n\n<p><strong>Indirizzo:<\/strong><\/p>\n<ul>\n<li>Via: Selerweg 41<\/li>\n<li>Codice postale: D - 12169<\/li>\n<li>Citt\u00e0: Berlino<\/li>\n<li>Paese: Germania<\/li>\n<li>Distretto: Steglitz-Zehlendorf<\/li>\n<\/ul>\n<p><strong>Orari di apertura<\/strong> (UTC\/GMT +1)<\/p>\n<ul>\n<li>Da marted\u00ec a venerd\u00ec 13:00 - 18:00<\/li>\n<\/ul>\n<p><strong>COVID-19 NOTA:<\/strong> Il nostro negozio al dettaglio \u00e8 <strong>chiuso da marzo 2020<\/strong> o non ancora accessibile ai visitatori. Tuttavia, puoi ordinare e pagare i nostri prodotti online e poi ritirare tutto davanti alla nostra porta d'ingresso o spedire i prodotti con un servizio di pacchi a casa tua. Il nostro team di supporto \u00e8 ancora disponibile per le vostre richieste via email o telefono! Vi terremo aggiornati.<\/p>\n<p><iframe loading=\"lazy\" style=\"border: 0;\" src=\"https:\/\/www.google.com\/maps\/embed?pb=!1m18!1m12!1m3!1d2431.3708399886823!2d13.335121715997175!3d52.454311048847416!2m3!1f0!2f0!3f0!3m2!1i1024!2i768!4f13.1!3m3!1m2!1s0x47a85a9242e5bc07%3A0xc44ee1d5a0728440!2sANTSTORE!5e0!3m2!1sde!2sde!4v1632470583913!5m2!1sde!2sde\" width=\"600\" height=\"450\" allowfullscreen=\"allowfullscreen\"><\/iframe><\/p>\n\t\t\n<style>\n#text-2473939500 {\n  font-size: 0.75rem;\n}\n<\/style>\n\t<\/div>\n\t\n\n\t\t<\/div>\n\t\t\t\t\t<\/div>\n\n\t\n\n<\/div>","protected":false},"excerpt":{"rendered":"","protected":false},"author":1,"featured_media":0,"parent":0,"menu_order":0,"comment_status":"closed","ping_status":"closed","template":"","meta":{"_acf_changed":false,"content-type":"","_monsterinsights_skip_tracking":false,"_monsterinsights_sitenote_active":false,"_monsterinsights_sitenote_note":"","_monsterinsights_sitenote_category":0,"footnotes":""},"class_list":["post-628","page","type-page","status-publish","hentry"],"acf":[],"aioseo_notices":[],"jetpack_sharing_enabled":true,"_links":{"self":[{"href":"https:\/\/antcube.shop\/it\/wp-json\/wp\/v2\/pages\/628","targetHints":{"allow":["GET"]}}],"collection":[{"href":"https:\/\/antcube.shop\/it\/wp-json\/wp\/v2\/pages"}],"about":[{"href":"https:\/\/antcube.shop\/it\/wp-json\/wp\/v2\/types\/page"}],"author":[{"embeddable":true,"href":"https:\/\/antcube.shop\/it\/wp-json\/wp\/v2\/users\/1"}],"replies":[{"embeddable":true,"href":"https:\/\/antcube.shop\/it\/wp-json\/wp\/v2\/comments?post=628"}],"version-history":[{"count":10,"href":"https:\/\/antcube.shop\/it\/wp-json\/wp\/v2\/pages\/628\/revisions"}],"predecessor-version":[{"id":12738,"href":"https:\/\/antcube.shop\/it\/wp-json\/wp\/v2\/pages\/628\/revisions\/12738"}],"wp:attachment":[{"href":"https:\/\/antcube.shop\/it\/wp-json\/wp\/v2\/media?parent=628"}],"curies":[{"name":"wp","href":"https:\/\/api.w.org\/{rel}","templated":true}]}}