{"id":500,"date":"2021-07-21T10:22:03","date_gmt":"2021-07-21T08:22:03","guid":{"rendered":"https:\/\/antcube.shop\/?page_id=500"},"modified":"2024-12-03T12:41:56","modified_gmt":"2024-12-03T11:41:56","slug":"termini-e-condizioni","status":"publish","type":"page","link":"https:\/\/antcube.shop\/it\/termini-e-condizioni\/","title":{"rendered":"Termini e condizioni"},"content":{"rendered":"<div id=\"gap-1242084826\" class=\"gap-element clearfix\" style=\"display:block; height:auto;\">\n\t\t\n<style>\n#gap-1242084826 {\n  padding-top: 196px;\n}\n@media (min-width:850px) {\n  #gap-1242084826 {\n    padding-top: 190px;\n  }\n}\n<\/style>\n\t<\/div>\n\t\n\n<div class=\"row\"  id=\"row-1259717929\">\n\n\n\t<div id=\"col-1096008946\" class=\"col small-12 large-12\"  >\n\t\t\t\t<div class=\"col-inner\"  >\n\t\t\t\n\t\t\t\n\n<h1><b>Termini e condizioni generali <\/b><\/h1>\n<p><b>per <\/b><a href=\"http:\/\/www.antcube.shop\"><b>www.antcube.shop<\/b><\/a><span style=\"font-weight: 400;\"> ANTSTORE, Martin Sebesta, Selerweg 41, 12169 Berlino, di seguito denominato \"Venditore\".<\/span><\/p>\n<h2><b>\u00a7 1 Ambito di applicazione, informazioni generali, definizioni<\/b><\/h2>\n<p><span style=\"font-weight: 400;\">(1) Le presenti condizioni generali di contratto (CG) si applicano a tutti gli ordini di merci e servizi effettuati tramite il negozio online del sito web. <\/span><b>antcube.shop<\/b><span style=\"font-weight: 400;\">gestito da ANTSTORE, Martin Sebesta, Selerweg 41, 12169 Berlino. E-mail: <\/span><a href=\"mailto:verkauf@antstore.de\"><span style=\"font-weight: 400;\">verkauf@antstore.de<\/span><\/a><span style=\"font-weight: 400;\"> \/ law@ants.de\u00a0<\/span><\/p>\n<p><span style=\"font-weight: 400;\">(2) Il Venditore offre prodotti per il mantenimento delle formiche e accessori in particolare attraverso il suo negozio online. Le CG si applicano al rapporto commerciale tra il venditore e il cliente nella versione valida al momento dell'ordine.<\/span><\/p>\n<p><span style=\"font-weight: 400;\">(3) Un consumatore ai sensi delle presenti CGV \u00e8 una persona fisica che conclude un negozio giuridico per scopi prevalentemente estranei alla propria attivit\u00e0 commerciale, imprenditoriale o professionale. Gli imprenditori sono persone fisiche o giuridiche o societ\u00e0 di persone che, quando concludono un negozio giuridico, agiscono nell'esercizio della loro attivit\u00e0 commerciale o autonoma.<\/span><\/p>\n<p><span style=\"font-weight: 400;\">(4) I singoli accordi contrattuali hanno la precedenza sulle presenti CGC. Condizioni diverse da quelle del cliente saranno riconosciute solo se il venditore le ha espressamente accettate.<\/span><\/p>\n<h2><b>\u00a7 2 Conclusione del contratto<\/b><\/h2>\n<p><span style=\"font-weight: 400;\">(1) Se non diversamente indicato nella pagina del prodotto, l'area di consegna comprende l'Unione Europea.<\/span><\/p>\n<p><span style=\"font-weight: 400;\">(2) La presentazione della merce sul sito web del venditore costituisce un'offerta vincolante. La merce ordinata pu\u00f2 discostarsi leggermente da quella mostrata su Internet entro limiti ragionevoli a causa delle possibilit\u00e0 tecniche di presentazione, in particolare possono esserci differenze di colore, nella misura in cui ci\u00f2 \u00e8 ragionevole.<\/span><\/p>\n<p><span style=\"font-weight: 400;\">(3) Selezionando la casella blu \"<\/span><span style=\"font-weight: 400;\">Con il vostro ordine dichiarate di aver letto e compreso la nostra offerta<\/span><b>&#8221; <\/b><span style=\"font-weight: 400;\">e poi <\/span><span style=\"font-weight: 400;\">Cliccando sul pulsante \"Acquista ora\" o venendo reindirizzati a PayPal tramite il pulsante \"Paga con PayPal\" e completando il processo di pagamento, il cliente presenta un'offerta vincolante per l'acquisto della merce presente nel carrello e accetta la validit\u00e0 delle presenti CG.<\/span><\/p>\n<p><span style=\"font-weight: 400;\">(4) Il venditore conferma la ricezione dell'ordine tramite e-mail (conferma d'ordine). Tuttavia, tale conferma d'ordine non costituisce accettazione dell'offerta. Il contratto si conclude solo con l'invio di una conferma d'ordine o di una conferma di spedizione.<\/span><\/p>\n<p><span style=\"font-weight: 400;\">(5) Il venditore si riserva il diritto di accettare o rifiutare gli ordini entro cinque giorni lavorativi. Se l'ordine non viene accettato, il cliente verr\u00e0 informato via e-mail.<\/span><\/p>\n<p><span style=\"font-weight: 400;\">(6) In caso di problemi di consegna imprevedibili o di mancata disponibilit\u00e0 della merce per i quali il venditore non \u00e8 responsabile, sia il venditore che il cliente possono recedere dal contratto. Il cliente sar\u00e0 informato immediatamente e i pagamenti effettuati saranno rimborsati senza indugio.<\/span><\/p>\n<p><span style=\"font-weight: 400;\">(7) Se il cliente ordina la merce per via elettronica, il testo del contratto viene salvato dal venditore e inviato al cliente insieme alle CGC legalmente valide via e-mail dopo la conclusione del contratto.<\/span><\/p>\n<h2><b>\u00a7 3 Conto cliente<\/b><\/h2>\n<p><span style=\"font-weight: 400;\">(1) L'acquisto tramite il nostro sito web \u00e8 generalmente possibile solo con la registrazione. Tuttavia, potrebbe essere necessario creare un account cliente per accedere a determinate funzioni.<\/span><\/p>\n<p><span style=\"font-weight: 400;\">(2) Non esiste alcun diritto al conto cliente. Possono registrarsi solo le persone fisiche maggiorenni che utilizzano il conto per scopi privati o gli imprenditori e le persone giuridiche o le societ\u00e0 di persone con capacit\u00e0 giuridica che agiscono nell'esercizio della loro attivit\u00e0 commerciale o professionale indipendente al momento della conclusione del negozio giuridico. I dati di accesso devono essere trattati con riservatezza e non possono essere trasmessi a terzi.<\/span><\/p>\n<p><span style=\"font-weight: 400;\">(3) Non sono consentite registrazioni multiple. I clienti possono cancellare il proprio account in qualsiasi momento tramite la gestione dell'account.<\/span><\/p>\n<h2><b>\u00a7 4 Riserva di propriet\u00e0<\/b><\/h2>\n<p><span style=\"font-weight: 400;\">(1) Nel caso dei consumatori, il venditore conserva la propriet\u00e0 della merce fino al completo pagamento del prezzo di acquisto. Nel caso di imprenditori, ci\u00f2 vale fino a quando tutti i crediti derivanti dal rapporto commerciale in corso non siano stati risolti.<\/span><\/p>\n<p><span style=\"font-weight: 400;\">(2) In caso di violazione del contratto da parte del cliente, in particolare in caso di ritardo nel pagamento, di false informazioni fornite dal cliente sulla propria solvibilit\u00e0 o in caso di presentazione di una domanda di apertura di una procedura di insolvenza, il venditore ha il diritto - se necessario dopo aver fissato un termine - di recedere dal contratto e di richiedere la restituzione della merce, a condizione che il cliente non abbia ancora pagato il corrispettivo o non lo abbia pagato per intero.<\/span><\/p>\n<p><span style=\"font-weight: 400;\">(3) L'imprenditore \u00e8 autorizzato a rivendere la merce nell'ambito della normale attivit\u00e0 commerciale. Con la presente cede al Venditore tutti i crediti pari all'importo della fattura che gli spettano nei confronti di terzi a seguito della rivendita. Il venditore accetta la cessione. Dopo la cessione, l'imprenditore \u00e8 autorizzato a riscuotere il credito. Il venditore si riserva il diritto di riscuotere egli stesso il credito non appena l'imprenditore non adempie correttamente ai suoi obblighi di pagamento ed \u00e8 in mora.<\/span><\/p>\n<p><span style=\"font-weight: 400;\">(4) Il Venditore si impegna a svincolare le garanzie a cui ha diritto su richiesta dell'Acquirente nella misura in cui il valore realizzabile delle garanzie superi il credito da garantire di oltre 10%. La scelta delle garanzie da svincolare spetta al Venditore.<\/span><\/p>\n<h2><b>\u00a7 5 Prezzi e condizioni di pagamento<\/b><\/h2>\n<p><span style=\"font-weight: 400;\">(1) I prezzi indicati sono prezzi lordi, vincolanti e comprensivi dell'IVA di legge e non comprendono eventuali <a href=\"https:\/\/antcube.shop\/en\/shipping-costs-delivery-restrictions\/\">costi di spedizione<\/a> sostenuti, compresa l'IVA. Si applica l'importo indicato al momento dell'ordine. Il prezzo, comprensivo di IVA e spese di spedizione, sar\u00e0 visualizzato anche nel modulo d'ordine prima che il cliente inoltri l'ordine. Le spese di spedizione sono riportate anche nel nostro sito <\/span><a href=\"https:\/\/antcube.shop\/en\/shipping-costs-delivery-restrictions\/\"><b>panoramica dei costi di spedizione.<\/b><\/a><\/p>\n<p><span style=\"font-weight: 400;\">(2) Il cliente si impegna a pagare il prezzo totale entro 14 giorni dal ricevimento della conferma d'ordine via e-mail o della fattura. Trascorso tale termine, il cliente sar\u00e0 in mora nel pagamento. Durante il periodo di mora, il consumatore dovr\u00e0 pagare un interesse sul debito pari a 5 punti percentuali in pi\u00f9 rispetto al tasso di interesse di base. Durante il periodo di mora, l'imprenditore dovr\u00e0 pagare un interesse sul debito pari a 9 punti percentuali sopra il tasso di interesse di base. In caso di inadempimento di una richiesta di pagamento, l'imprenditore dovr\u00e0 anche pagare una somma forfettaria di 40 euro. Ci\u00f2 vale anche se l'imprenditore \u00e8 in ritardo con un pagamento in acconto o un altro pagamento rateale. Il venditore si riserva il diritto di chiedere all'imprenditore un risarcimento maggiore per la mora. L'importo forfettario di cui alla frase 5 sar\u00e0 compensato da una richiesta di risarcimento danni dovuta, nella misura in cui il danno si basa sui costi dell'azione legale.<\/span><\/p>\n<p><span style=\"font-weight: 400;\">(3) Il cliente ha diritto alla compensazione solo se le sue contropretese sono state legalmente stabilite, riconosciute o non contestate dal venditore. Il diritto del cliente di compensare i crediti contrattuali e di altro tipo derivanti dall'inizio o dall'esecuzione del rapporto contrattuale rimane inalterato. Il cliente pu\u00f2 esercitare il diritto di ritenzione solo se la sua contropretesa si basa sullo stesso rapporto contrattuale.<\/span><\/p>\n<p><span style=\"font-weight: 400;\">(4) Modifiche, estensioni e limitazioni dell'ordine dopo la conclusione del contratto saranno prese in considerazione dal venditore per quanto possibile. Il venditore addebiter\u00e0 una tassa di elaborazione di 10,00 \u20ac IVA inclusa, a meno che non si tratti di casi di annullamento o di richieste di garanzia. Per gli ordini da evadere manualmente, che non vengono elaborati tramite il negozio online, addebitiamo una tassa di elaborazione di 20,00 \u20ac. Sono esclusi gli ordini con merce che non pu\u00f2 essere ordinata tramite il negozio online, ad esempio prodotti personalizzati.<\/span><\/p>\n<p><span style=\"font-weight: 400;\">(5) Gli animali ordinati che, su richiesta del cliente, devono essere spediti in un momento successivo a quello concordato contrattualmente, verranno addebitati a \u20ac 2,00 IVA inclusa per day &amp; gyne (sforzo di cura) dal giorno dell'ordine al giorno della spedizione. \u00c8 possibile un massimo di 30 giorni.<\/span><\/p>\n<h2><b>\u00a7 6 <a href=\"https:\/\/antcube.shop\/en\/payment-methods-and-conditions\/\">Metodi di pagamento<\/a><\/b><\/h2>\n<p><span style=\"font-weight: 400;\">(1) Il prezzo di acquisto pu\u00f2 essere pagato in anticipo, tramite bonifico bancario, carta di credito o PayPal. In caso di pagamento tramite PayPal, si applicano le condizioni d'uso di quest'ultimo. Ulteriori informazioni sono disponibili nella nostra informativa sulla privacy. <a href=\"https:\/\/antcube.shop\/en\/privacy-policy\/\">Informativa sulla privacy<\/a>.<\/span><\/p>\n<h2><b>\u00a7 7 Condizioni di spedizione e consegna<\/b><\/h2>\n<p><span style=\"font-weight: 400;\">(1) Spediamo solo negli Stati membri dell'Unione Europea, ad eccezione dei territori europei d'oltremare o delle exclavi e delle regioni con autonomia fiscale (definite dall'Unione Europea \"regioni ultraperiferiche\"). I tempi di consegna stimati per la Germania e gli altri Paesi sono indicati nel nostro sito web <\/span><a href=\"https:\/\/antcube.shop\/en\/shipping-costs-delivery-restrictions\/\"><b>panoramica dei costi di spedizione.<\/b><\/a><\/p>\n<p><span style=\"font-weight: 400;\">(2) Il termine di consegna decorre un giorno dopo l'autorizzazione del pagamento in caso di pagamento anticipato\/bonifico bancario o PayPal. Per gli altri metodi di pagamento, il termine decorre un giorno dopo l'effettuazione dell'ordine.<\/span><\/p>\n<p><span style=\"font-weight: 400;\">(3) Se l'inizio o la fine del termine cade di sabato, domenica o in un giorno festivo, l'inizio o la fine del termine sar\u00e0 posticipato al giorno lavorativo successivo.<\/span><\/p>\n<p><span style=\"font-weight: 400;\">(4) Il venditore ha il diritto di effettuare consegne parziali se ci\u00f2 \u00e8 ragionevole per il cliente. Ci\u00f2 non comporter\u00e0 alcun costo aggiuntivo per il cliente.<\/span><\/p>\n<p><span style=\"font-weight: 400;\">(5) Se il cliente sceglie di ritirare l'ordine presso il nostro negozio, verr\u00e0 informato via e-mail che l'ordine \u00e8 pronto per il ritiro.<\/span><\/p>\n<h2><b>\u00a7 8 Trasferimento del rischio<\/b><\/h2>\n<p><span style=\"font-weight: 400;\">(1) Nel caso di consumatori, il rischio di perdita e deterioramento accidentale della merce passa al cliente al momento della consegna.<\/span><\/p>\n<p><span style=\"font-weight: 400;\">(2) Nel caso di imprenditori, il rischio passa al cliente al momento della consegna all'impresa di trasporto.<\/span><\/p>\n<p><span style=\"font-weight: 400;\">(3) Se il cliente \u00e8 in ritardo nell'accettazione, questa equivale alla consegna.<\/span><\/p>\n<h2><b>\u00a7 9 Garanzia<\/b><\/h2>\n<p><span style=\"font-weight: 400;\">(1) La garanzia \u00e8 disciplinata dalle disposizioni di legge. Il periodo di garanzia per i consumatori \u00e8 di 2 anni dalla consegna della merce. Il periodo di garanzia per gli imprenditori \u00e8 di 1 anno dalla consegna. Anche il periodo di garanzia per i beni usati \u00e8 di 1 anno dalla consegna dei beni. Il periodo di garanzia di un anno non si applica se il venditore pu\u00f2 essere accusato di grave negligenza, n\u00e9 in caso di danni fisici e alla salute attribuibili al venditore e in caso di perdita della vita del cliente, in caso di garanzia e in caso di ricorso alla consegna ai sensi dei \u00a7\u00a7 478, 479 BGB. La responsabilit\u00e0 del venditore ai sensi della legge sulla responsabilit\u00e0 del prodotto rimane inalterata.<\/span><\/p>\n<p><span style=\"font-weight: 400;\">(2) In deroga al par. 1, si applicher\u00e0 il termine di prescrizione ordinario se il venditore ha occultato fraudolentemente un difetto<\/span><\/p>\n<p><span style=\"font-weight: 400;\">(3) La merce ordinata pu\u00f2 discostarsi leggermente da quella mostrata su Internet entro limiti ragionevoli. Si fa riferimento al \u00a7 2 comma 2 delle presenti CGV.<\/span><\/p>\n<p><span style=\"font-weight: 400;\">(4) Il consumatore pu\u00f2 scegliere tra riparazione e sostituzione. Il venditore pu\u00f2 rifiutare il tipo di adempimento successivo scelto se \u00e8 possibile solo a costi sproporzionati.<\/span><\/p>\n<p><span style=\"font-weight: 400;\">(5) I difetti evidenti devono essere segnalati dagli imprenditori entro due settimane dal ricevimento della merce. In caso contrario, il diritto alla garanzia \u00e8 escluso. La spedizione o la notifica tempestiva \u00e8 sufficiente per rispettare il termine. Per i commercianti si applica il \u00a7 377 HGB.<\/span><\/p>\n<p><span style=\"font-weight: 400;\">(6) La garanzia non copre i danni causati da un uso improprio. Le garanzie del produttore rimangono inalterate.<\/span><\/p>\n<h2><b>\u00a7 10 Limitazioni di responsabilit\u00e0<\/b><\/h2>\n<p><span style=\"font-weight: 400;\">(1) In caso di negligenza lieve, il Venditore \u00e8 responsabile solo per i danni prevedibili tipici del contratto. Questa limitazione si applica anche agli agenti ausiliari del Venditore.<\/span><\/p>\n<p><span style=\"font-weight: 400;\">(2) Le limitazioni di responsabilit\u00e0 non si applicano in caso di dolo, violazione di obblighi contrattuali sostanziali o danni alla vita, all'integrit\u00e0 fisica o alla salute.<\/span><\/p>\n<p><span style=\"font-weight: 400;\">(3) Il cliente \u00e8 tenuto ad adottare misure adeguate per prevenire e ridurre al minimo i danni.<\/span><\/p>\n<p><span style=\"font-weight: 400;\">(4) Il venditore \u00e8 responsabile solo dei propri contenuti sul sito web del suo negozio online. Nella misura in cui i link consentono l'accesso ad altri siti web, il venditore non \u00e8 responsabile dei contenuti di terzi in essi contenuti. Egli non adotta i contenuti di terzi come propri. Se il venditore viene a conoscenza di contenuti illegali su siti web esterni, bloccher\u00e0 immediatamente l'accesso a tali pagine.<\/span><\/p>\n<h2><b>\u00a7 11 Protezione dei dati<\/b><\/h2>\n<p><span style=\"font-weight: 400;\">I dati raccolti durante il processo di ordinazione vengono elaborati per l'esecuzione del contratto. Ulteriori informazioni, in particolare sul trasferimento di dati a terzi, sono disponibili nella sezione <a href=\"https:\/\/antcube.shop\/en\/privacy-policy\/\">Informativa sulla privacy<\/a> sul nostro sito web.<\/span><\/p>\n<h2><b>\u00a7 12 Disposizioni finali e risoluzione delle controversie<\/b><\/h2>\n<p><span style=\"font-weight: 400;\">(1) Si applica il diritto della Repubblica Federale di Germania. Per i consumatori, ci\u00f2 vale solo nella misura in cui la protezione concessa non \u00e8 limitata da disposizioni imperative del paese in cui il consumatore ha la sua residenza abituale. Non si applicano le disposizioni della Convenzione delle Nazioni Unite sui contratti di vendita internazionale di merci. \u00a7 Sezione 16 para. 14 frase 2 n. 6 TDSG rimane inalterato.<\/span><\/p>\n<p><span style=\"font-weight: 400;\">(2) La Commissione europea mette a disposizione una piattaforma per la risoluzione delle controversie online (OS), accessibile all'indirizzo https:\/\/ec.europa.eu\/consumers\/odr. Il nostro indirizzo e-mail \u00e8: law@ants.de\u00a0<\/span><\/p>\n<p><a href=\"https:\/\/antcube.shop\/en\/shipping-costs-delivery-restrictions\/\"><b>Costi di spedizione\/ condizioni di spedizione<\/b><\/a><\/p>\n<p><a href=\"https:\/\/antcube.shop\/en\/privacy-policy\/\"><b>Politica sulla privacy<\/b><\/a><\/p>\n<p><a href=\"https:\/\/antcube.shop\/en\/payment-methods-and-conditions\/\"><b>Opzioni di pagamento<\/b><\/a><\/p>\n<p><a href=\"https:\/\/antcube.shop\/en\/refund-policy\/\"><b>Diritto di cancellazione<\/b><\/a><\/p>\n\n\t\t<\/div>\n\t\t\t\t\t<\/div>\n\n\t\n\n<\/div>","protected":false},"excerpt":{"rendered":"","protected":false},"author":1,"featured_media":0,"parent":0,"menu_order":0,"comment_status":"closed","ping_status":"closed","template":"","meta":{"_acf_changed":false,"content-type":"","_monsterinsights_skip_tracking":false,"_monsterinsights_sitenote_active":false,"_monsterinsights_sitenote_note":"","_monsterinsights_sitenote_category":0,"footnotes":""},"class_list":["post-500","page","type-page","status-publish","hentry"],"acf":[],"aioseo_notices":[],"jetpack_sharing_enabled":true,"_links":{"self":[{"href":"https:\/\/antcube.shop\/it\/wp-json\/wp\/v2\/pages\/500","targetHints":{"allow":["GET"]}}],"collection":[{"href":"https:\/\/antcube.shop\/it\/wp-json\/wp\/v2\/pages"}],"about":[{"href":"https:\/\/antcube.shop\/it\/wp-json\/wp\/v2\/types\/page"}],"author":[{"embeddable":true,"href":"https:\/\/antcube.shop\/it\/wp-json\/wp\/v2\/users\/1"}],"replies":[{"embeddable":true,"href":"https:\/\/antcube.shop\/it\/wp-json\/wp\/v2\/comments?post=500"}],"version-history":[{"count":10,"href":"https:\/\/antcube.shop\/it\/wp-json\/wp\/v2\/pages\/500\/revisions"}],"predecessor-version":[{"id":10710,"href":"https:\/\/antcube.shop\/it\/wp-json\/wp\/v2\/pages\/500\/revisions\/10710"}],"wp:attachment":[{"href":"https:\/\/antcube.shop\/it\/wp-json\/wp\/v2\/media?parent=500"}],"curies":[{"name":"wp","href":"https:\/\/api.w.org\/{rel}","templated":true}]}}