{"id":2479,"date":"2021-09-30T10:43:05","date_gmt":"2021-09-30T08:43:05","guid":{"rendered":"https:\/\/antcube.shop\/?page_id=2479"},"modified":"2023-12-14T13:31:40","modified_gmt":"2023-12-14T12:31:40","slug":"passo-4","status":"publish","type":"page","link":"https:\/\/antcube.shop\/it\/ant-finder\/intermedio\/passo-4\/","title":{"rendered":"Passo 4"},"content":{"rendered":"<div id=\"gap-1773495167\" class=\"gap-element clearfix\" style=\"display:block; height:auto;\">\n\t\t\n<style>\n#gap-1773495167 {\n  padding-top: 200px;\n}\n@media (min-width:850px) {\n  #gap-1773495167 {\n    padding-top: 175px;\n  }\n}\n<\/style>\n\t<\/div>\n\t\n\n<div class=\"row\"  id=\"row-987553315\">\n\n\n\t<div id=\"col-1611029975\" class=\"col small-12 large-12\"  >\n\t\t\t\t<div class=\"col-inner\"  >\n\t\t\t\n\t\t\t\n\n\t<div id=\"text-64092946\" class=\"text\">\n\t\t\n\n<h3>Formiche per i formicai esperti<\/h3>\n<p>Poich\u00e9 le formiche vivono in habitat molto diversi con condizioni climatiche molto diverse, \u00e8 necessario assicurarsi di poter fornire la giusta temperatura e umidit\u00e0.<\/p>\n<p>Per mantenere la giusta umidit\u00e0 \u00e8 sufficiente inumidire il formicaio, per esempio con una bottiglia spray. Quando si tratta di mantenere la giusta temperatura, per\u00f2, diventa un po' pi\u00f9 complicato. Avete bisogno di una lampada di calore, un tappetino o un cavo riscaldante o riscaldare la stanza in cui tenete le formiche alla giusta temperatura.<\/p>\n<p>Tuttavia ci sono molte specie che si possono tenere a temperatura ambiente. Anche se \u00e8 1-3 C\u00b0 sotto la temperatura raccomandata, di solito non \u00e8 problematico.\u00a0<\/p>\n\t\t\n<style>\n#text-64092946 {\n  text-align: center;\n}\n<\/style>\n\t<\/div>\n\t\n\n\t\t<\/div>\n\t\t\t\t\t<\/div>\n\n\t\n\n<\/div>\n\t<div id=\"text-907655631\" class=\"text\">\n\t\t\n\n<p><strong>Domanda: Stai cercando una specie di formica che puoi tenere a temperatura ambiente?<\/strong><\/p>\n\t\t\n<style>\n#text-907655631 {\n  font-size: 1.8rem;\n  text-align: center;\n}\n<\/style>\n\t<\/div>\n\t\n<div class=\"row\"  id=\"row-508865820\">\n\n\n\t<div id=\"col-1454647914\" class=\"col medium-6 small-12 large-6\"  >\n\t\t\t\t<div class=\"col-inner\"  >\n\t\t\t\n\t\t\t\n\n<a href=\"https:\/\/antcube.shop\/ant-finder\/intermediate\/step-4\/step-7\/\" class=\"button secondary expand\" >\n\t\t<span>S\u00ec, voglio tenerli a temperatura ambiente<\/span>\n\t<\/a>\n\n\n\n\t\t<\/div>\n\t\t\t\t\t<\/div>\n\n\t\n\n\t<div id=\"col-2013453971\" class=\"col medium-6 small-12 large-6\"  >\n\t\t\t\t<div class=\"col-inner\"  >\n\t\t\t\n\t\t\t\n\n<a href=\"https:\/\/antcube.shop\/ant-finder\/intermediate\/step-4\/step-8\/\" class=\"button secondary expand\" >\n\t\t<span>No, fornir\u00f2 la temperatura necessaria<\/span>\n\t<\/a>\n\n\n\n\t\t<\/div>\n\t\t\t\t\t<\/div>\n\n\t\n\n<\/div>","protected":false},"excerpt":{"rendered":"","protected":false},"author":1,"featured_media":0,"parent":2468,"menu_order":0,"comment_status":"closed","ping_status":"closed","template":"","meta":{"_acf_changed":false,"content-type":"","_monsterinsights_skip_tracking":false,"_monsterinsights_sitenote_active":false,"_monsterinsights_sitenote_note":"","_monsterinsights_sitenote_category":0,"footnotes":""},"class_list":["post-2479","page","type-page","status-publish","hentry"],"acf":[],"aioseo_notices":[],"jetpack_sharing_enabled":true,"_links":{"self":[{"href":"https:\/\/antcube.shop\/it\/wp-json\/wp\/v2\/pages\/2479","targetHints":{"allow":["GET"]}}],"collection":[{"href":"https:\/\/antcube.shop\/it\/wp-json\/wp\/v2\/pages"}],"about":[{"href":"https:\/\/antcube.shop\/it\/wp-json\/wp\/v2\/types\/page"}],"author":[{"embeddable":true,"href":"https:\/\/antcube.shop\/it\/wp-json\/wp\/v2\/users\/1"}],"replies":[{"embeddable":true,"href":"https:\/\/antcube.shop\/it\/wp-json\/wp\/v2\/comments?post=2479"}],"version-history":[{"count":10,"href":"https:\/\/antcube.shop\/it\/wp-json\/wp\/v2\/pages\/2479\/revisions"}],"predecessor-version":[{"id":6793,"href":"https:\/\/antcube.shop\/it\/wp-json\/wp\/v2\/pages\/2479\/revisions\/6793"}],"up":[{"embeddable":true,"href":"https:\/\/antcube.shop\/it\/wp-json\/wp\/v2\/pages\/2468"}],"wp:attachment":[{"href":"https:\/\/antcube.shop\/it\/wp-json\/wp\/v2\/media?parent=2479"}],"curies":[{"name":"wp","href":"https:\/\/api.w.org\/{rel}","templated":true}]}}