{"id":9883,"date":"2024-10-08T15:17:56","date_gmt":"2024-10-08T13:17:56","guid":{"rendered":"https:\/\/antcube.shop\/en\/product\/abdeckung-edelstahlgitter-30x30\/"},"modified":"2026-03-16T10:37:13","modified_gmt":"2026-03-16T09:37:13","slug":"rozsdamentes-acel-racsfedel-30x30","status":"publish","type":"product","link":"https:\/\/antcube.shop\/hu\/termek\/rozsdamentes-acel-racsfedel-30x30\/","title":{"rendered":"Rozsdamentes ac\u00e9l r\u00e1csfed\u00e9l 30\u00d730"},"content":{"rendered":"<p>Hangya \u00e9s Drosophila biztons\u00e1gos \u00fcveg + rozsdamentes ac\u00e9l h\u00e1l\u00f3s fed\u00e9l. M\u00e9g a legkisebb fajok sem tudnak \u00e1tjutni a finom rozsdamentes ac\u00e9lh\u00e1l\u00f3zaton, \u00e9s m\u00e9g a lev\u00e9lv\u00e1g\u00f3 hangy\u00e1k sem tudj\u00e1k \u00e1tv\u00e1gni.<\/p>\n<p><strong>M\u00e9retek (LxBxH):<\/strong> 30x30x0,4 cm<br \/>\n17,5\u00d717,5 cm-es szell\u0151z\u0151fel\u00fclet<\/p>\n<p><strong>Anyag:<\/strong> float \u00fcveg, rozsdamentes ac\u00e9l r\u00e1cs<\/p>\n<p><strong>Sz\u00edn:<\/strong> krist\u00e1lytiszta \/ \u00e1tl\u00e1tsz\u00f3<\/p>\n<p><strong>Tartalom:<\/strong><br \/>\n1x fed\u00e9l rozsdamentes ac\u00e9l r\u00e1cs 30\u00d730<br \/>\n1x r\u00f6gz\u00edt\u00e9si pontok \u00e0 4 db.<\/p>\n<p><strong>Le\u00edr\u00e1s:<\/strong><br \/>\n\u00dcvegfed\u00e9l a hangyaar\u00e9na sz\u00e1m\u00e1ra menek\u00fcl\u00e9s elleni v\u00e9delemk\u00e9nt<\/p>\n<p><strong>Alkalmaz\u00e1s:<\/strong><br \/>\nA hangyaar\u00e9na fedele egy hangyaar\u00e9n\u00e1ra ker\u00fcl, \u00e9s egyben az \u00e9ghajlat szab\u00e1lyoz\u00e1s\u00e1ra is szolg\u00e1l.<\/p>\n<p><strong>Megjegyz\u00e9s:<\/strong><br \/>\nMivel a t\u00e1rgy \u00fcvegb\u0151l k\u00e9sz\u00fclt, \u00e9s ez\u00e9rt t\u00f6r\u00e9keny, nagyon \u00f3vatosan kell kezelni.<\/p>","protected":false},"excerpt":{"rendered":"<p>Hangya \u00e9s Drosophila biztons\u00e1gos \u00fcveg + rozsdamentes ac\u00e9l h\u00e1l\u00f3s fed\u00e9l. M\u00e9g a legkisebb fajok sem tudnak \u00e1tjutni a finom rozsdamentes ac\u00e9lh\u00e1l\u00f3zaton, \u00e9s m\u00e9g a lev\u00e9lv\u00e1g\u00f3 hangy\u00e1k sem tudj\u00e1k \u00e1tv\u00e1gni. M\u00e9retek (HxSxK): 20x20x0,4 cm 11,7x11,7 cm szell\u0151z\u0151fel\u00fclet Anyag: float \u00fcveg, rozsdamentes ac\u00e9l r\u00e1cs Sz\u00edn: krist\u00e1lytiszta \/ \u00e1tl\u00e1tsz\u00f3 Tartalom: Asztali \u00fcveg, rozsdamentes ac\u00e9l r\u00e1cs: Tartalma: 1x fed\u0151 rozsdamentes ac\u00e9l r\u00e1cs","protected":false},"featured_media":9889,"comment_status":"open","ping_status":"closed","template":"","meta":{"_acf_changed":false,"content-type":"","_monsterinsights_skip_tracking":false,"_monsterinsights_sitenote_active":false,"_monsterinsights_sitenote_note":"","_monsterinsights_sitenote_category":0},"product_brand":[484],"product_cat":[257,91,92],"product_tag":[],"class_list":{"0":"post-9883","1":"product","2":"type-product","3":"status-publish","4":"has-post-thumbnail","6":"product_brand-antcube","7":"product_cat-new-innovatve-products","8":"product_cat-formicarium-modules","9":"product_cat-arena-cover","11":"first","12":"instock","13":"taxable","14":"shipping-taxable","15":"purchasable","16":"product-type-simple"},"acf":[],"aioseo_notices":[],"jetpack_sharing_enabled":true,"_links":{"self":[{"href":"https:\/\/antcube.shop\/hu\/wp-json\/wp\/v2\/product\/9883","targetHints":{"allow":["GET"]}}],"collection":[{"href":"https:\/\/antcube.shop\/hu\/wp-json\/wp\/v2\/product"}],"about":[{"href":"https:\/\/antcube.shop\/hu\/wp-json\/wp\/v2\/types\/product"}],"replies":[{"embeddable":true,"href":"https:\/\/antcube.shop\/hu\/wp-json\/wp\/v2\/comments?post=9883"}],"wp:featuredmedia":[{"embeddable":true,"href":"https:\/\/antcube.shop\/hu\/wp-json\/wp\/v2\/media\/9889"}],"wp:attachment":[{"href":"https:\/\/antcube.shop\/hu\/wp-json\/wp\/v2\/media?parent=9883"}],"wp:term":[{"taxonomy":"product_brand","embeddable":true,"href":"https:\/\/antcube.shop\/hu\/wp-json\/wp\/v2\/product_brand?post=9883"},{"taxonomy":"product_cat","embeddable":true,"href":"https:\/\/antcube.shop\/hu\/wp-json\/wp\/v2\/product_cat?post=9883"},{"taxonomy":"product_tag","embeddable":true,"href":"https:\/\/antcube.shop\/hu\/wp-json\/wp\/v2\/product_tag?post=9883"}],"curies":[{"name":"wp","href":"https:\/\/api.w.org\/{rel}","templated":true}]}}