{"id":9880,"date":"2024-10-08T15:15:23","date_gmt":"2024-10-08T13:15:23","guid":{"rendered":"https:\/\/antcube.shop\/en\/product\/plantcube-vivarium-mini-nano-biologicum-tropical-domus\/"},"modified":"2026-04-03T21:16:10","modified_gmt":"2026-04-03T19:16:10","slug":"plantcube-vivarium-biom-csomag","status":"publish","type":"product","link":"https:\/\/antcube.shop\/hu\/termek\/plantcube-vivarium-biom-csomag\/","title":{"rendered":"PLANTCUBE - Viv\u00e1rium 20x20x20 Biom csomag"},"content":{"rendered":"<h1><strong>SZEREZZEN EGY DARAB TERM\u00c9SZETET AZ OTTHON\u00c1BA<\/strong><\/h1>\n<p><strong>Tartalom:<\/strong><br \/>\n1x PLANTCUBE Viv\u00e1rium 20x20x20 Biom<br \/>\n1x fed\u00e9l 20\u00d720 (2x 50mm-es lyuk)<br \/>\n1x pad 20\u00d720<br \/>\n2x Grid insert acrylic &#8211; 50 mm with sealing ring<br \/>\n2x Grid insert acrylic &#8211; 27 mm with sealing ring<br \/>\n2x dug\u00f3 10 mm-es lyukhoz<br \/>\n1x r\u00f6gz\u00edt\u0151bet\u00e9t a fed\u00e9lhez (4 db)<\/p>\n<p>\u00dcvegtart\u00e1ly kocka 20x20x20 cm, 2x oldals\u00f3 27 mm-es lyukkal \u00e9s 2x oldals\u00f3 10 mm-es lyukkal.<br \/>\nA 27 mm-es lyuk (k\u00f6z\u00e9ppont) 8,5 cm magass\u00e1gban van.<\/p>\n<p><strong>M\u00e9retek:<\/strong> 200 x 200 x 200 mm; 4 mm \u00fcvegvastags\u00e1g<\/p>\n<p><strong>Anyag:<\/strong> \u00fasztatott \u00fcveg<\/p>\n<p><strong>Oldals\u00f3 ny\u00edl\u00e1sok:<\/strong><br \/>\n2x lyuk 27 mm<br \/>\n2x lyuk 10 mm<\/p>\n<p>PLANTCUBE Viv\u00e1riumainkkal megtervezheti saj\u00e1t \u00e9l\u0151 m\u0171alkot\u00e1s\u00e1t a nappalij\u00e1ba. A PLANTCUBE-ban kis \u00e1llatokat is tarthat, \u00edgy kreativit\u00e1s\u00e1nak nincs hat\u00e1ra.<\/p>\n<h2><strong>Testre szabhatja PLANTCUBE-j\u00e1t az \u00d6n vagy n\u00f6v\u00e9nyei \u00e9s \u00e1llatai ig\u00e9nyeihez:<\/strong><\/h2>\n<p>A k\u00e9t 10 mm-es lyuk az oldal\u00e1n, az alj\u00e1t\u00f3l 2 cm magass\u00e1gban (k\u00f6z\u00e9pen) tal\u00e1lhat\u00f3, a felesleges v\u00edz elvezet\u00e9s\u00e9re szolg\u00e1l. A v\u00edz elvezet\u00e9s\u00e9hez p\u00e9ld\u00e1ul a 10\/06 mm-es \u00e1tl\u00e1tsz\u00f3 t\u00f6ml\u0151nket haszn\u00e1lhatja. A k\u00e9t 50 mm-es lyuk vagy a mell\u00e9kelt dug\u00f3kkal z\u00e1rhat\u00f3, vagy r\u00e1csos bet\u00e9tekkel felszerelve tov\u00e1bbi szell\u0151z\u00e9sre szolg\u00e1l. Ak\u00e1r k\u00e9t berendez\u00e9st is \u00f6sszekapcsolhat itt egy akrilcs\u00f6v\u00f6n kereszt\u00fcl. \u00cdgy, ha a Viv\u00e1riumban \u00e1llatokat tart, azok szabadon v\u00e1ndorolhatnak egyik be\u00e1ll\u00edt\u00e1sb\u00f3l a m\u00e1sikba.<\/p>\n<p>Megfelel\u0151 kereteinkkel, r\u00e1csbet\u00e9tekkel vagy dug\u00f3kkal, l\u00e1mp\u00e1kkal \u00e9s l\u00e9gkondicion\u00e1l\u00f3kkal a Viv\u00e1rium fedele rugalmasan \u00e1talak\u00edthat\u00f3. Fedeleink a k\u00e9t 50 mm-es lyukon kereszt\u00fcl dug\u00f3kkal vagy r\u00e1csbet\u00e9tekkel szerelhet\u0151k fel a k\u00edv\u00e1nt p\u00e1ratartalom vagy er\u0151sebb szell\u0151z\u00e9s el\u00e9r\u00e9se \u00e9rdek\u00e9ben. Tov\u00e1bb\u00e1 l\u00e1mpafoglalatok, ventil\u00e1torok vagy k\u00f6dk\u00e9pz\u0151k k\u00f6zvetlen\u00fcl az 50 mm-es lyukakba is bedughat\u00f3k.<\/p>\n<p>Kereteinkre csak akkor van sz\u00fcks\u00e9g, ha hangy\u00e1kat tartunk. A Viv\u00e1riumot (ha sz\u00f6k\u00e9sg\u00e1tl\u00f3 k\u00f6zeggel van bevonva) kieg\u00e9sz\u00edt\u0151leg r\u00f6gz\u00edtik, hogy elker\u00fclj\u00e9k az \u00e1llatok sz\u00f6k\u00e9s\u00e9t, \u00e9s mindenekel\u0151tt egyszer\u0171s\u00edtik a nyitott Viv\u00e1riumban t\u00f6rt\u00e9n\u0151 karbantart\u00e1st. Ezenk\u00edv\u00fcl a keret haszn\u00e1lata eset\u00e9n a fedelet k\u00edv\u00e1ns\u00e1gra le lehet venni.<\/p>\n<h2><strong>Hogyan alak\u00edtsuk \u00e1t a PLANTCUBE-t bioakt\u00edv \u00f6kosziszt\u00e9m\u00e1v\u00e1?:<\/strong><\/h2>\n<h3><strong>Hozzon l\u00e9tre egy v\u00edzelvezet\u0151 r\u00e9teget:<\/strong><\/h3>\n<p>A n\u00f6v\u00e9nyek t\u00e1mogat\u00e1s\u00e1hoz el\u0151sz\u00f6r egy v\u00edzelvezet\u0151 r\u00e9teget kell kialak\u00edtania a Viv\u00e1riumban. Javasoljuk, hogy 2-3 cm-es agyaggranul\u00e1tumot (4-8 mm) haszn\u00e1ljon, mivel ezek k\u00f6nny\u0171ek. \u00dcgyeljen arra, hogy miel\u0151tt beleteszi \u0151ket, foly\u00f3 v\u00edz alatt mossa le \u0151ket, hogy elt\u00e1vol\u00edtsa a port.<\/p>\n<p>Az agyaggranul\u00e1tum tetej\u00e9re helyezhet egy v\u00edzelvezet\u0151 v\u00e1sznat, hogy elv\u00e1lassza a v\u00edzelvezet\u00e9st az aljzatt\u00f3l.<\/p>\n<h3><strong>Milyen n\u00f6v\u00e9nyeket \u00e9s talajt haszn\u00e1ljunk:<\/strong><\/h3>\n<p>Mindez att\u00f3l f\u00fcgg, hogy milyen t\u00edpus\u00fa \"\u00f6kosziszt\u00e9m\u00e1t\" szeretne l\u00e9trehozni. Ha sivatagi vagy ink\u00e1bb sz\u00e1raz Viv\u00e1riumot szeretne \u00e9p\u00edteni, akkor olyan n\u00f6v\u00e9nyekre lesz sz\u00fcks\u00e9ge, amelyek ebben az \u00e9ghajlatban j\u00f3l \u00e9rzik magukat, \u00e9s olyan talajt haszn\u00e1lnak, amelyben szeretnek n\u00f6vekedni. Tr\u00f3pusi Viv\u00e1riumok eset\u00e9ben term\u00e9szetesen ugyanez a helyzet. Pr\u00f3b\u00e1ljon meg hasonl\u00f3 r\u00e9gi\u00f3kb\u00f3l \u00e9s\/vagy \u00e9ghajlatr\u00f3l sz\u00e1rmaz\u00f3 n\u00f6v\u00e9nyeket haszn\u00e1lni, hogy mindannyian j\u00f3l \u00e9rezz\u00e9k magukat az azonos t\u00edpus\u00fa talajban \u00e9s \u00e9ghajlaton. Egy j\u00f3 n\u00f6v\u00e9nyboltnak mindig rendelkeznie kell inform\u00e1ci\u00f3kkal az \u00e1ltaluk forgalmazott n\u00f6v\u00e9nyekhez illeszked\u0151 \u00e9ghajlatr\u00f3l \u00e9s talajr\u00f3l.<\/p>\n<p><strong>Fontos:<\/strong> Ha n\u00f6v\u00e9nyeket \u00e9s \u00e1llatokat szeretne egy\u00fctt tartani, soha ne haszn\u00e1ljon olyan n\u00f6v\u00e9nyeket, amelyekr\u0151l nem tudja, hogy nem \u00e9rintkeztek-e m\u0171tr\u00e1gy\u00e1val vagy n\u00f6v\u00e9nyv\u00e9d\u0151 szerekkel. Csak olyan n\u00f6v\u00e9nyeket haszn\u00e1ljon terr\u00e1riumboltokb\u00f3l vagy hasonl\u00f3kb\u00f3l, amelyek garant\u00e1ltan teljesen mentesek a n\u00f6v\u00e9nyv\u00e9d\u0151 szerekt\u0151l \u00e9s m\u0171tr\u00e1gy\u00e1kt\u00f3l. Ezek ellenkez\u0151 esetben az \u00e1llatok elpusztul\u00e1s\u00e1hoz vezethetnek.<\/p>\n<h3><strong>Vezessen be egy \"Clean up crew\"-t, hogy bioakt\u00edvv\u00e1 tegye a Vivariumot.<\/strong><\/h3>\n<p><strong>Mi az a bioakt\u00edv?<\/strong> Mi az a bioakt\u00edv? Ez \u00e1ll a legk\u00f6zelebb az \u00f6nfenntart\u00f3 berendez\u00e9shez. Az eg\u00e9sz a megfelel\u0151 talajkever\u00e9k \u00e9s szerves anyag hozz\u00e1ad\u00e1s\u00e1r\u00f3l sz\u00f3l, hogy a mikrofl\u00f3ra kialakulhasson, valamint a sz\u00fcks\u00e9ges mikrofaun\u00e1r\u00f3l, hogy a Viv\u00e1riumban t\u00e1panyagciklus j\u00f6jj\u00f6n l\u00e9tre.<\/p>\n<p><strong>A mi tipp\u00fcnk:<\/strong> Tipp\u00fcnk: Mindig adjunk hozz\u00e1 apr\u00f3 \u00e9l\u0151l\u00e9nyeket, p\u00e9ld\u00e1ul rug\u00f3farkakat \u00e9s izopod\u00e1kat. Ezek nemcsak \u00f6nmagukban jelentenek j\u00f3 \"v\u00e9get nem \u00e9r\u0151\" t\u00e1pl\u00e1l\u00e9kforr\u00e1st, ha m\u00e1s \u00e1llatokat is szeretn\u00e9l tartani a Viv\u00e1riumodban. K\u00fcl\u00f6n\u00f6sen a magas p\u00e1ratartalom miatt esetleg kialakul\u00f3 pen\u00e9szgomb\u00e1kkal t\u00e1pl\u00e1lkoznak, \u00e9s t\u00e1panyagokkal gazdag\u00edtj\u00e1k a talajt, ami viszont lehet\u0151v\u00e9 teszi a n\u00f6v\u00e9nyek eg\u00e9szs\u00e9ges n\u00f6veked\u00e9s\u00e9t.<\/p>\n<p>Adjunk a talajba egy kis szenet, ami seg\u00edti a mikrob\u00e1k megteleped\u00e9s\u00e9t. A moha \u00e9s a parafak\u00e9reg vagy a feh\u00e9r korhadt fa a lev\u00e9lhullad\u00e9k mellett nemcsak term\u00e9szetesnek t\u0171nik a berendez\u00e9sedben, hanem t\u00e1pl\u00e1lja a \"takar\u00edt\u00f3 szem\u00e9lyzetet\", b\u00fav\u00f3- \u00e9s szaporod\u00f3helyet biztos\u00edt sz\u00e1mukra, \u00e9s k\u00f6nnyen lebonthat\u00f3 t\u00e1panyagokk\u00e1 a n\u00f6v\u00e9nyeid sz\u00e1m\u00e1ra.<\/p>\n<p><strong>A term\u00e9szetben minden az egyens\u00falyr\u00f3l sz\u00f3l<\/strong><br \/>\nNem tan\u00e1csos azonban bizonyos izopoda fajokat \u00fagy haszn\u00e1lni, hogy nem adunk hozz\u00e1 valamit, ami vad\u00e1szik r\u00e1juk, mivel egy ragadoz\u00f3k, p\u00e9ld\u00e1ul hangy\u00e1k n\u00e9lk\u00fcli izopoda popul\u00e1ci\u00f3 szeret elszabadulni, \u00e9s a Viv\u00e1riumban l\u00e9v\u0151 n\u00f6v\u00e9nyek hamar nem k\u00edv\u00e1nt t\u00e1pl\u00e1l\u00e9kforr\u00e1ss\u00e1 v\u00e1lnak. A term\u00e9szetben minden az egyens\u00falyr\u00f3l sz\u00f3l.<\/p>\n<p><strong>Tov\u00e1bbi inform\u00e1ci\u00f3k:<\/strong><br \/>\nAz \u00fcveg v\u00e1g\u00e1sa a DIN 1249 szabv\u00e1ny szerint t\u00f6rt\u00e9nik, +\/- 1 mm-es t\u0171r\u00e9ssel. A rendk\u00edv\u00fcl kis hangyafajok eset\u00e9ben tov\u00e1bbi kit\u00f6r\u00e9sv\u00e9delemre van sz\u00fcks\u00e9g.<\/p>\n<div class=\"row\"  id=\"row-1749105513\">\n\n\t<div id=\"col-197564826\" class=\"col small-12 large-12\"  >\n\t\t\t\t<div class=\"col-inner\"  >\n\t\t\t\n\t\t\t\n\t<div id=\"text-366472406\" class=\"text\">\n\t\t\n<h2>Az al\u00e1bbiakban tal\u00e1l n\u00e9h\u00e1ny \u00fczletet, amelyeket aj\u00e1nlani tudunk, valamint tov\u00e1bbi inform\u00e1ci\u00f3kat arr\u00f3l, hogyan lehet egyedi \u00e9s bioakt\u00edv PLANTCUBE-t k\u00e9sz\u00edteni:<\/h2>\n\t\t\n<style>\n#text-366472406 {\n  font-size: 1rem;\n  text-align: center;\n}\n<\/style>\n\t<\/div>\n\t\n\t<div id=\"gap-572773164\" class=\"gap-element clearfix\" style=\"display:block; height:auto;\">\n\t\t\n<style>\n#gap-572773164 {\n  padding-top: 40px;\n}\n<\/style>\n\t<\/div>\n\t\n\t\t<\/div>\n\t\t\t\t\n<style>\n#col-197564826 > .col-inner {\n  padding: 30px 0px 0px 0px;\n}\n<\/style>\n\t<\/div>\n\n\t\n\n\t<div id=\"col-1831278479\" class=\"col medium-6 small-12 large-6\"  >\n\t\t\t\t<div class=\"col-inner\"  >\n\t\t\t\n\t\t\t\n\n\t<section class=\"section\" id=\"section_1944593900\">\n\t\t<div class=\"section-bg fill\" >\n\t\t\t<img data-recalc-dims=\"1\" loading=\"lazy\" decoding=\"async\" width=\"1020\" height=\"574\" src=\"https:\/\/i0.wp.com\/antcube.shop\/wp-content\/uploads\/2024\/10\/2560x1440_youtube-Banner-2.png?resize=1020%2C574&#038;ssl=1\" class=\"bg attachment- size-\" alt=\"\" \/>\t\t\t\t\t\t\n\t\t\t\n\n\t\t<\/div>\n\n\t\t\n\n\t\t<div class=\"section-content relative\">\n\t\t\t\n<div class=\"row align-center\"  id=\"row-334137600\">\n\n\t<div id=\"col-395881578\" class=\"col medium-10 small-12 large-10\"  >\n\t\t\t\t<div class=\"col-inner text-center\"  >\n\t\t\t\n\t\t\t\n<h2 class=\"uppercase\">L\u00e9p\u00e9sr\u0151l-l\u00e9p\u00e9sre \u00fatmutat\u00f3 a blogunkon<\/h2>\n<a href=\"https:\/\/antcube.shop\/en\/2024\/10\/22\/how-to-create-your-bioactive-vivarium\/\" class=\"button primary\" >\n\t\t<span>BLOG<\/span>\n\t<\/a>\n\n\t\t<\/div>\n\t\t\t\t\n<style>\n#col-395881578 > .col-inner {\n  margin: -150px 0px 0px 0px;\n}\n@media (min-width:550px) {\n  #col-395881578 > .col-inner {\n    margin: -200px 0px 0px 0px;\n  }\n}\n<\/style>\n\t<\/div>\n\n\t\n<\/div>\n\t\t<\/div>\n\n\t\t\n<style>\n#section_1944593900 {\n  padding-top: 60px;\n  padding-bottom: 60px;\n  min-height: 300px;\n  background-color: rgb(255,255,255);\n}\n#section_1944593900 .section-bg img {\n  object-position: 50% 0%;\n}\n<\/style>\n\t<\/section>\n\t\n\t\t<\/div>\n\t\t\t\t\t<\/div>\n\n\t\n\n\t<div id=\"col-602718781\" class=\"col medium-6 small-12 large-6\"  >\n\t\t\t\t<div class=\"col-inner\"  >\n\t\t\t\n\t\t\t\n\n\t<section class=\"section\" id=\"section_1222098522\">\n\t\t<div class=\"section-bg fill\" >\n\t\t\t<img data-recalc-dims=\"1\" loading=\"lazy\" decoding=\"async\" width=\"1020\" height=\"680\" src=\"https:\/\/i0.wp.com\/antcube.shop\/wp-content\/uploads\/2024\/10\/Collage_FULL-HD_-2-scaled.jpg?resize=1020%2C680&#038;ssl=1\" class=\"bg attachment-original size-original\" alt=\"\" \/>\t\t\t\t\t\t\n\t\t\t\n\n\t\t<\/div>\n\n\t\t\n\n\t\t<div class=\"section-content relative\">\n\t\t\t\n<div class=\"row align-center\"  id=\"row-507678073\">\n\n\t<div id=\"col-316760550\" class=\"col medium-10 small-12 large-10\"  >\n\t\t\t\t<div class=\"col-inner text-center\"  >\n\t\t\t\n\t\t\t\n<h2 class=\"uppercase\">Tov\u00e1bbi inform\u00e1ci\u00f3k a plantcube-r\u00f3l<\/h2>\n<a href=\"https:\/\/antcube.shop\/en\/plantcube\/\" class=\"button primary\" >\n\t\t<span>plantcube<\/span>\n\t<\/a>\n\n\t\t<\/div>\n\t\t\t\t\n<style>\n#col-316760550 > .col-inner {\n  margin: -150px 0px 0px 0px;\n}\n@media (min-width:550px) {\n  #col-316760550 > .col-inner {\n    margin: -200px 0px 0px 0px;\n  }\n}\n<\/style>\n\t<\/div>\n\n\t\n<\/div>\n\t\t<\/div>\n\n\t\t\n<style>\n#section_1222098522 {\n  padding-top: 60px;\n  padding-bottom: 60px;\n  min-height: 300px;\n}\n#section_1222098522 .section-bg img {\n  object-position: 51% 0%;\n}\n<\/style>\n\t<\/section>\n\t\n\t\t<\/div>\n\t\t\t\t\t<\/div>\n\n\t\n<\/div>","protected":false},"excerpt":{"rendered":"<p>Ez a csomag 12 r\u00e9szb\u0151l \u00e1ll<\/p>","protected":false},"featured_media":9924,"comment_status":"open","ping_status":"closed","template":"","meta":{"_acf_changed":false,"content-type":"","_monsterinsights_skip_tracking":false,"_monsterinsights_sitenote_active":false,"_monsterinsights_sitenote_note":"","_monsterinsights_sitenote_category":0},"product_brand":[483],"product_cat":[257,341],"product_tag":[],"class_list":{"0":"post-9880","1":"product","2":"type-product","3":"status-publish","4":"has-post-thumbnail","6":"product_brand-plantcube","7":"product_cat-new-innovatve-products","8":"product_cat-vivariums","10":"first","11":"instock","12":"taxable","13":"shipping-taxable","14":"purchasable","15":"product-type-simple"},"acf":[],"aioseo_notices":[],"jetpack_sharing_enabled":true,"_links":{"self":[{"href":"https:\/\/antcube.shop\/hu\/wp-json\/wp\/v2\/product\/9880","targetHints":{"allow":["GET"]}}],"collection":[{"href":"https:\/\/antcube.shop\/hu\/wp-json\/wp\/v2\/product"}],"about":[{"href":"https:\/\/antcube.shop\/hu\/wp-json\/wp\/v2\/types\/product"}],"replies":[{"embeddable":true,"href":"https:\/\/antcube.shop\/hu\/wp-json\/wp\/v2\/comments?post=9880"}],"wp:featuredmedia":[{"embeddable":true,"href":"https:\/\/antcube.shop\/hu\/wp-json\/wp\/v2\/media\/9924"}],"wp:attachment":[{"href":"https:\/\/antcube.shop\/hu\/wp-json\/wp\/v2\/media?parent=9880"}],"wp:term":[{"taxonomy":"product_brand","embeddable":true,"href":"https:\/\/antcube.shop\/hu\/wp-json\/wp\/v2\/product_brand?post=9880"},{"taxonomy":"product_cat","embeddable":true,"href":"https:\/\/antcube.shop\/hu\/wp-json\/wp\/v2\/product_cat?post=9880"},{"taxonomy":"product_tag","embeddable":true,"href":"https:\/\/antcube.shop\/hu\/wp-json\/wp\/v2\/product_tag?post=9880"}],"curies":[{"name":"wp","href":"https:\/\/api.w.org\/{rel}","templated":true}]}}