{"id":9352,"date":"2024-09-17T16:29:08","date_gmt":"2024-09-17T14:29:08","guid":{"rendered":"https:\/\/antcube.shop\/en\/product\/tranke-cube-klein\/"},"modified":"2026-04-05T21:18:40","modified_gmt":"2026-04-05T19:18:40","slug":"ivovalyu-kocka-kicsi","status":"publish","type":"product","link":"https:\/\/antcube.shop\/hu\/termek\/ivovalyu-kocka-kicsi\/","title":{"rendered":"Iv\u00f3v\u00e1ly\u00fa Cube kicsi"},"content":{"rendered":"<p><strong>M\u00e9retek:<\/strong> 23x15x18 mm, 2ml<\/p>\n<p><strong>Sz\u00edn:<\/strong> krist\u00e1lytiszta<\/p>\n<p><strong>Anyag:<\/strong> PMMA<\/p>\n<p><strong>Le\u00edr\u00e1s:<\/strong> Ez lehet\u0151v\u00e9 teszi a hangy\u00e1k sz\u00e1m\u00e1ra, hogy elegend\u0151 nedvess\u00e9get biztos\u00edtsanak maguknak a formik\u00e1riumukban. A v\u00edz fel\u00fcleti fesz\u00fclts\u00e9ge megakad\u00e1lyozza, hogy az itat\u00f3 sziv\u00e1rogjon.<\/p>\n<p><strong>Vigy\u00e1zat!<\/strong><br \/>\nKis hangyafajok eset\u00e9ben a biztons\u00e1g kedv\u00e9\u00e9rt az itat\u00f3 kij\u00e1rata el\u00e9 szivacsot, r\u00e1csot vagy finom homokot kell helyezni. Ellenkez\u0151 esetben egyes dolgoz\u00f3k bejuthatnak az itat\u00f3ba. Egy 14 mm-es szivacs t\u00f6k\u00e9letesen megfelel.<\/p>","protected":false},"excerpt":{"rendered":"<p><strong>M\u00e9retek:<\/strong> 23x15x18 mm, 2ml<\/p>","protected":false},"featured_media":9443,"comment_status":"open","ping_status":"closed","template":"","meta":{"_acf_changed":false,"content-type":"","_monsterinsights_skip_tracking":false,"_monsterinsights_sitenote_active":false,"_monsterinsights_sitenote_note":"","_monsterinsights_sitenote_category":0},"product_brand":[],"product_cat":[115,117],"product_tag":[],"class_list":{"0":"post-9352","1":"product","2":"type-product","3":"status-publish","4":"has-post-thumbnail","6":"product_cat-food-and-feeding","7":"product_cat-drinkers-for-ants","9":"first","10":"instock","11":"taxable","12":"shipping-taxable","13":"purchasable","14":"product-type-simple"},"acf":[],"aioseo_notices":[],"jetpack_sharing_enabled":true,"_links":{"self":[{"href":"https:\/\/antcube.shop\/hu\/wp-json\/wp\/v2\/product\/9352","targetHints":{"allow":["GET"]}}],"collection":[{"href":"https:\/\/antcube.shop\/hu\/wp-json\/wp\/v2\/product"}],"about":[{"href":"https:\/\/antcube.shop\/hu\/wp-json\/wp\/v2\/types\/product"}],"replies":[{"embeddable":true,"href":"https:\/\/antcube.shop\/hu\/wp-json\/wp\/v2\/comments?post=9352"}],"wp:featuredmedia":[{"embeddable":true,"href":"https:\/\/antcube.shop\/hu\/wp-json\/wp\/v2\/media\/9443"}],"wp:attachment":[{"href":"https:\/\/antcube.shop\/hu\/wp-json\/wp\/v2\/media?parent=9352"}],"wp:term":[{"taxonomy":"product_brand","embeddable":true,"href":"https:\/\/antcube.shop\/hu\/wp-json\/wp\/v2\/product_brand?post=9352"},{"taxonomy":"product_cat","embeddable":true,"href":"https:\/\/antcube.shop\/hu\/wp-json\/wp\/v2\/product_cat?post=9352"},{"taxonomy":"product_tag","embeddable":true,"href":"https:\/\/antcube.shop\/hu\/wp-json\/wp\/v2\/product_tag?post=9352"}],"curies":[{"name":"wp","href":"https:\/\/api.w.org\/{rel}","templated":true}]}}