{"id":9350,"date":"2024-09-17T16:28:05","date_gmt":"2024-09-17T14:28:05","guid":{"rendered":"https:\/\/antcube.shop\/en\/product\/futternapf-6cm\/"},"modified":"2026-04-10T09:16:08","modified_gmt":"2026-04-10T07:16:08","slug":"etel-tal-6cm","status":"publish","type":"product","link":"https:\/\/antcube.shop\/hu\/termek\/etel-tal-6cm\/","title":{"rendered":"\u00c9tel t\u00e1l - 6cm"},"content":{"rendered":"<p><strong>M\u00e9retek:<\/strong> 6 x 1.5 x 4.5 cm<\/p>\n<p><strong>Anyag:<\/strong><br \/>\nPoli\u00e9szter gyanta, \u00e9lelmiszer-biztons\u00e1gos anyag<\/p>\n<p><strong>Le\u00edr\u00e1s:<\/strong><br \/>\nEzekben a sziklat\u00e1lc\u00e1kban k\u00edn\u00e1lhat a hangy\u00e1knak t\u00e1pl\u00e1l\u00e9kot vagy v\u00edzg\u00e9lt. Sima belsej\u00fcknek k\u00f6sz\u00f6nhet\u0151en k\u00f6nnyen tiszt\u00edthat\u00f3ak. A sziklat\u00e1lc\u00e1k robusztus m\u0171gyant\u00e1b\u00f3l k\u00e9sz\u00fclnek, \u00e9s a hangy\u00e1k nem tudj\u00e1k elpuszt\u00edtani \u0151ket.<\/p>","protected":false},"excerpt":{"rendered":"<p><strong>M\u00e9retek:\u00a0<\/strong> 6 x 1,5 x 4,5 cm<\/p>","protected":false},"featured_media":9447,"comment_status":"open","ping_status":"closed","template":"","meta":{"_acf_changed":false,"content-type":"","_monsterinsights_skip_tracking":false,"_monsterinsights_sitenote_active":false,"_monsterinsights_sitenote_note":"","_monsterinsights_sitenote_category":0},"product_brand":[],"product_cat":[115,118],"product_tag":[],"class_list":{"0":"post-9350","1":"product","2":"type-product","3":"status-publish","4":"has-post-thumbnail","6":"product_cat-food-and-feeding","7":"product_cat-feeding-bowls","9":"first","10":"instock","11":"taxable","12":"shipping-taxable","13":"purchasable","14":"product-type-simple"},"acf":[],"aioseo_notices":[],"jetpack_sharing_enabled":true,"_links":{"self":[{"href":"https:\/\/antcube.shop\/hu\/wp-json\/wp\/v2\/product\/9350","targetHints":{"allow":["GET"]}}],"collection":[{"href":"https:\/\/antcube.shop\/hu\/wp-json\/wp\/v2\/product"}],"about":[{"href":"https:\/\/antcube.shop\/hu\/wp-json\/wp\/v2\/types\/product"}],"replies":[{"embeddable":true,"href":"https:\/\/antcube.shop\/hu\/wp-json\/wp\/v2\/comments?post=9350"}],"wp:featuredmedia":[{"embeddable":true,"href":"https:\/\/antcube.shop\/hu\/wp-json\/wp\/v2\/media\/9447"}],"wp:attachment":[{"href":"https:\/\/antcube.shop\/hu\/wp-json\/wp\/v2\/media?parent=9350"}],"wp:term":[{"taxonomy":"product_brand","embeddable":true,"href":"https:\/\/antcube.shop\/hu\/wp-json\/wp\/v2\/product_brand?post=9350"},{"taxonomy":"product_cat","embeddable":true,"href":"https:\/\/antcube.shop\/hu\/wp-json\/wp\/v2\/product_cat?post=9350"},{"taxonomy":"product_tag","embeddable":true,"href":"https:\/\/antcube.shop\/hu\/wp-json\/wp\/v2\/product_tag?post=9350"}],"curies":[{"name":"wp","href":"https:\/\/api.w.org\/{rel}","templated":true}]}}