{"id":9349,"date":"2024-09-17T16:27:32","date_gmt":"2024-09-17T14:27:32","guid":{"rendered":"https:\/\/antcube.shop\/en\/product\/antcube-popcorn-nest-60x30-l\/"},"modified":"2026-03-02T09:48:53","modified_gmt":"2026-03-02T08:48:53","slug":"antcube-popcorn-feszek-60x30-l","status":"publish","type":"product","link":"https:\/\/antcube.shop\/hu\/termek\/antcube-popcorn-feszek-60x30-l\/","title":{"rendered":"ANTCUBE - Pattogatott kukorica f\u00e9szek 60\u00d730 - L"},"content":{"rendered":"<p><strong>M\u00e9retek:<\/strong> 583x237x19 mm<\/p>\n<p><strong>Anyag:<\/strong> Szachar\u00f3zzal \u00e9s feh\u00e9rj\u00e9vel sajtolt pattogatott kukorica<\/p>\n<p><strong>Csak a k\u00f6vetkez\u0151 helyekre illik<\/strong> m\u00e9ret\u00fcnk L hangyafarmok<\/p>\n<p><strong>Le\u00edr\u00e1s:<\/strong> Ez az el\u0151re elk\u00e9sz\u00edtett j\u00e1ratokkal \u00e9s kamr\u00e1kkal ell\u00e1tott pattogatott kukoricaf\u00e9szek t\u00f6k\u00e9letes magt\u00e1r p\u00e9ld\u00e1ul a Messor hangy\u00e1knak, de m\u00e1s, szemeket gy\u0171jt\u0151 hangyafajoknak is. A f\u00e9szekbe val\u00f3 bejut\u00e1shoz lyukkal rendelkezik. A pattogatott kukoricaf\u00e9szek nedvess\u00e9get sz\u00edv mag\u00e1ba, \u00e9s ennek k\u00f6vetkezt\u00e9ben zsugorodhat, ez\u00e9rt<strong> mindig sz\u00e1razon kell tartani.<\/strong> A Messor barbarus nagyon j\u00f3l elfogadja ANTCUBE popcornf\u00e9szk\u00fcnket magt\u00e1rk\u00e9nt. Id\u0151vel a hangy\u00e1k elkezdik b\u0151v\u00edteni a popcornf\u00e9szket, \u00e9s \u00e1tr\u00e1gj\u00e1k magukat a f\u00e9szekanyagon.<\/p>\n<p>A pattogatott kukoricaf\u00e9szket csak olyan hangyafajok eset\u00e9ben szabad haszn\u00e1lni, amelyeknek a f\u00e9szek ter\u00fclet\u00e9n nagyon kev\u00e9s nedvess\u00e9gre van sz\u00fcks\u00e9g\u00fck.<\/p>","protected":false},"excerpt":{"rendered":"<p><strong>M\u00e9ret: L<\/strong><\/p>","protected":false},"featured_media":9449,"comment_status":"open","ping_status":"closed","template":"","meta":{"_acf_changed":false,"content-type":"","_monsterinsights_skip_tracking":false,"_monsterinsights_sitenote_active":false,"_monsterinsights_sitenote_note":"","_monsterinsights_sitenote_category":0},"product_brand":[484],"product_cat":[257,344,87],"product_tag":[],"class_list":{"0":"post-9349","1":"product","2":"type-product","3":"status-publish","4":"has-post-thumbnail","6":"product_brand-antcube","7":"product_cat-new-innovatve-products","8":"product_cat-popcorn","9":"product_cat-nest-insets","11":"first","12":"instock","13":"taxable","14":"shipping-taxable","15":"purchasable","16":"product-type-simple"},"acf":[],"aioseo_notices":[],"jetpack_sharing_enabled":true,"_links":{"self":[{"href":"https:\/\/antcube.shop\/hu\/wp-json\/wp\/v2\/product\/9349","targetHints":{"allow":["GET"]}}],"collection":[{"href":"https:\/\/antcube.shop\/hu\/wp-json\/wp\/v2\/product"}],"about":[{"href":"https:\/\/antcube.shop\/hu\/wp-json\/wp\/v2\/types\/product"}],"replies":[{"embeddable":true,"href":"https:\/\/antcube.shop\/hu\/wp-json\/wp\/v2\/comments?post=9349"}],"wp:featuredmedia":[{"embeddable":true,"href":"https:\/\/antcube.shop\/hu\/wp-json\/wp\/v2\/media\/9449"}],"wp:attachment":[{"href":"https:\/\/antcube.shop\/hu\/wp-json\/wp\/v2\/media?parent=9349"}],"wp:term":[{"taxonomy":"product_brand","embeddable":true,"href":"https:\/\/antcube.shop\/hu\/wp-json\/wp\/v2\/product_brand?post=9349"},{"taxonomy":"product_cat","embeddable":true,"href":"https:\/\/antcube.shop\/hu\/wp-json\/wp\/v2\/product_cat?post=9349"},{"taxonomy":"product_tag","embeddable":true,"href":"https:\/\/antcube.shop\/hu\/wp-json\/wp\/v2\/product_tag?post=9349"}],"curies":[{"name":"wp","href":"https:\/\/api.w.org\/{rel}","templated":true}]}}