{"id":9345,"date":"2024-09-17T16:25:36","date_gmt":"2024-09-17T14:25:36","guid":{"rendered":"https:\/\/antcube.shop\/en\/product\/ameisenarena-rahmen-30x15\/"},"modified":"2026-03-16T10:36:55","modified_gmt":"2026-03-16T09:36:55","slug":"ameisenarena-rahmen-30x15","status":"publish","type":"product","link":"https:\/\/antcube.shop\/hu\/termek\/ameisenarena-rahmen-30x15\/","title":{"rendered":"Hangya ar\u00e9na keret 30\u00d715"},"content":{"rendered":"<p><strong>M\u00e9retek (LxBxH):<\/strong> 30x15x0,4 cm<\/p>\n<p><strong>Anyag:<\/strong> \u00fasztatott \u00fcveg<\/p>\n<p><strong>Sz\u00edn:<\/strong> krist\u00e1lytiszta \/ \u00e1tl\u00e1tsz\u00f3<\/p>\n<p><strong>Tartalom:<\/strong><br \/>\n1x hangya ar\u00e9na keret<\/p>\n<p><strong>Le\u00edr\u00e1s:<\/strong><br \/>\n\u00dcvegkeret a hangyaar\u00e9na sz\u00e1m\u00e1ra menek\u00fcl\u00e9s elleni v\u00e9delemk\u00e9nt. Alkalmas a fali hangyaar\u00e9n\u00e1inkhoz.<\/p>\n<p><strong>Alkalmaz\u00e1s:<\/strong><br \/>\nA hangyaar\u00e9na-keret egy \u00fcvegb\u0151l k\u00e9sz\u00fclt keret, amelyet a hangyaar\u00e9na tetej\u00e9re helyeznek, \u00e9s alulr\u00f3l menek\u00fcl\u00e9s elleni v\u00e9delemmel (olaj, por vagy lakk) l\u00e1tj\u00e1k el, hogy megakad\u00e1lyozz\u00e1k a hangy\u00e1k kit\u00f6r\u00e9s\u00e9t.<\/p>\n<p><strong>Megjegyz\u00e9s:<\/strong><br \/>\nMivel a t\u00e1rgy \u00fcvegb\u0151l k\u00e9sz\u00fclt, \u00e9s ez\u00e9rt t\u00f6r\u00e9keny, nagy k\u00f6r\u00fcltekint\u00e9ssel kell kezelni. Az \u00fcveg m\u00e9retre v\u00e1g\u00e1sa a DIN 1249 szabv\u00e1ny szerint t\u00f6rt\u00e9nik, +\/- 1 mm-es t\u0171r\u00e9ssel. A rendk\u00edv\u00fcl kis hangyafajok eset\u00e9ben kieg\u00e9sz\u00edt\u0151 kit\u00f6r\u00e9sv\u00e9delemre van sz\u00fcks\u00e9g.<\/p>","protected":false},"excerpt":{"rendered":"<p>M\u00e9retek (LxBxH): 30x15x0,4 cm Anyag: \u00fasztatott \u00fcveg Sz\u00edn: krist\u00e1lytiszta \/ \u00e1tl\u00e1tsz\u00f3 Tartalom: Le\u00edr\u00e1s: 1x hangya ar\u00e9na keret: \u00dcvegkeret a hangya ar\u00e9n\u00e1hoz menek\u00fcl\u00e9s elleni v\u00e9delemk\u00e9nt. Alkalmas a fali hangyaar\u00e9n\u00e1inkhoz. Alkalmaz\u00e1s: A hangyaar\u00e9na keret egy \u00fcvegb\u0151l k\u00e9sz\u00fclt keret, amelyet a hangyaar\u00e9na tetej\u00e9re helyez\u00fcnk, \u00e9s amely biztos\u00edtja a","protected":false},"featured_media":9466,"comment_status":"open","ping_status":"closed","template":"","meta":{"_acf_changed":false,"content-type":"","_monsterinsights_skip_tracking":false,"_monsterinsights_sitenote_active":false,"_monsterinsights_sitenote_note":"","_monsterinsights_sitenote_category":0},"product_brand":[484],"product_cat":[91,93],"product_tag":[],"class_list":{"0":"post-9345","1":"product","2":"type-product","3":"status-publish","4":"has-post-thumbnail","6":"product_brand-antcube","7":"product_cat-formicarium-modules","8":"product_cat-arena-frame","10":"first","11":"instock","12":"taxable","13":"shipping-taxable","14":"purchasable","15":"product-type-simple"},"acf":[],"aioseo_notices":[],"jetpack_sharing_enabled":true,"_links":{"self":[{"href":"https:\/\/antcube.shop\/hu\/wp-json\/wp\/v2\/product\/9345","targetHints":{"allow":["GET"]}}],"collection":[{"href":"https:\/\/antcube.shop\/hu\/wp-json\/wp\/v2\/product"}],"about":[{"href":"https:\/\/antcube.shop\/hu\/wp-json\/wp\/v2\/types\/product"}],"replies":[{"embeddable":true,"href":"https:\/\/antcube.shop\/hu\/wp-json\/wp\/v2\/comments?post=9345"}],"wp:featuredmedia":[{"embeddable":true,"href":"https:\/\/antcube.shop\/hu\/wp-json\/wp\/v2\/media\/9466"}],"wp:attachment":[{"href":"https:\/\/antcube.shop\/hu\/wp-json\/wp\/v2\/media?parent=9345"}],"wp:term":[{"taxonomy":"product_brand","embeddable":true,"href":"https:\/\/antcube.shop\/hu\/wp-json\/wp\/v2\/product_brand?post=9345"},{"taxonomy":"product_cat","embeddable":true,"href":"https:\/\/antcube.shop\/hu\/wp-json\/wp\/v2\/product_cat?post=9345"},{"taxonomy":"product_tag","embeddable":true,"href":"https:\/\/antcube.shop\/hu\/wp-json\/wp\/v2\/product_tag?post=9345"}],"curies":[{"name":"wp","href":"https:\/\/api.w.org\/{rel}","templated":true}]}}