{"id":9343,"date":"2024-09-17T16:24:36","date_gmt":"2024-09-17T14:24:36","guid":{"rendered":"https:\/\/antcube.shop\/en\/product\/futternapf-weis-quadrat\/"},"modified":"2026-04-13T09:31:03","modified_gmt":"2026-04-13T07:31:03","slug":"futternapf-weis-quadrat","status":"publish","type":"product","link":"https:\/\/antcube.shop\/hu\/termek\/futternapf-weis-quadrat\/","title":{"rendered":"Etet\u0151ed\u00e9ny feh\u00e9r n\u00e9gyzet"},"content":{"rendered":"<p><strong>M\u00e9retek:<\/strong> 30 x 30 x 5 mm<\/p>\n<p><strong>Anyag:<\/strong> PP<\/p>\n<p><strong>Sz\u00edn:<\/strong> feh\u00e9r<\/p>\n<p><strong>Le\u00edr\u00e1s:<\/strong> N\u00e9gysz\u00f6gletes t\u00e1l.<\/p>","protected":false},"excerpt":{"rendered":"<p><strong>M\u00e9retek:<\/strong> 30 x 30 mm<\/p>\n<p><strong>Anyag:<\/strong> PP<\/p>","protected":false},"featured_media":9471,"comment_status":"open","ping_status":"closed","template":"","meta":{"_acf_changed":false,"content-type":"","_monsterinsights_skip_tracking":false,"_monsterinsights_sitenote_active":false,"_monsterinsights_sitenote_note":"","_monsterinsights_sitenote_category":0},"product_brand":[],"product_cat":[115,118],"product_tag":[],"class_list":{"0":"post-9343","1":"product","2":"type-product","3":"status-publish","4":"has-post-thumbnail","6":"product_cat-food-and-feeding","7":"product_cat-feeding-bowls","9":"first","10":"instock","11":"taxable","12":"shipping-taxable","13":"purchasable","14":"product-type-simple"},"acf":[],"aioseo_notices":[],"jetpack_sharing_enabled":true,"_links":{"self":[{"href":"https:\/\/antcube.shop\/hu\/wp-json\/wp\/v2\/product\/9343","targetHints":{"allow":["GET"]}}],"collection":[{"href":"https:\/\/antcube.shop\/hu\/wp-json\/wp\/v2\/product"}],"about":[{"href":"https:\/\/antcube.shop\/hu\/wp-json\/wp\/v2\/types\/product"}],"replies":[{"embeddable":true,"href":"https:\/\/antcube.shop\/hu\/wp-json\/wp\/v2\/comments?post=9343"}],"wp:featuredmedia":[{"embeddable":true,"href":"https:\/\/antcube.shop\/hu\/wp-json\/wp\/v2\/media\/9471"}],"wp:attachment":[{"href":"https:\/\/antcube.shop\/hu\/wp-json\/wp\/v2\/media?parent=9343"}],"wp:term":[{"taxonomy":"product_brand","embeddable":true,"href":"https:\/\/antcube.shop\/hu\/wp-json\/wp\/v2\/product_brand?post=9343"},{"taxonomy":"product_cat","embeddable":true,"href":"https:\/\/antcube.shop\/hu\/wp-json\/wp\/v2\/product_cat?post=9343"},{"taxonomy":"product_tag","embeddable":true,"href":"https:\/\/antcube.shop\/hu\/wp-json\/wp\/v2\/product_tag?post=9343"}],"curies":[{"name":"wp","href":"https:\/\/api.w.org\/{rel}","templated":true}]}}