{"id":9340,"date":"2024-09-17T16:22:38","date_gmt":"2024-09-17T14:22:38","guid":{"rendered":"https:\/\/antcube.shop\/en\/product\/lupendose-3fach-30mm\/"},"modified":"2026-04-10T16:07:15","modified_gmt":"2026-04-10T14:07:15","slug":"nagyito-doboz-3x-30mm","status":"publish","type":"product","link":"https:\/\/antcube.shop\/hu\/termek\/nagyito-doboz-3x-30mm\/","title":{"rendered":"Nagy\u00edt\u00f3 doboz - 3x - 30mm"},"content":{"rendered":"<p><strong>M\u00e9retek:<\/strong> 27 x 27 x 29 mm k\u00fcls\u0151 m\u00e9ret<br \/>\n<strong>Le\u00edr\u00e1s:<\/strong> 3x-os nagy\u00edt\u00e1s. Ide\u00e1lis \u00e9l\u0151 hangy\u00e1k megfigyel\u00e9s\u00e9re, mivel az \u00e1llatok nem tudnak kisz\u00f6kni a tart\u00e1lyb\u00f3l.<\/p>","protected":false},"excerpt":{"rendered":"<p>M\u00e9retek: Le\u00edr\u00e1s: 27 x 27 x 29 mm k\u00fcls\u0151 m\u00e9ret Le\u00edr\u00e1s: 27 x 27 x 29 mm k\u00fcls\u0151 m\u00e9ret: 3x nagy\u00edt\u00e1s. Ide\u00e1lis \u00e9l\u0151 hangy\u00e1k megfigyel\u00e9s\u00e9re, mivel az \u00e1llatok nem tudnak kisz\u00f6kni a tart\u00e1lyb\u00f3l.<\/p>","protected":false},"featured_media":9788,"comment_status":"open","ping_status":"closed","template":"","meta":{"_acf_changed":false,"content-type":"","_monsterinsights_skip_tracking":false,"_monsterinsights_sitenote_active":false,"_monsterinsights_sitenote_note":"","_monsterinsights_sitenote_category":0},"product_brand":[],"product_cat":[237],"product_tag":[],"class_list":{"0":"post-9340","1":"product","2":"type-product","3":"status-publish","4":"has-post-thumbnail","6":"product_cat-tools","8":"first","9":"outofstock","10":"taxable","11":"shipping-taxable","12":"purchasable","13":"product-type-simple"},"acf":[],"aioseo_notices":[],"jetpack_sharing_enabled":true,"_links":{"self":[{"href":"https:\/\/antcube.shop\/hu\/wp-json\/wp\/v2\/product\/9340","targetHints":{"allow":["GET"]}}],"collection":[{"href":"https:\/\/antcube.shop\/hu\/wp-json\/wp\/v2\/product"}],"about":[{"href":"https:\/\/antcube.shop\/hu\/wp-json\/wp\/v2\/types\/product"}],"replies":[{"embeddable":true,"href":"https:\/\/antcube.shop\/hu\/wp-json\/wp\/v2\/comments?post=9340"}],"wp:featuredmedia":[{"embeddable":true,"href":"https:\/\/antcube.shop\/hu\/wp-json\/wp\/v2\/media\/9788"}],"wp:attachment":[{"href":"https:\/\/antcube.shop\/hu\/wp-json\/wp\/v2\/media?parent=9340"}],"wp:term":[{"taxonomy":"product_brand","embeddable":true,"href":"https:\/\/antcube.shop\/hu\/wp-json\/wp\/v2\/product_brand?post=9340"},{"taxonomy":"product_cat","embeddable":true,"href":"https:\/\/antcube.shop\/hu\/wp-json\/wp\/v2\/product_cat?post=9340"},{"taxonomy":"product_tag","embeddable":true,"href":"https:\/\/antcube.shop\/hu\/wp-json\/wp\/v2\/product_tag?post=9340"}],"curies":[{"name":"wp","href":"https:\/\/api.w.org\/{rel}","templated":true}]}}