{"id":9338,"date":"2024-09-17T16:21:56","date_gmt":"2024-09-17T14:21:56","guid":{"rendered":"https:\/\/antcube.shop\/en\/product\/plastiktrichter-150mm\/"},"modified":"2026-01-12T12:37:49","modified_gmt":"2026-01-12T11:37:49","slug":"muanyag-tolcser-150mm","status":"publish","type":"product","link":"https:\/\/antcube.shop\/hu\/termek\/muanyag-tolcser-150mm\/","title":{"rendered":"M\u0171anyag t\u00f6lcs\u00e9r 150mm"},"content":{"rendered":"<p><strong>\u00c1tm\u00e9r\u0151:<\/strong> 150mm<\/p>\n<p><strong>Csatlakoz\u00e1s:<\/strong> Illeszkedik a k\u00f6vetkez\u0151 bels\u0151 \u00e1tm\u00e9r\u0151j\u0171 t\u00f6ml\u0151kh\u00f6z: 18-22 mm<\/p>\n<p><strong>Anyag:<\/strong> PP m\u0171anyag<\/p>","protected":false},"excerpt":{"rendered":"<p>\u00c1tm\u00e9r\u0151: 150mm; Anyag: PP m\u0171anyag<\/p>","protected":false},"featured_media":9792,"comment_status":"open","ping_status":"closed","template":"","meta":{"_acf_changed":false,"content-type":"","_monsterinsights_skip_tracking":false,"_monsterinsights_sitenote_active":false,"_monsterinsights_sitenote_note":"","_monsterinsights_sitenote_category":0},"product_brand":[],"product_cat":[237],"product_tag":[],"class_list":{"0":"post-9338","1":"product","2":"type-product","3":"status-publish","4":"has-post-thumbnail","6":"product_cat-tools","8":"first","9":"instock","10":"taxable","11":"shipping-taxable","12":"purchasable","13":"product-type-simple"},"acf":[],"aioseo_notices":[],"jetpack_sharing_enabled":true,"_links":{"self":[{"href":"https:\/\/antcube.shop\/hu\/wp-json\/wp\/v2\/product\/9338","targetHints":{"allow":["GET"]}}],"collection":[{"href":"https:\/\/antcube.shop\/hu\/wp-json\/wp\/v2\/product"}],"about":[{"href":"https:\/\/antcube.shop\/hu\/wp-json\/wp\/v2\/types\/product"}],"replies":[{"embeddable":true,"href":"https:\/\/antcube.shop\/hu\/wp-json\/wp\/v2\/comments?post=9338"}],"wp:featuredmedia":[{"embeddable":true,"href":"https:\/\/antcube.shop\/hu\/wp-json\/wp\/v2\/media\/9792"}],"wp:attachment":[{"href":"https:\/\/antcube.shop\/hu\/wp-json\/wp\/v2\/media?parent=9338"}],"wp:term":[{"taxonomy":"product_brand","embeddable":true,"href":"https:\/\/antcube.shop\/hu\/wp-json\/wp\/v2\/product_brand?post=9338"},{"taxonomy":"product_cat","embeddable":true,"href":"https:\/\/antcube.shop\/hu\/wp-json\/wp\/v2\/product_cat?post=9338"},{"taxonomy":"product_tag","embeddable":true,"href":"https:\/\/antcube.shop\/hu\/wp-json\/wp\/v2\/product_tag?post=9338"}],"curies":[{"name":"wp","href":"https:\/\/api.w.org\/{rel}","templated":true}]}}