{"id":9329,"date":"2024-09-17T16:18:36","date_gmt":"2024-09-17T14:18:36","guid":{"rendered":"https:\/\/antcube.shop\/en\/product\/alpha-ants-mini-scheibenmagnet-rund\/"},"modified":"2026-04-20T09:58:01","modified_gmt":"2026-04-20T07:58:01","slug":"alfa-hangyak-mini-korong-magnes-kerek","status":"publish","type":"product","link":"https:\/\/antcube.shop\/hu\/termek\/alfa-hangyak-mini-korong-magnes-kerek\/","title":{"rendered":"Alpha Ants mini lemezes m\u00e1gnes - kerek"},"content":{"rendered":"<p><strong>Le\u00edr\u00e1s:<\/strong> Ismer\u0151s a probl\u00e9ma: a hangy\u00e1k megint \u00f6sszevissza csin\u00e1lt\u00e1k a f\u00e9szekben l\u00e9v\u0151 \u00fcvegeket, vagy homokkal bor\u00edtott\u00e1k be \u0151ket? Ezekkel a 10x10x4 mm-es \u00e9s 4x4x2 mm-es kis mini korongm\u00e1gnesekkel ism\u00e9t kitiszt\u00edthatja az akv\u00e1rium j\u00e1ratait \u00e9s kamr\u00e1it.<\/p>\n<p>Ezek extra er\u0151s min\u0151s\u00e9gi m\u00e1gnesek. A kis tiszt\u00edt\u00f3m\u00e1gnest egy vezet\u0151m\u00e1gnes seg\u00edts\u00e9g\u00e9vel mozgathatja a formik\u00e1riumban, \u00e9s bel\u00fclr\u0151l tiszt\u00edthatja meg a piszkos \u00fcvegeket.<\/p>\n<p><strong>Megjegyz\u00e9s:<\/strong> Ne hagyja, hogy a m\u00e1gnesek \u00f6ssze\u00fctk\u00f6zzenek (\u00fctk\u00f6zzenek), mivel t\u00f6r\u00e9kenyek.<\/p>\n<p><strong>Tartalom:<\/strong> 2x filccel bevont extra er\u0151s lemezes m\u00e1gnes.<\/p>","protected":false},"excerpt":{"rendered":"<p>Le\u00edr\u00e1s: Ismer\u0151s a probl\u00e9ma: a hangy\u00e1k megint \u00f6sszevissza csin\u00e1lt\u00e1k a f\u00e9szekben l\u00e9v\u0151 \u00fcvegeket, vagy homokkal bor\u00edtott\u00e1k be \u0151ket? Ezekkel a 10x10x4 mm-es \u00e9s 4x4x2 mm-es kis mini korongm\u00e1gnesekkel ism\u00e9t kitakar\u00edthatja az akv\u00e1rium j\u00e1ratait \u00e9s kamr\u00e1it. Ezek extra er\u0151s min\u0151s\u00e9gi m\u00e1gnesek. \u00d6n","protected":false},"featured_media":9810,"comment_status":"open","ping_status":"closed","template":"","meta":{"_acf_changed":false,"content-type":"","_monsterinsights_skip_tracking":false,"_monsterinsights_sitenote_active":false,"_monsterinsights_sitenote_note":"","_monsterinsights_sitenote_category":0},"product_brand":[],"product_cat":[237],"product_tag":[],"class_list":{"0":"post-9329","1":"product","2":"type-product","3":"status-publish","4":"has-post-thumbnail","6":"product_cat-tools","8":"first","9":"instock","10":"taxable","11":"shipping-taxable","12":"purchasable","13":"product-type-simple"},"acf":[],"aioseo_notices":[],"jetpack_sharing_enabled":true,"_links":{"self":[{"href":"https:\/\/antcube.shop\/hu\/wp-json\/wp\/v2\/product\/9329","targetHints":{"allow":["GET"]}}],"collection":[{"href":"https:\/\/antcube.shop\/hu\/wp-json\/wp\/v2\/product"}],"about":[{"href":"https:\/\/antcube.shop\/hu\/wp-json\/wp\/v2\/types\/product"}],"replies":[{"embeddable":true,"href":"https:\/\/antcube.shop\/hu\/wp-json\/wp\/v2\/comments?post=9329"}],"wp:featuredmedia":[{"embeddable":true,"href":"https:\/\/antcube.shop\/hu\/wp-json\/wp\/v2\/media\/9810"}],"wp:attachment":[{"href":"https:\/\/antcube.shop\/hu\/wp-json\/wp\/v2\/media?parent=9329"}],"wp:term":[{"taxonomy":"product_brand","embeddable":true,"href":"https:\/\/antcube.shop\/hu\/wp-json\/wp\/v2\/product_brand?post=9329"},{"taxonomy":"product_cat","embeddable":true,"href":"https:\/\/antcube.shop\/hu\/wp-json\/wp\/v2\/product_cat?post=9329"},{"taxonomy":"product_tag","embeddable":true,"href":"https:\/\/antcube.shop\/hu\/wp-json\/wp\/v2\/product_tag?post=9329"}],"curies":[{"name":"wp","href":"https:\/\/api.w.org\/{rel}","templated":true}]}}