{"id":9325,"date":"2024-09-17T16:17:10","date_gmt":"2024-09-17T14:17:10","guid":{"rendered":"https:\/\/antcube.shop\/en\/product\/wattestabchen-wa-1-i-100-stuck\/"},"modified":"2026-03-25T09:38:50","modified_gmt":"2026-03-25T08:38:50","slug":"vattapamacs-wa-1-i-100-darab","status":"publish","type":"product","link":"https:\/\/antcube.shop\/hu\/termek\/vattapamacs-wa-1-i-100-darab\/","title":{"rendered":"Vattapamacs WA 1-I - 100 darab"},"content":{"rendered":"<p><strong>Le\u00edr\u00e1s:<\/strong> Ezek a 150 mm hossz\u00fa vattapamacsok alkalmasak f\u00e9szekcs\u00f6vek vagy m\u00e1s nehezen hozz\u00e1f\u00e9rhet\u0151 ter\u00fcletek tiszt\u00edt\u00e1s\u00e1ra.<\/p>","protected":false},"excerpt":{"rendered":"<p>Le\u00edr\u00e1s: Ezek a 150 mm hossz\u00fa vattapamacsok alkalmasak f\u00e9szekcs\u00f6vek vagy m\u00e1s nehezen hozz\u00e1f\u00e9rhet\u0151 ter\u00fcletek tiszt\u00edt\u00e1s\u00e1ra.<\/p>","protected":false},"featured_media":9818,"comment_status":"open","ping_status":"closed","template":"","meta":{"_acf_changed":false,"content-type":"","_monsterinsights_skip_tracking":false,"_monsterinsights_sitenote_active":false,"_monsterinsights_sitenote_note":"","_monsterinsights_sitenote_category":0},"product_brand":[],"product_cat":[237],"product_tag":[],"class_list":{"0":"post-9325","1":"product","2":"type-product","3":"status-publish","4":"has-post-thumbnail","6":"product_cat-tools","8":"first","9":"instock","10":"taxable","11":"shipping-taxable","12":"purchasable","13":"product-type-simple"},"acf":[],"aioseo_notices":[],"jetpack_sharing_enabled":true,"_links":{"self":[{"href":"https:\/\/antcube.shop\/hu\/wp-json\/wp\/v2\/product\/9325","targetHints":{"allow":["GET"]}}],"collection":[{"href":"https:\/\/antcube.shop\/hu\/wp-json\/wp\/v2\/product"}],"about":[{"href":"https:\/\/antcube.shop\/hu\/wp-json\/wp\/v2\/types\/product"}],"replies":[{"embeddable":true,"href":"https:\/\/antcube.shop\/hu\/wp-json\/wp\/v2\/comments?post=9325"}],"wp:featuredmedia":[{"embeddable":true,"href":"https:\/\/antcube.shop\/hu\/wp-json\/wp\/v2\/media\/9818"}],"wp:attachment":[{"href":"https:\/\/antcube.shop\/hu\/wp-json\/wp\/v2\/media?parent=9325"}],"wp:term":[{"taxonomy":"product_brand","embeddable":true,"href":"https:\/\/antcube.shop\/hu\/wp-json\/wp\/v2\/product_brand?post=9325"},{"taxonomy":"product_cat","embeddable":true,"href":"https:\/\/antcube.shop\/hu\/wp-json\/wp\/v2\/product_cat?post=9325"},{"taxonomy":"product_tag","embeddable":true,"href":"https:\/\/antcube.shop\/hu\/wp-json\/wp\/v2\/product_tag?post=9325"}],"curies":[{"name":"wp","href":"https:\/\/api.w.org\/{rel}","templated":true}]}}