{"id":9324,"date":"2024-09-17T16:16:50","date_gmt":"2024-09-17T14:16:50","guid":{"rendered":"https:\/\/antcube.shop\/en\/product\/schaumstoffstabchen-pp-groser-kopf-25-stuck\/"},"modified":"2026-04-02T14:32:43","modified_gmt":"2026-04-02T12:32:43","slug":"schaumstoffstabchen-pp-groser-kopf-25-stuck","status":"publish","type":"product","link":"https:\/\/antcube.shop\/hu\/termek\/schaumstoffstabchen-pp-groser-kopf-25-stuck\/","title":{"rendered":"PP habszivacs p\u00e1lcik\u00e1k - nagy fej - 25 darab"},"content":{"rendered":"<p><strong>M\u00e9retek:<\/strong> 150mm hossz\u00fa, fej 10mm sz\u00e9les<\/p>\n<p><strong>Mennyis\u00e9g:<\/strong> 25 db.<\/p>\n<p><strong>Anyag:<\/strong> Hab, PP<\/p>\n<p><strong>Le\u00edr\u00e1s:<\/strong><br \/>\nP\u00e9ld\u00e1ul a k\u00e9mcs\u00f6vek tiszt\u00edt\u00e1s\u00e1ra szolg\u00e1l\u00f3 habp\u00e1lcik\u00e1k.<\/p>","protected":false},"excerpt":{"rendered":"<p>25 db.<\/p>","protected":false},"featured_media":9820,"comment_status":"open","ping_status":"closed","template":"","meta":{"_acf_changed":false,"content-type":"","_monsterinsights_skip_tracking":false,"_monsterinsights_sitenote_active":false,"_monsterinsights_sitenote_note":"","_monsterinsights_sitenote_category":0},"product_brand":[],"product_cat":[237],"product_tag":[],"class_list":{"0":"post-9324","1":"product","2":"type-product","3":"status-publish","4":"has-post-thumbnail","6":"product_cat-tools","8":"first","9":"instock","10":"taxable","11":"shipping-taxable","12":"purchasable","13":"product-type-simple"},"acf":[],"aioseo_notices":[],"jetpack_sharing_enabled":true,"_links":{"self":[{"href":"https:\/\/antcube.shop\/hu\/wp-json\/wp\/v2\/product\/9324","targetHints":{"allow":["GET"]}}],"collection":[{"href":"https:\/\/antcube.shop\/hu\/wp-json\/wp\/v2\/product"}],"about":[{"href":"https:\/\/antcube.shop\/hu\/wp-json\/wp\/v2\/types\/product"}],"replies":[{"embeddable":true,"href":"https:\/\/antcube.shop\/hu\/wp-json\/wp\/v2\/comments?post=9324"}],"wp:featuredmedia":[{"embeddable":true,"href":"https:\/\/antcube.shop\/hu\/wp-json\/wp\/v2\/media\/9820"}],"wp:attachment":[{"href":"https:\/\/antcube.shop\/hu\/wp-json\/wp\/v2\/media?parent=9324"}],"wp:term":[{"taxonomy":"product_brand","embeddable":true,"href":"https:\/\/antcube.shop\/hu\/wp-json\/wp\/v2\/product_brand?post=9324"},{"taxonomy":"product_cat","embeddable":true,"href":"https:\/\/antcube.shop\/hu\/wp-json\/wp\/v2\/product_cat?post=9324"},{"taxonomy":"product_tag","embeddable":true,"href":"https:\/\/antcube.shop\/hu\/wp-json\/wp\/v2\/product_tag?post=9324"}],"curies":[{"name":"wp","href":"https:\/\/api.w.org\/{rel}","templated":true}]}}